{"id":733972,"date":"2025-08-27T22:19:51","date_gmt":"2025-08-27T19:19:51","guid":{"rendered":"https:\/\/roveyayinevi.com.tr\/index.php\/urun\/gunese-asik-olan-adam\/"},"modified":"2026-04-16T02:41:40","modified_gmt":"2026-04-15T23:41:40","slug":"gunese-asik-olan-adam","status":"publish","type":"product","link":"https:\/\/roveyayinevi.com.tr\/index.php\/urun\/gunese-asik-olan-adam\/","title":{"rendered":"G\u00fcne\u015fe A\u015f\u0131k Olan Adam"},"content":{"rendered":"<p>Onu g\u00f6rd\u00fc\u011f\u00fcm andan itibaren, sonu ve amac\u0131 olmayan bir yolday\u0131m. Y\u00fcre\u011fimde ona kar\u015f\u0131 hissetti\u011fim duygularla sonsuz ve onsuz bir \u015fekilde y\u00fcr\u00fcyorum. Kalp k\u0131r\u0131kl\u0131klar\u0131m beni susat\u0131yor ama vazge\u00e7miyorum. Ben Zeynep, size nas\u0131l sevdi\u011fimi anlat\u0131yorum. K\u00fcbra \u00d6z\u00e7elik, G\u00fcne\u015fe \u00c2\u015f\u0131k Olan Adam\u2019da \u00e7a\u011f dinlemeyen bir sevday\u0131, \u201c\u00d6nemli olan yolun nereye gitti\u011fi de\u011fil, yolda olmakt\u0131r,\u201d felsefesiyle anlat\u0131yor. T\u00fcm okuyucular\u0131, yorgunluk, hastal\u0131k, kalp k\u0131r\u0131kl\u0131\u011f\u0131 dinlemeden devam ettirilen bir a\u015fka ve hayrete d\u00fc\u015f\u00fcren bir \u00e7abaya davet ediyor. Kimi zaman \u015fa\u015fk\u0131nl\u0131kla kimi zaman da k\u0131zg\u0131nl\u0131kla \u015fahidi olaca\u011f\u0131n\u0131z bu a\u015fk, yolcunun yola olan sevgisini g\u00f6zler \u00f6n\u00fcne seriyor. <\/p>\n","protected":false},"excerpt":{"rendered":"<p>Onu g\u00f6rd\u00fc\u011f\u00fcm andan itibaren, sonu ve amac\u0131 olmayan bir yolday\u0131m. Y\u00fcre\u011fimde ona kar\u015f\u0131 hissetti\u011fim duygularla sonsuz ve onsuz bir \u015fekilde y\u00fcr\u00fcyorum. Kalp k\u0131r\u0131kl\u0131klar\u0131m beni susat\u0131yor ama<span class=\"excerpt-hellip\"> [\u2026]<\/span><\/p>\n","protected":false},"featured_media":0,"template":"","meta":{"_monsterinsights_skip_tracking":false,"_monsterinsights_sitenote_active":false,"_monsterinsights_sitenote_note":"","_monsterinsights_sitenote_category":0},"product_brand":[],"product_cat":[12291,12711],"product_tag":[],"class_list":{"0":"post-733972","1":"product","2":"type-product","3":"status-publish","5":"product_cat-edebiyat","6":"product_cat-roman-oyku","7":"pa_cilt-ciltsiz","8":"pa_tur-kitap","9":"pa_yayinevi-luna-yayinlari","10":"pa_yazar-kubra-ozcelik","12":"first","13":"instock","14":"sale","15":"shipping-taxable","16":"purchasable","17":"product-type-simple"},"_links":{"self":[{"href":"https:\/\/roveyayinevi.com.tr\/index.php\/wp-json\/wp\/v2\/product\/733972","targetHints":{"allow":["GET"]}}],"collection":[{"href":"https:\/\/roveyayinevi.com.tr\/index.php\/wp-json\/wp\/v2\/product"}],"about":[{"href":"https:\/\/roveyayinevi.com.tr\/index.php\/wp-json\/wp\/v2\/types\/product"}],"wp:attachment":[{"href":"https:\/\/roveyayinevi.com.tr\/index.php\/wp-json\/wp\/v2\/media?parent=733972"}],"wp:term":[{"taxonomy":"product_brand","embeddable":true,"href":"https:\/\/roveyayinevi.com.tr\/index.php\/wp-json\/wp\/v2\/product_brand?post=733972"},{"taxonomy":"product_cat","embeddable":true,"href":"https:\/\/roveyayinevi.com.tr\/index.php\/wp-json\/wp\/v2\/product_cat?post=733972"},{"taxonomy":"product_tag","embeddable":true,"href":"https:\/\/roveyayinevi.com.tr\/index.php\/wp-json\/wp\/v2\/product_tag?post=733972"}],"curies":[{"name":"wp","href":"https:\/\/api.w.org\/{rel}","templated":true}]}}