{"id":733971,"date":"2025-08-27T22:19:50","date_gmt":"2025-08-27T19:19:50","guid":{"rendered":"https:\/\/roveyayinevi.com.tr\/index.php\/urun\/bir-ketum-virali\/"},"modified":"2026-04-16T02:41:40","modified_gmt":"2026-04-15T23:41:40","slug":"bir-ketum-virali","status":"publish","type":"product","link":"https:\/\/roveyayinevi.com.tr\/index.php\/urun\/bir-ketum-virali\/","title":{"rendered":"Bir Ketum Virali"},"content":{"rendered":"<p>Her mektup okunacak de\u011fil ya \u0130ki \u015fey s\u00f6yleyip gidece\u011fim Alfia Birini anlayacaks\u0131n eminim \u00d6tekini belki y\u0131llar sonra   Her insan ya\u015fayacak de\u011fil Alfia \u0130ki \u00f6m\u00fcr verece\u011fim sana Birini t\u00fcketeceksin eminim \u00d6tekini vermekten vazge\u00e7ece\u011fim sonra <\/p>\n","protected":false},"excerpt":{"rendered":"<p>Her mektup okunacak de\u011fil ya \u0130ki \u015fey s\u00f6yleyip gidece\u011fim Alfia Birini anlayacaks\u0131n eminim \u00d6tekini belki y\u0131llar sonra Her insan ya\u015fayacak de\u011fil Alfia \u0130ki \u00f6m\u00fcr verece\u011fim sana<span class=\"excerpt-hellip\"> [\u2026]<\/span><\/p>\n","protected":false},"featured_media":0,"template":"","meta":{"_monsterinsights_skip_tracking":false,"_monsterinsights_sitenote_active":false,"_monsterinsights_sitenote_note":"","_monsterinsights_sitenote_category":0},"product_brand":[],"product_cat":[12291,12509],"product_tag":[],"class_list":{"0":"post-733971","1":"product","2":"type-product","3":"status-publish","5":"product_cat-edebiyat","6":"product_cat-siir","7":"pa_cilt-ciltsiz","8":"pa_tur-kitap","9":"pa_yayinevi-luna-yayinlari","10":"pa_yazar-ekber-ipek","12":"first","13":"instock","14":"sale","15":"shipping-taxable","16":"purchasable","17":"product-type-simple"},"_links":{"self":[{"href":"https:\/\/roveyayinevi.com.tr\/index.php\/wp-json\/wp\/v2\/product\/733971","targetHints":{"allow":["GET"]}}],"collection":[{"href":"https:\/\/roveyayinevi.com.tr\/index.php\/wp-json\/wp\/v2\/product"}],"about":[{"href":"https:\/\/roveyayinevi.com.tr\/index.php\/wp-json\/wp\/v2\/types\/product"}],"wp:attachment":[{"href":"https:\/\/roveyayinevi.com.tr\/index.php\/wp-json\/wp\/v2\/media?parent=733971"}],"wp:term":[{"taxonomy":"product_brand","embeddable":true,"href":"https:\/\/roveyayinevi.com.tr\/index.php\/wp-json\/wp\/v2\/product_brand?post=733971"},{"taxonomy":"product_cat","embeddable":true,"href":"https:\/\/roveyayinevi.com.tr\/index.php\/wp-json\/wp\/v2\/product_cat?post=733971"},{"taxonomy":"product_tag","embeddable":true,"href":"https:\/\/roveyayinevi.com.tr\/index.php\/wp-json\/wp\/v2\/product_tag?post=733971"}],"curies":[{"name":"wp","href":"https:\/\/api.w.org\/{rel}","templated":true}]}}