{"id":733965,"date":"2025-08-27T22:19:43","date_gmt":"2025-08-27T19:19:43","guid":{"rendered":"https:\/\/roveyayinevi.com.tr\/index.php\/urun\/asi-olmak-cok-havali\/"},"modified":"2025-11-21T07:12:24","modified_gmt":"2025-11-21T04:12:24","slug":"asi-olmak-cok-havali","status":"publish","type":"product","link":"https:\/\/roveyayinevi.com.tr\/index.php\/urun\/asi-olmak-cok-havali\/","title":{"rendered":"A\u015f\u0131 Olmak \u00c7ok Haval\u0131"},"content":{"rendered":"<p>A\u015f\u0131lar\u0131n ne i\u015fe yarad\u0131\u011f\u0131n\u0131 biliyor musun? Yan\u0131t\u0131 i\u015fte bu harika kitapta! Bu kitab\u0131 okurken, hastaland\u0131\u011f\u0131nda v\u00fccudunda neler oldu\u011funu ke\u015ffedecek, vir\u00fcslerle bakteriler aras\u0131ndaki fark\u0131 anlayacak, onlarla nas\u0131l sava\u015faca\u011f\u0131n\u0131 bulacak ve onlar\u0131 YENECEKS\u0130N! Her sayfada kar\u015f\u0131la\u015faca\u011f\u0131n birbirinden e\u011flenceli etkinlikleri yaparken hastal\u0131klardan korunman\u0131n en iyi yollar\u0131n\u0131 ve her zaman sa\u011fl\u0131kl\u0131 kalman\u0131n s\u0131rlar\u0131n\u0131 \u00f6\u011freneceksin! <\/p>\n","protected":false},"excerpt":{"rendered":"<p>A\u015f\u0131lar\u0131n ne i\u015fe yarad\u0131\u011f\u0131n\u0131 biliyor musun? Yan\u0131t\u0131 i\u015fte bu harika kitapta! Bu kitab\u0131 okurken, hastaland\u0131\u011f\u0131nda v\u00fccudunda neler oldu\u011funu ke\u015ffedecek, vir\u00fcslerle bakteriler aras\u0131ndaki fark\u0131 anlayacak, onlarla nas\u0131l<span class=\"excerpt-hellip\"> [\u2026]<\/span><\/p>\n","protected":false},"featured_media":0,"template":"","meta":{"_monsterinsights_skip_tracking":false,"_monsterinsights_sitenote_active":false,"_monsterinsights_sitenote_note":"","_monsterinsights_sitenote_category":0},"product_brand":[],"product_cat":[12275,12274],"product_tag":[],"class_list":{"0":"post-733965","1":"product","2":"type-product","3":"status-publish","5":"product_cat-6-12-yas-kitaplari","6":"product_cat-cocuk-ve-genclik-kitaplari","7":"pa_cilt-ciltsiz","8":"pa_tur-kitap","9":"pa_yayinevi-dogan-egmont-yayincilik","10":"pa_yazar-carme-dolz-esther-mendez","12":"first","13":"instock","14":"sale","15":"shipping-taxable","16":"purchasable","17":"product-type-simple"},"_links":{"self":[{"href":"https:\/\/roveyayinevi.com.tr\/index.php\/wp-json\/wp\/v2\/product\/733965","targetHints":{"allow":["GET"]}}],"collection":[{"href":"https:\/\/roveyayinevi.com.tr\/index.php\/wp-json\/wp\/v2\/product"}],"about":[{"href":"https:\/\/roveyayinevi.com.tr\/index.php\/wp-json\/wp\/v2\/types\/product"}],"wp:attachment":[{"href":"https:\/\/roveyayinevi.com.tr\/index.php\/wp-json\/wp\/v2\/media?parent=733965"}],"wp:term":[{"taxonomy":"product_brand","embeddable":true,"href":"https:\/\/roveyayinevi.com.tr\/index.php\/wp-json\/wp\/v2\/product_brand?post=733965"},{"taxonomy":"product_cat","embeddable":true,"href":"https:\/\/roveyayinevi.com.tr\/index.php\/wp-json\/wp\/v2\/product_cat?post=733965"},{"taxonomy":"product_tag","embeddable":true,"href":"https:\/\/roveyayinevi.com.tr\/index.php\/wp-json\/wp\/v2\/product_tag?post=733965"}],"curies":[{"name":"wp","href":"https:\/\/api.w.org\/{rel}","templated":true}]}}