{"id":733964,"date":"2025-08-27T22:19:42","date_gmt":"2025-08-27T19:19:42","guid":{"rendered":"https:\/\/roveyayinevi.com.tr\/index.php\/urun\/yildiz-muhendisi-ara\/"},"modified":"2026-04-16T02:41:40","modified_gmt":"2026-04-15T23:41:40","slug":"yildiz-muhendisi-ara","status":"publish","type":"product","link":"https:\/\/roveyayinevi.com.tr\/index.php\/urun\/yildiz-muhendisi-ara\/","title":{"rendered":"Y\u0131ld\u0131z M\u00fchendisi Ara"},"content":{"rendered":"<p>K\u00fc\u00e7\u00fck bir k\u0131z, b\u00fcy\u00fck bir problemi \u00e7\u00f6zmek i\u00e7in azmini ve zek\u00e2s\u0131n\u0131 kullan\u0131r.   Ara, say\u0131lar\u0131 seviyor, B\u00dcY\u00dcK say\u0131lar\u0131! G\u00f6ky\u00fcz\u00fcndeki b\u00fct\u00fcn y\u0131ld\u0131zlar\u0131 saymak i\u00e7in insans\u0131 robotu DiDi\u2019yi programlamak istiyor  ama nas\u0131l yapaca\u011f\u0131n\u0131 bilmiyor. Ara, bu heyecanl\u0131 macerada \u0130novasyon Merkezi\u2019ni ziyaret ederek Google\u2019\u0131n ilham verici teknoloji \u00f6nc\u00fcs\u00fc d\u00f6rt kad\u0131n m\u00fchendisinden yard\u0131m al\u0131yor. Ara, yeni arkada\u015flar\u0131yla birlikte, B\u00dcY\u00dcK problemleri \u00e7\u00f6zebilece\u011fi algoritmay\u0131; cesareti, yarat\u0131c\u0131l\u0131\u011f\u0131, programlamay\u0131 ve i\u015fbirli\u011fini ke\u015ffediyor!  Ger\u00e7ek hayattaki s\u00fcper kahraman m\u00fchendislerle tan\u0131\u015f! <\/p>\n","protected":false},"excerpt":{"rendered":"<p>K\u00fc\u00e7\u00fck bir k\u0131z, b\u00fcy\u00fck bir problemi \u00e7\u00f6zmek i\u00e7in azmini ve zek\u00e2s\u0131n\u0131 kullan\u0131r. Ara, say\u0131lar\u0131 seviyor, B\u00dcY\u00dcK say\u0131lar\u0131! G\u00f6ky\u00fcz\u00fcndeki b\u00fct\u00fcn y\u0131ld\u0131zlar\u0131 saymak i\u00e7in insans\u0131 robotu DiDi\u2019yi programlamak<span class=\"excerpt-hellip\"> [\u2026]<\/span><\/p>\n","protected":false},"featured_media":0,"template":"","meta":{"_monsterinsights_skip_tracking":false,"_monsterinsights_sitenote_active":false,"_monsterinsights_sitenote_note":"","_monsterinsights_sitenote_category":0},"product_brand":[],"product_cat":[12275,12274],"product_tag":[],"class_list":{"0":"post-733964","1":"product","2":"type-product","3":"status-publish","5":"product_cat-6-12-yas-kitaplari","6":"product_cat-cocuk-ve-genclik-kitaplari","7":"pa_cilt-ciltsiz","8":"pa_tur-kitap","9":"pa_yayinevi-dogan-egmont-yayincilik","10":"pa_yazar-komal-singh","12":"first","13":"instock","14":"sale","15":"shipping-taxable","16":"purchasable","17":"product-type-simple"},"_links":{"self":[{"href":"https:\/\/roveyayinevi.com.tr\/index.php\/wp-json\/wp\/v2\/product\/733964","targetHints":{"allow":["GET"]}}],"collection":[{"href":"https:\/\/roveyayinevi.com.tr\/index.php\/wp-json\/wp\/v2\/product"}],"about":[{"href":"https:\/\/roveyayinevi.com.tr\/index.php\/wp-json\/wp\/v2\/types\/product"}],"wp:attachment":[{"href":"https:\/\/roveyayinevi.com.tr\/index.php\/wp-json\/wp\/v2\/media?parent=733964"}],"wp:term":[{"taxonomy":"product_brand","embeddable":true,"href":"https:\/\/roveyayinevi.com.tr\/index.php\/wp-json\/wp\/v2\/product_brand?post=733964"},{"taxonomy":"product_cat","embeddable":true,"href":"https:\/\/roveyayinevi.com.tr\/index.php\/wp-json\/wp\/v2\/product_cat?post=733964"},{"taxonomy":"product_tag","embeddable":true,"href":"https:\/\/roveyayinevi.com.tr\/index.php\/wp-json\/wp\/v2\/product_tag?post=733964"}],"curies":[{"name":"wp","href":"https:\/\/api.w.org\/{rel}","templated":true}]}}