{"id":733962,"date":"2025-08-27T22:19:40","date_gmt":"2025-08-27T19:19:40","guid":{"rendered":"https:\/\/roveyayinevi.com.tr\/index.php\/urun\/kiki-ve-mohan-zortorellaya-karsi\/"},"modified":"2025-11-21T07:12:23","modified_gmt":"2025-11-21T04:12:23","slug":"kiki-ve-mohan-zortorellaya-karsi","status":"publish","type":"product","link":"https:\/\/roveyayinevi.com.tr\/index.php\/urun\/kiki-ve-mohan-zortorellaya-karsi\/","title":{"rendered":"Kiki ve Mohan Zortorella&#8217;ya Kar\u015f\u0131"},"content":{"rendered":"<p>\u0130\u015fte kar\u015f\u0131n\u0131zda muhte\u015fem \u00fc\u00e7l\u00fc! Kiki, Mohan ve Murti! \u00c7ok sevece\u011fin bu \u00fc\u00e7 kahraman, bir yandan okuldaki zorbalarla bir yandan da g\u00fczelim d\u00fcnyam\u0131z\u0131 mahvetmeye \u00e7al\u0131\u015fanlarla amans\u0131z bir m\u00fccadeleye giri\u015fiyor. Hainler haini Zortorella ve yard\u0131mc\u0131s\u0131 Ezik \u00c7\u00f6mez iklim krizini h\u0131zland\u0131r\u0131p d\u00fcnyan\u0131n sonunu getirme planlar\u0131 yaparken bu \u00fc\u00e7l\u00fcy\u00fc hesaba katmad\u0131klar\u0131 i\u00e7in \u00e7ok pi\u015fman olacaklar! Bu kitap Birle\u015fmi\u015f Milletler\u2019in belirledi\u011fi S\u00fcrd\u00fcr\u00fclebilir Kalk\u0131nma Ama\u00e7lar\u0131 esas al\u0131narak haz\u0131rland\u0131. Tabii bir de bol bol e\u011flenmek i\u00e7in! Haydi sen de iklim krizine kar\u015f\u0131 #hareketege\u00e7 <\/p>\n","protected":false},"excerpt":{"rendered":"<p>\u0130\u015fte kar\u015f\u0131n\u0131zda muhte\u015fem \u00fc\u00e7l\u00fc! Kiki, Mohan ve Murti! \u00c7ok sevece\u011fin bu \u00fc\u00e7 kahraman, bir yandan okuldaki zorbalarla bir yandan da g\u00fczelim d\u00fcnyam\u0131z\u0131 mahvetmeye \u00e7al\u0131\u015fanlarla amans\u0131z bir<span class=\"excerpt-hellip\"> [\u2026]<\/span><\/p>\n","protected":false},"featured_media":0,"template":"","meta":{"_monsterinsights_skip_tracking":false,"_monsterinsights_sitenote_active":false,"_monsterinsights_sitenote_note":"","_monsterinsights_sitenote_category":0},"product_brand":[],"product_cat":[12275,12274],"product_tag":[],"class_list":{"0":"post-733962","1":"product","2":"type-product","3":"status-publish","5":"product_cat-6-12-yas-kitaplari","6":"product_cat-cocuk-ve-genclik-kitaplari","7":"pa_cilt-ciltsiz","8":"pa_tur-kitap","9":"pa_yayinevi-dogan-egmont-yayincilik","10":"pa_yazar-ayse-yorgancioglu","12":"first","13":"instock","14":"sale","15":"shipping-taxable","16":"purchasable","17":"product-type-simple"},"_links":{"self":[{"href":"https:\/\/roveyayinevi.com.tr\/index.php\/wp-json\/wp\/v2\/product\/733962","targetHints":{"allow":["GET"]}}],"collection":[{"href":"https:\/\/roveyayinevi.com.tr\/index.php\/wp-json\/wp\/v2\/product"}],"about":[{"href":"https:\/\/roveyayinevi.com.tr\/index.php\/wp-json\/wp\/v2\/types\/product"}],"wp:attachment":[{"href":"https:\/\/roveyayinevi.com.tr\/index.php\/wp-json\/wp\/v2\/media?parent=733962"}],"wp:term":[{"taxonomy":"product_brand","embeddable":true,"href":"https:\/\/roveyayinevi.com.tr\/index.php\/wp-json\/wp\/v2\/product_brand?post=733962"},{"taxonomy":"product_cat","embeddable":true,"href":"https:\/\/roveyayinevi.com.tr\/index.php\/wp-json\/wp\/v2\/product_cat?post=733962"},{"taxonomy":"product_tag","embeddable":true,"href":"https:\/\/roveyayinevi.com.tr\/index.php\/wp-json\/wp\/v2\/product_tag?post=733962"}],"curies":[{"name":"wp","href":"https:\/\/api.w.org\/{rel}","templated":true}]}}