{"id":733961,"date":"2025-08-27T22:19:39","date_gmt":"2025-08-27T19:19:39","guid":{"rendered":"https:\/\/roveyayinevi.com.tr\/index.php\/urun\/q-bebek-kavram-gelisimi\/"},"modified":"2026-03-05T03:05:19","modified_gmt":"2026-03-05T00:05:19","slug":"q-bebek-kavram-gelisimi","status":"publish","type":"product","link":"https:\/\/roveyayinevi.com.tr\/index.php\/urun\/q-bebek-kavram-gelisimi\/","title":{"rendered":"Q Bebek Kavram Geli\u015fimi"},"content":{"rendered":"<p>*Kitab\u0131m\u0131z\u0131 kullan\u0131rken \u00f6ncelikle bebe\u011finize resimlerde bulunan nesneleri, hayvanlar\u0131, ta\u015f\u0131tlar\u0131 vb. tan\u0131t\u0131n ve bunlar hakk\u0131nda konu\u015fmaya te\u015fvik edin.*\u00d6ncelikle anlamas\u0131n\u0131, daha sonra s\u00f6ylemesini ve g\u00f6stermesini sa\u011flay\u0131n. Resimlerdeki s\u0131ralamalara uymaya \u00e7al\u0131\u015f\u0131n.*Kitab\u0131 sayfa s\u0131ras\u0131 ile takip edin. Sayfadaki etkinli\u011fi yap\u0131p kavram\u0131 \u00f6\u011frendikten sonra di\u011fer sayfaya ge\u00e7in.*G\u00fcn i\u00e7inde 1 ya da 2 sayfay\u0131 a\u015fmamaya \u00e7al\u0131\u015f\u0131n. Ve farkl\u0131 zamanlarda \u00e7al\u0131\u015fm\u0131\u015f oldu\u011funuz sayfalara geri d\u00f6n\u00fcp tekrarlar yaparak bilginin peki\u015fmesini sa\u011flay\u0131n.*Kullanm\u0131\u015f oldu\u011fu kelimeleri do\u011fru olarak telaffuz etmesini sa\u011flay\u0131n ve yanl\u0131\u015f telaffuzlar\u0131 desteklemeyin.*Bebe\u011finiz ile s\u00fcrekli ileti\u015fim i\u00e7inde olun.*Birlikte d\u0131\u015far\u0131 \u00e7\u0131k\u0131n ve g\u00f6rd\u00fckleriniz hakk\u0131nda konu\u015fun.*Bebe\u011finiz ile birlikte \u015fark\u0131 s\u00f6yleyerek dans edin.*Bebe\u011finizi uzmanlar\u0131n tavsiyeleri uyar\u0131nca ekranlardan (tv, tablet, telefon) m\u00fcmk\u00fcn oldu\u011funca uzak tutun.Kitab\u0131m\u0131zda bulunan kavramlar;Renkler, \u015fekiller, say\u0131lar, duygular, ek\u015fi-tatl\u0131, sert-yumu\u015fak, s\u0131cak-so\u011fuk, kokulu-kokusuz, b\u00fcy\u00fck-k\u00fc\u00e7\u00fck, uzun-k\u0131sa, ince-kal\u0131n, h\u0131zl\u0131-yava\u015f, zay\u0131f-\u015fi\u015fman, \u0131slak-kuru, kirli-temiz, eski-yeni, bo\u015f-dolu, a\u00e7\u0131k-kapal\u0131, bo\u015f-dolu, sa\u011f-sol, \u00f6n-arka, alt-\u00fcst, mevsimler, gece-g\u00fcnd\u00fcz, e\u015fle\u015ftirme, ili\u015fkilendirme, tamamlama, par\u00e7a b\u00fct\u00fcn, \u00f6nce-\u015fimdi, \u015fimdi-sonra, ayn\u0131-farkl\u0131, 5 duyu.<\/p>\n","protected":false},"excerpt":{"rendered":"<p>*Kitab\u0131m\u0131z\u0131 kullan\u0131rken \u00f6ncelikle bebe\u011finize resimlerde bulunan nesneleri, hayvanlar\u0131, ta\u015f\u0131tlar\u0131 vb. tan\u0131t\u0131n ve bunlar hakk\u0131nda konu\u015fmaya te\u015fvik edin.*\u00d6ncelikle anlamas\u0131n\u0131, daha sonra s\u00f6ylemesini ve g\u00f6stermesini sa\u011flay\u0131n. Resimlerdeki s\u0131ralamalara<span class=\"excerpt-hellip\"> [\u2026]<\/span><\/p>\n","protected":false},"featured_media":0,"template":"","meta":{"_monsterinsights_skip_tracking":false,"_monsterinsights_sitenote_active":false,"_monsterinsights_sitenote_note":"","_monsterinsights_sitenote_category":0},"product_brand":[],"product_cat":[12913,12274],"product_tag":[],"class_list":{"0":"post-733961","1":"product","2":"type-product","3":"status-publish","5":"product_cat-3-6-yas-kitaplari","6":"product_cat-cocuk-ve-genclik-kitaplari","7":"pa_cilt-ciltsiz","8":"pa_tur-kitap","9":"pa_yayinevi-q-bebek","10":"pa_yazar-q-bebek-kolektif","12":"first","13":"instock","14":"sale","15":"shipping-taxable","16":"purchasable","17":"product-type-simple"},"_links":{"self":[{"href":"https:\/\/roveyayinevi.com.tr\/index.php\/wp-json\/wp\/v2\/product\/733961","targetHints":{"allow":["GET"]}}],"collection":[{"href":"https:\/\/roveyayinevi.com.tr\/index.php\/wp-json\/wp\/v2\/product"}],"about":[{"href":"https:\/\/roveyayinevi.com.tr\/index.php\/wp-json\/wp\/v2\/types\/product"}],"wp:attachment":[{"href":"https:\/\/roveyayinevi.com.tr\/index.php\/wp-json\/wp\/v2\/media?parent=733961"}],"wp:term":[{"taxonomy":"product_brand","embeddable":true,"href":"https:\/\/roveyayinevi.com.tr\/index.php\/wp-json\/wp\/v2\/product_brand?post=733961"},{"taxonomy":"product_cat","embeddable":true,"href":"https:\/\/roveyayinevi.com.tr\/index.php\/wp-json\/wp\/v2\/product_cat?post=733961"},{"taxonomy":"product_tag","embeddable":true,"href":"https:\/\/roveyayinevi.com.tr\/index.php\/wp-json\/wp\/v2\/product_tag?post=733961"}],"curies":[{"name":"wp","href":"https:\/\/api.w.org\/{rel}","templated":true}]}}