{"id":733960,"date":"2025-08-27T22:19:38","date_gmt":"2025-08-27T19:19:38","guid":{"rendered":"https:\/\/roveyayinevi.com.tr\/index.php\/urun\/efes-ve-ion-kentleri-ingilizce\/"},"modified":"2026-04-16T02:41:40","modified_gmt":"2026-04-15T23:41:40","slug":"efes-ve-ion-kentleri-ingilizce","status":"publish","type":"product","link":"https:\/\/roveyayinevi.com.tr\/index.php\/urun\/efes-ve-ion-kentleri-ingilizce\/","title":{"rendered":"Efes ve \u0130on Kentleri (\u0130ngilizce)"},"content":{"rendered":"<p>Tarih\u00e7i Herodot\u2019un \u0130onia\u2019y\u0131 \u201c\u2026yery\u00fcz\u00fcnde bildi\u011fimiz en g\u00fczel g\u00f6ky\u00fcz\u00fc ve en g\u00fczel ikliminde\u2026\u201d olan yer betimlemesine b\u00f6lgeyi dola\u015fan her d\u00fcnya gezgini tan\u0131k olur. Bir \u0130on kenti olan Efes\u2019in, birlik i\u00e7inde yer ald\u0131\u011f\u0131 di\u011fer kom\u015fu \u0130on kentleriyle ticari, askeri, politik ve k\u00fclt\u00fcrel yak\u0131n ili\u015fkileri olmu\u015ftur. B\u00f6lgede meydana gelen olaylarda ortak yazg\u0131y\u0131 payla\u015fm\u0131\u015flard\u0131r. \u0130onia b\u00f6lgesinin yak\u0131ndan tan\u0131nmas\u0131 keyifli oldu\u011fu kadar Efes\u2019in daha iyi alg\u0131lanmas\u0131n\u0131 da sa\u011flayacakt\u0131r.Efes gezisinin ard\u0131ndan kuzeydo\u011fusundaki di\u011fer \u0130on kentleri Lebedos, Kolophon, Kolophon\u2019a ba\u011fl\u0131 geli\u015fen Klaros Apollon Bilicilik Merkezi, Teos, Klazomenai, Erythrai; sonradan \u0130on kenti olan Smyrna ve en kuzeydeki \u0130on kenti Phokaia; g\u00fcney yak\u0131n\u0131nda ise Priene, Milet, Myus ve Didim Tap\u0131na\u011f\u0131 rahat gezilebilecek uzakl\u0131ktad\u0131r. \u0130on kentlerinin yan\u0131 s\u0131ra kuzeydo\u011fuda \u0130on kenti Kolophon\u2019la yak\u0131n ili\u015fki i\u00e7inde olmu\u015f Aiol kenti Notion, Do\u011fanbey Burnu yak\u0131nlar\u0131nda S\u0131\u00e7an Adas\u0131\u2019nda bulunan Myonnesos, kuzeyde Torbal\u0131\u2019daki Metropolis kenti, g\u00fcneyde ise kaz\u0131larla g\u00fcn \u0131\u015f\u0131\u011f\u0131na \u00e7\u0131kar\u0131lm\u0131\u015f Magnesia antik yerle\u015fimi bu g\u00fczerg\u00e2h i\u00e7inde rahat ula\u015f\u0131lacak yerler aras\u0131nda oldu\u011fu i\u00e7in kitapta ayr\u0131ca yer verilmi\u015ftir.<\/p>\n","protected":false},"excerpt":{"rendered":"<p>Tarih\u00e7i Herodot\u2019un \u0130onia\u2019y\u0131 \u201c\u2026yery\u00fcz\u00fcnde bildi\u011fimiz en g\u00fczel g\u00f6ky\u00fcz\u00fc ve en g\u00fczel ikliminde\u2026\u201d olan yer betimlemesine b\u00f6lgeyi dola\u015fan her d\u00fcnya gezgini tan\u0131k olur. Bir \u0130on kenti olan<span class=\"excerpt-hellip\"> [\u2026]<\/span><\/p>\n","protected":false},"featured_media":0,"template":"","meta":{"_monsterinsights_skip_tracking":false,"_monsterinsights_sitenote_active":false,"_monsterinsights_sitenote_note":"","_monsterinsights_sitenote_category":0},"product_brand":[],"product_cat":[12534,12304],"product_tag":[],"class_list":{"0":"post-733960","1":"product","2":"type-product","3":"status-publish","5":"product_cat-referans-kitaplar","6":"product_cat-tarih","7":"pa_cilt-ciltsiz","8":"pa_tur-kitap","9":"pa_yayinevi-uranus","10":"pa_yazar-erdal-yazici","12":"first","13":"instock","14":"sale","15":"shipping-taxable","16":"purchasable","17":"product-type-simple"},"_links":{"self":[{"href":"https:\/\/roveyayinevi.com.tr\/index.php\/wp-json\/wp\/v2\/product\/733960","targetHints":{"allow":["GET"]}}],"collection":[{"href":"https:\/\/roveyayinevi.com.tr\/index.php\/wp-json\/wp\/v2\/product"}],"about":[{"href":"https:\/\/roveyayinevi.com.tr\/index.php\/wp-json\/wp\/v2\/types\/product"}],"wp:attachment":[{"href":"https:\/\/roveyayinevi.com.tr\/index.php\/wp-json\/wp\/v2\/media?parent=733960"}],"wp:term":[{"taxonomy":"product_brand","embeddable":true,"href":"https:\/\/roveyayinevi.com.tr\/index.php\/wp-json\/wp\/v2\/product_brand?post=733960"},{"taxonomy":"product_cat","embeddable":true,"href":"https:\/\/roveyayinevi.com.tr\/index.php\/wp-json\/wp\/v2\/product_cat?post=733960"},{"taxonomy":"product_tag","embeddable":true,"href":"https:\/\/roveyayinevi.com.tr\/index.php\/wp-json\/wp\/v2\/product_tag?post=733960"}],"curies":[{"name":"wp","href":"https:\/\/api.w.org\/{rel}","templated":true}]}}