{"id":733959,"date":"2025-08-27T22:19:37","date_gmt":"2025-08-27T19:19:37","guid":{"rendered":"https:\/\/roveyayinevi.com.tr\/index.php\/urun\/en-bastan-ebeveyn-olma-yolculugu\/"},"modified":"2026-04-16T02:41:40","modified_gmt":"2026-04-15T23:41:40","slug":"en-bastan-ebeveyn-olma-yolculugu","status":"publish","type":"product","link":"https:\/\/roveyayinevi.com.tr\/index.php\/urun\/en-bastan-ebeveyn-olma-yolculugu\/","title":{"rendered":"En Ba\u015ftan Ebeveyn Olma Yolculu\u011fu"},"content":{"rendered":"<p>\u201c\u00c7ocuk sahibi olma deneyimi, b\u00fcy\u00fcl\u00fc bir yolculuktur ve her ebeveynin, her bir \u00e7ocu\u011funu b\u00fcy\u00fctme yolculu\u011fu birbirinden farkl\u0131d\u0131r. Mutlu, huzurlu, sa\u011fl\u0131kl\u0131 bir birey yeti\u015ftirmenin tek bir do\u011fru yolu yoktur. Yolculu\u011funuz boyunca kimi zaman duraksay\u0131p dinlenmeniz, kimi zaman ba\u015fkalar\u0131na yol sorman\u0131z, kimi zaman geri d\u00f6n\u00fc\u015fler yaparak yeni yollar ke\u015ffetmeye \u00e7al\u0131\u015fman\u0131z olduk\u00e7a do\u011fald\u0131r. Unutmay\u0131n, \u00e7ocu\u011funuz her \u015feyden \u00f6nce sevgiyle b\u00fcy\u00fcr. Sevildi\u011fini bilen ve ebeveynlerine g\u00fcvenen her \u00e7ocuk, bu ser\u00fcvendeki ufak t\u00f6kezlemelerinize g\u00f6z yumabilir ve hatalar\u0131n telafisine olanak tan\u0131r. Siz de bu ke\u015fif ve \u00f6\u011frenme yolculu\u011fundan zevk almaya bak\u0131n.\u201d   Feriha Dildar, bu kitapla ebeveynleri ve ebeveyn adaylar\u0131n\u0131 bir yolculu\u011fa \u00e7\u0131kar\u0131yor. Yolculuk s\u0131ras\u0131nda altta yatan, hen\u00fcz dokunulmam\u0131\u015f duygulara odaklan\u0131rken kimi zaman da zorlay\u0131c\u0131 olabilen bu ser\u00fcveni zenginle\u015ftirici bir deneyime d\u00f6n\u00fc\u015ft\u00fcr\u00fcyor.  <\/p>\n","protected":false},"excerpt":{"rendered":"<p>\u201c\u00c7ocuk sahibi olma deneyimi, b\u00fcy\u00fcl\u00fc bir yolculuktur ve her ebeveynin, her bir \u00e7ocu\u011funu b\u00fcy\u00fctme yolculu\u011fu birbirinden farkl\u0131d\u0131r. Mutlu, huzurlu, sa\u011fl\u0131kl\u0131 bir birey yeti\u015ftirmenin tek bir do\u011fru<span class=\"excerpt-hellip\"> [\u2026]<\/span><\/p>\n","protected":false},"featured_media":0,"template":"","meta":{"_monsterinsights_skip_tracking":false,"_monsterinsights_sitenote_active":false,"_monsterinsights_sitenote_note":"","_monsterinsights_sitenote_category":0},"product_brand":[],"product_cat":[17996,12364],"product_tag":[],"class_list":{"0":"post-733959","1":"product","2":"type-product","3":"status-publish","5":"product_cat-ebeveyn-kitaplari","6":"product_cat-genel-konular","7":"pa_cilt-ciltsiz","8":"pa_tur-kitap","9":"pa_yayinevi-dogan-kitap","10":"pa_yazar-feriha-dildar","12":"first","13":"instock","14":"sale","15":"shipping-taxable","16":"purchasable","17":"product-type-simple"},"_links":{"self":[{"href":"https:\/\/roveyayinevi.com.tr\/index.php\/wp-json\/wp\/v2\/product\/733959","targetHints":{"allow":["GET"]}}],"collection":[{"href":"https:\/\/roveyayinevi.com.tr\/index.php\/wp-json\/wp\/v2\/product"}],"about":[{"href":"https:\/\/roveyayinevi.com.tr\/index.php\/wp-json\/wp\/v2\/types\/product"}],"wp:attachment":[{"href":"https:\/\/roveyayinevi.com.tr\/index.php\/wp-json\/wp\/v2\/media?parent=733959"}],"wp:term":[{"taxonomy":"product_brand","embeddable":true,"href":"https:\/\/roveyayinevi.com.tr\/index.php\/wp-json\/wp\/v2\/product_brand?post=733959"},{"taxonomy":"product_cat","embeddable":true,"href":"https:\/\/roveyayinevi.com.tr\/index.php\/wp-json\/wp\/v2\/product_cat?post=733959"},{"taxonomy":"product_tag","embeddable":true,"href":"https:\/\/roveyayinevi.com.tr\/index.php\/wp-json\/wp\/v2\/product_tag?post=733959"}],"curies":[{"name":"wp","href":"https:\/\/api.w.org\/{rel}","templated":true}]}}