{"id":733957,"date":"2025-08-27T22:19:35","date_gmt":"2025-08-27T19:19:35","guid":{"rendered":"https:\/\/roveyayinevi.com.tr\/index.php\/urun\/tanrim-beni-baskan-yarat\/"},"modified":"2026-04-16T02:41:40","modified_gmt":"2026-04-15T23:41:40","slug":"tanrim-beni-baskan-yarat","status":"publish","type":"product","link":"https:\/\/roveyayinevi.com.tr\/index.php\/urun\/tanrim-beni-baskan-yarat\/","title":{"rendered":"Tanr\u0131m Beni Ba\u015fkan Yarat"},"content":{"rendered":"<p>\u201cHepimizin g\u00fcndelik hayatta ele\u015ftirdi\u011fi, de\u011fi\u015fmesini istedi\u011fi pek \u00e7ok \u015fey var. Ancak bunlar\u0131 istemek kendi ba\u015f\u0131na de\u011fi\u015fimi getirmez, sorumluluk almak ve \u00e7\u00f6z\u00fcm\u00fcn par\u00e7as\u0131 olmak gerekir. Benim siyasete girme motivasyonum i\u015fte bu noktada ba\u015flad\u0131.\u201d Siyasete giri\u015f niteli\u011findeki bu kitapta Yavuz Salt\u0131k, tecr\u00fcbeleriyle s\u0131nanm\u0131\u015f bilgilerini olduk\u00e7a yal\u0131n ve uygulanabilir bi\u00e7imde okura sunuyor. Daha iyisini yapma motivasyonuyla siyasete at\u0131ld\u0131\u011f\u0131n\u0131 dile getiren Salt\u0131k, ba\u015flang\u0131\u00e7 yapmak isteyenler i\u00e7in hem rehberlik yap\u0131yor hem de bu s\u00fcre\u00e7te kar\u015f\u0131la\u015f\u0131labilecek durumlar i\u00e7in pratik \u00e7\u00f6z\u00fcmler sunuyor. \u201cTabii ki siyasetle ilgilenen herkes ba\u015flang\u0131\u00e7ta bu nitelikte donan\u0131mlara sahip olamayabilir; ancak hedefin s\u00fcrekli olarak y\u00fcksek tutulmas\u0131 \u00f6nemli. Hem kendini hem de ya\u015fad\u0131\u011f\u0131 toplumu oldu\u011fu noktadan bir ad\u0131m \u00f6teye g\u00f6t\u00fcrmeyi hedefleyen ba\u015fta gen\u00e7 siyaset\u00e7iler olmak \u00fczere herkese bu kitab\u0131n \u0131\u015f\u0131k tutaca\u011f\u0131na inan\u0131yorum. TANRIM BEN\u0130 BA\u015eKAN YARAT adl\u0131 bu \u00e7al\u0131\u015fma, ideal siyaset\u00e7inin k\u0131lavuzu ve yol a\u00e7\u0131c\u0131 bir siyasetnamedir. \u00dclkemizi gelece\u011fe ta\u015f\u0131yacak olanlar, bu siyasetnamede yer alan \u00f6zellikleri ta\u015f\u0131yan siyaset\u00e7iler olacak.\u201d &#8211;          Ekrem \u0130mamo\u011flu \u0130stanbul B\u00fcy\u00fck\u015fehir Belediye Ba\u015fkan\u0131   \u201cT\u00fcrkiye\u2019nin siyasette yeni bir ku\u015fa\u011fa ihtiyac\u0131 var. Bu y\u00fczy\u0131lda yeni bir hik\u00e2ye yazacaksak bunu yerelde eski siyaset\u00e7ilerle yapamay\u0131z. O nedenle, yar\u0131n adayl\u0131k ba\u015fvurusu yapacak olanlar da akl\u0131n\u0131n ucundan hi\u00e7 siyasete girmeyi ge\u00e7irmeyenler de bu kitab\u0131 okumal\u0131.\u201d &#8211;          Prof. Dr. Sel\u00e7uk \u015eirin <\/p>\n","protected":false},"excerpt":{"rendered":"<p>\u201cHepimizin g\u00fcndelik hayatta ele\u015ftirdi\u011fi, de\u011fi\u015fmesini istedi\u011fi pek \u00e7ok \u015fey var. Ancak bunlar\u0131 istemek kendi ba\u015f\u0131na de\u011fi\u015fimi getirmez, sorumluluk almak ve \u00e7\u00f6z\u00fcm\u00fcn par\u00e7as\u0131 olmak gerekir. Benim siyasete<span class=\"excerpt-hellip\"> [\u2026]<\/span><\/p>\n","protected":false},"featured_media":0,"template":"","meta":{"_monsterinsights_skip_tracking":false,"_monsterinsights_sitenote_active":false,"_monsterinsights_sitenote_note":"","_monsterinsights_sitenote_category":0},"product_brand":[],"product_cat":[18545,12291],"product_tag":[],"class_list":{"0":"post-733957","1":"product","2":"type-product","3":"status-publish","5":"product_cat-anlati","6":"product_cat-edebiyat","7":"pa_cilt-ciltsiz","8":"pa_tur-kitap","9":"pa_yayinevi-kara-karga-yayinlari","10":"pa_yazar-yavuz-saltik","12":"first","13":"instock","14":"sale","15":"shipping-taxable","16":"purchasable","17":"product-type-simple"},"_links":{"self":[{"href":"https:\/\/roveyayinevi.com.tr\/index.php\/wp-json\/wp\/v2\/product\/733957","targetHints":{"allow":["GET"]}}],"collection":[{"href":"https:\/\/roveyayinevi.com.tr\/index.php\/wp-json\/wp\/v2\/product"}],"about":[{"href":"https:\/\/roveyayinevi.com.tr\/index.php\/wp-json\/wp\/v2\/types\/product"}],"wp:attachment":[{"href":"https:\/\/roveyayinevi.com.tr\/index.php\/wp-json\/wp\/v2\/media?parent=733957"}],"wp:term":[{"taxonomy":"product_brand","embeddable":true,"href":"https:\/\/roveyayinevi.com.tr\/index.php\/wp-json\/wp\/v2\/product_brand?post=733957"},{"taxonomy":"product_cat","embeddable":true,"href":"https:\/\/roveyayinevi.com.tr\/index.php\/wp-json\/wp\/v2\/product_cat?post=733957"},{"taxonomy":"product_tag","embeddable":true,"href":"https:\/\/roveyayinevi.com.tr\/index.php\/wp-json\/wp\/v2\/product_tag?post=733957"}],"curies":[{"name":"wp","href":"https:\/\/api.w.org\/{rel}","templated":true}]}}