{"id":733956,"date":"2025-08-27T22:19:33","date_gmt":"2025-08-27T19:19:33","guid":{"rendered":"https:\/\/roveyayinevi.com.tr\/index.php\/urun\/defterler-3\/"},"modified":"2026-04-16T02:41:40","modified_gmt":"2026-04-15T23:41:40","slug":"defterler-3","status":"publish","type":"product","link":"https:\/\/roveyayinevi.com.tr\/index.php\/urun\/defterler-3\/","title":{"rendered":"Defterler"},"content":{"rendered":"<p>D\u00fcnyaca \u00fcnl\u00fc \u00e7izgi romanc\u0131m\u0131z M.K. Perker\u2019in y\u0131llard\u0131r ilgiyle takip edilen \u00e7izgi serisi DEFTERLER nihayet huzurlar\u0131n\u0131zda! Perker, y\u0131llard\u0131r notlar\u0131n\u0131, hik\u00e2ye ve ill\u00fcstrasyon fikirlerini biriktirdi\u011fi ger\u00e7ek defterlerinde yer alan anekdotlar\u0131, an\u0131lar\u0131 ve baz\u0131 tuhaf fikirleri bize \u00e7izgi roman format\u0131nda anlat\u0131yor. Ayr\u0131ca kitab\u0131n sonunda ger\u00e7ek defterlerden sayfalar\u0131n yer ald\u0131\u011f\u0131 galeri b\u00f6l\u00fcm\u00fcyle. <\/p>\n","protected":false},"excerpt":{"rendered":"<p>D\u00fcnyaca \u00fcnl\u00fc \u00e7izgi romanc\u0131m\u0131z M.K. Perker\u2019in y\u0131llard\u0131r ilgiyle takip edilen \u00e7izgi serisi DEFTERLER nihayet huzurlar\u0131n\u0131zda! Perker, y\u0131llard\u0131r notlar\u0131n\u0131, hik\u00e2ye ve ill\u00fcstrasyon fikirlerini biriktirdi\u011fi ger\u00e7ek defterlerinde yer<span class=\"excerpt-hellip\"> [\u2026]<\/span><\/p>\n","protected":false},"featured_media":0,"template":"","meta":{"_monsterinsights_skip_tracking":false,"_monsterinsights_sitenote_active":false,"_monsterinsights_sitenote_note":"","_monsterinsights_sitenote_category":0},"product_brand":[],"product_cat":[12416,12291],"product_tag":[],"class_list":{"0":"post-733956","1":"product","2":"type-product","3":"status-publish","5":"product_cat-cizgi-roman","6":"product_cat-edebiyat","7":"pa_cilt-ciltsiz","8":"pa_tur-kitap","9":"pa_yayinevi-kara-karga-yayinlari","10":"pa_yazar-m-k-perker","12":"first","13":"instock","14":"sale","15":"shipping-taxable","16":"purchasable","17":"product-type-simple"},"_links":{"self":[{"href":"https:\/\/roveyayinevi.com.tr\/index.php\/wp-json\/wp\/v2\/product\/733956","targetHints":{"allow":["GET"]}}],"collection":[{"href":"https:\/\/roveyayinevi.com.tr\/index.php\/wp-json\/wp\/v2\/product"}],"about":[{"href":"https:\/\/roveyayinevi.com.tr\/index.php\/wp-json\/wp\/v2\/types\/product"}],"wp:attachment":[{"href":"https:\/\/roveyayinevi.com.tr\/index.php\/wp-json\/wp\/v2\/media?parent=733956"}],"wp:term":[{"taxonomy":"product_brand","embeddable":true,"href":"https:\/\/roveyayinevi.com.tr\/index.php\/wp-json\/wp\/v2\/product_brand?post=733956"},{"taxonomy":"product_cat","embeddable":true,"href":"https:\/\/roveyayinevi.com.tr\/index.php\/wp-json\/wp\/v2\/product_cat?post=733956"},{"taxonomy":"product_tag","embeddable":true,"href":"https:\/\/roveyayinevi.com.tr\/index.php\/wp-json\/wp\/v2\/product_tag?post=733956"}],"curies":[{"name":"wp","href":"https:\/\/api.w.org\/{rel}","templated":true}]}}