{"id":733955,"date":"2025-08-27T22:19:32","date_gmt":"2025-08-27T19:19:32","guid":{"rendered":"https:\/\/roveyayinevi.com.tr\/index.php\/urun\/ezoterik-edebiyat\/"},"modified":"2026-04-16T02:41:40","modified_gmt":"2026-04-15T23:41:40","slug":"ezoterik-edebiyat","status":"publish","type":"product","link":"https:\/\/roveyayinevi.com.tr\/index.php\/urun\/ezoterik-edebiyat\/","title":{"rendered":"Ezoterik Edebiyat"},"content":{"rendered":"<p>\u201cD\u00fcnyan\u0131n anlam\u0131n\u0131 bilmeden d\u00fcnyada ya\u015famak, b\u00fcy\u00fck bir k\u00fct\u00fcphanede kitaplara dokunmadan dola\u015fmaya benzer.\u201d &#8211;          Manly P. Hall   Ok\u00fcltistlerden casuslara uzanan bilgi birikimi, James Bond romanlar\u0131ndaki mistik emperyalizme hangi semboller ve kavramlar \u00fczerinden d\u00f6n\u00fc\u015ft\u00fc? Bedendeki tanr\u0131lardan g\u00f6ky\u00fcz\u00fcndeki havarilere, Dan Brown\u2019\u0131n Da Vinci \u015eifresi\u2019ne astrolojik veya astroteolojik bir yakla\u015f\u0131m m\u00fcmk\u00fcn m\u00fc? Sherlock Holmes\u2019\u00fcn yarat\u0131c\u0131s\u0131 Arthur Conan Doyle ile t\u00fcm zamanlar\u0131n en gizemli fig\u00fcrlerinden Aleister Crowley\u2019nin yollar\u0131 gizemli cemiyetlerde nas\u0131l kesi\u015fti? Birbirlerini neden hi\u00e7 sevmediler? Kont Drakula efsanesinin tarihi ve edebi y\u00f6nlerini \u00f6\u011frendik. Peki Abd\u00fclhamid\u2019le ve mason localar\u0131yla ilgisi neydi? Star Wars evreninin, ezoterizm tarihiyle ve simgeleriyle kesi\u015fim k\u00fcmelerinde hangi s\u00fcrprizler gizli? Ba\u015fka bir gezegenden d\u00fcnyam\u0131za inen \u201c\u00fcst-insan\u201d Superman, k\u0131rm\u0131z\u0131 pelerinin alt\u0131nda saklad\u0131\u011f\u0131 \u0130brani mitolojisiyle bize neler anlat\u0131yor? Y\u00fcz\u00fcklerin Efendisi\u2019ni ve e\u015fsiz orta d\u00fcnya fantazyalar\u0131n\u0131 yaratan Tolkien\u2019in bilin\u00e7d\u0131\u015f\u0131ndan s\u00fcz\u00fclenler ayn\u0131 anda Nazilere, hippilere, yeni d\u00fcnya dinlerine nas\u0131l ilham verdi?   Ezoterik Edebiyat, teoriler kurmaktan ka\u00e7\u0131narak, edebiyat izle\u011finden kopmadan, belgelere dayanan disiplinler aras\u0131 bir ezoterizm ara\u015ft\u0131rmas\u0131&#8230; Ezoterizmin ve d\u00fcnyam\u0131z\u0131n derinliklerini ziyaret ettik\u00e7e hep daha da derinini ke\u015ffedeceksiniz. <\/p>\n","protected":false},"excerpt":{"rendered":"<p>\u201cD\u00fcnyan\u0131n anlam\u0131n\u0131 bilmeden d\u00fcnyada ya\u015famak, b\u00fcy\u00fck bir k\u00fct\u00fcphanede kitaplara dokunmadan dola\u015fmaya benzer.\u201d &#8211; Manly P. Hall Ok\u00fcltistlerden casuslara uzanan bilgi birikimi, James Bond romanlar\u0131ndaki mistik emperyalizme<span class=\"excerpt-hellip\"> [\u2026]<\/span><\/p>\n","protected":false},"featured_media":0,"template":"","meta":{"_monsterinsights_skip_tracking":false,"_monsterinsights_sitenote_active":false,"_monsterinsights_sitenote_note":"","_monsterinsights_sitenote_category":0},"product_brand":[],"product_cat":[13072,12291],"product_tag":[],"class_list":{"0":"post-733955","1":"product","2":"type-product","3":"status-publish","5":"product_cat-arastirma-inceleme-referans","6":"product_cat-edebiyat","7":"pa_cilt-ciltsiz","8":"pa_tur-kitap","9":"pa_yayinevi-destek-yayinlari","10":"pa_yazar-kubilayhan-yalcin-koray-saridogan","12":"first","13":"instock","14":"sale","15":"shipping-taxable","16":"purchasable","17":"product-type-simple"},"_links":{"self":[{"href":"https:\/\/roveyayinevi.com.tr\/index.php\/wp-json\/wp\/v2\/product\/733955","targetHints":{"allow":["GET"]}}],"collection":[{"href":"https:\/\/roveyayinevi.com.tr\/index.php\/wp-json\/wp\/v2\/product"}],"about":[{"href":"https:\/\/roveyayinevi.com.tr\/index.php\/wp-json\/wp\/v2\/types\/product"}],"wp:attachment":[{"href":"https:\/\/roveyayinevi.com.tr\/index.php\/wp-json\/wp\/v2\/media?parent=733955"}],"wp:term":[{"taxonomy":"product_brand","embeddable":true,"href":"https:\/\/roveyayinevi.com.tr\/index.php\/wp-json\/wp\/v2\/product_brand?post=733955"},{"taxonomy":"product_cat","embeddable":true,"href":"https:\/\/roveyayinevi.com.tr\/index.php\/wp-json\/wp\/v2\/product_cat?post=733955"},{"taxonomy":"product_tag","embeddable":true,"href":"https:\/\/roveyayinevi.com.tr\/index.php\/wp-json\/wp\/v2\/product_tag?post=733955"}],"curies":[{"name":"wp","href":"https:\/\/api.w.org\/{rel}","templated":true}]}}