{"id":733954,"date":"2025-08-27T22:19:31","date_gmt":"2025-08-27T19:19:31","guid":{"rendered":"https:\/\/roveyayinevi.com.tr\/index.php\/urun\/karanlik-koy\/"},"modified":"2026-04-16T02:41:40","modified_gmt":"2026-04-15T23:41:40","slug":"karanlik-koy","status":"publish","type":"product","link":"https:\/\/roveyayinevi.com.tr\/index.php\/urun\/karanlik-koy\/","title":{"rendered":"Karanl\u0131k K\u00f6y"},"content":{"rendered":"<p>\u201cKaranl\u0131ktan korkan bir \u00e7ocu\u011fu kolayl\u0131kla affedebiliriz; hayat\u0131n ger\u00e7ek trajedisi, insanlar\u0131n \u0131\u015f\u0131ktan korkmas\u0131d\u0131r.\u201d \u2013 Platon   Karadeniz\u2019in karanl\u0131k ormanlar\u0131nda, iki y\u00fcksek da\u011f aras\u0131nda, y\u00fczy\u0131llar \u00f6ncesinden kalma, pek bilinmeyen eski bir Rum k\u00f6y\u00fc&#8230; Ya\u015fl\u0131lar\u0131n \u201cKaranl\u0131k K\u00f6y\u201d dedikleri, i\u00e7inde u\u011fursuz bir enerji bar\u0131nd\u0131rd\u0131\u011f\u0131na inan\u0131lan ve kimselerin gitmedi\u011fi, gitmekten korktuklar\u0131, kendi tarihine hapsolmu\u015f g\u00f6lgeler i\u00e7inde bir hayalet&#8230; Ge\u00e7mi\u015fte, so\u011fuk bir k\u0131\u015f gecesinde nedeni anla\u015f\u0131lamayan bir cinnet ve \u00e7\u0131lg\u0131nl\u0131kla birbirini \u00f6ld\u00fcren k\u00f6yl\u00fcler&#8230; Ve t\u00fcm bu gizemi \u00e7\u00f6zmek i\u00e7in bin bir zorlukla da\u011flar\u0131 a\u015f\u0131p k\u00f6ye ula\u015fan belgeselci iki maceraperest&#8230; Peki k\u00f6yden \u00e7\u0131kabilecekler mi? Ger\u00e7eklerden ka\u00e7t\u0131\u011f\u0131m\u0131zda neler olur? Ya korkular\u0131m\u0131za inanmaya ba\u015flad\u0131\u011f\u0131m\u0131zda? Oyuncu ve yazar G\u00fcrgen \u00d6z, hayalle ger\u00e7e\u011fin birbirine kar\u0131\u015ft\u0131\u011f\u0131 bir zaman-mek\u00e2nda ge\u00e7en KARANLIK K\u00d6Y\u2019de okurlar\u0131n\u0131 insan psikolojisinin karanl\u0131k ormanlar\u0131na g\u00f6t\u00fcr\u00fcyor. S\u0131k\u0131\u015f\u0131p kalan insan zihninin kendi kendiyle oynad\u0131\u011f\u0131 satran\u00e7ta neyin galip gelece\u011fini ustal\u0131kla g\u00f6zler \u00f6n\u00fcne seriyor. Gizli ger\u00e7ekler, bat\u0131l inan\u00e7lar ve toplumsal travmalar \u00fczerine soluk solu\u011fa okuyaca\u011f\u0131n\u0131z psikolojik bir gerilim&#8230;   \u201cOraya gitmeyin abi&#8230; O k\u00f6ye gidip d\u00f6nemeyenler var&#8230;\u201d <\/p>\n","protected":false},"excerpt":{"rendered":"<p>\u201cKaranl\u0131ktan korkan bir \u00e7ocu\u011fu kolayl\u0131kla affedebiliriz; hayat\u0131n ger\u00e7ek trajedisi, insanlar\u0131n \u0131\u015f\u0131ktan korkmas\u0131d\u0131r.\u201d \u2013 Platon Karadeniz\u2019in karanl\u0131k ormanlar\u0131nda, iki y\u00fcksek da\u011f aras\u0131nda, y\u00fczy\u0131llar \u00f6ncesinden kalma, pek bilinmeyen<span class=\"excerpt-hellip\"> [\u2026]<\/span><\/p>\n","protected":false},"featured_media":0,"template":"","meta":{"_monsterinsights_skip_tracking":false,"_monsterinsights_sitenote_active":false,"_monsterinsights_sitenote_note":"","_monsterinsights_sitenote_category":0},"product_brand":[],"product_cat":[12291,12711],"product_tag":[],"class_list":{"0":"post-733954","1":"product","2":"type-product","3":"status-publish","5":"product_cat-edebiyat","6":"product_cat-roman-oyku","7":"pa_cilt-ciltsiz","8":"pa_tur-kitap","9":"pa_yayinevi-destek-yayinlari","10":"pa_yazar-gurgen-oz","12":"first","13":"instock","14":"sale","15":"shipping-taxable","16":"purchasable","17":"product-type-simple"},"_links":{"self":[{"href":"https:\/\/roveyayinevi.com.tr\/index.php\/wp-json\/wp\/v2\/product\/733954","targetHints":{"allow":["GET"]}}],"collection":[{"href":"https:\/\/roveyayinevi.com.tr\/index.php\/wp-json\/wp\/v2\/product"}],"about":[{"href":"https:\/\/roveyayinevi.com.tr\/index.php\/wp-json\/wp\/v2\/types\/product"}],"wp:attachment":[{"href":"https:\/\/roveyayinevi.com.tr\/index.php\/wp-json\/wp\/v2\/media?parent=733954"}],"wp:term":[{"taxonomy":"product_brand","embeddable":true,"href":"https:\/\/roveyayinevi.com.tr\/index.php\/wp-json\/wp\/v2\/product_brand?post=733954"},{"taxonomy":"product_cat","embeddable":true,"href":"https:\/\/roveyayinevi.com.tr\/index.php\/wp-json\/wp\/v2\/product_cat?post=733954"},{"taxonomy":"product_tag","embeddable":true,"href":"https:\/\/roveyayinevi.com.tr\/index.php\/wp-json\/wp\/v2\/product_tag?post=733954"}],"curies":[{"name":"wp","href":"https:\/\/api.w.org\/{rel}","templated":true}]}}