{"id":733953,"date":"2025-08-27T22:19:30","date_gmt":"2025-08-27T19:19:30","guid":{"rendered":"https:\/\/roveyayinevi.com.tr\/index.php\/urun\/avuclarimda-hala-sicakligin-var\/"},"modified":"2026-04-15T02:54:04","modified_gmt":"2026-04-14T23:54:04","slug":"avuclarimda-hala-sicakligin-var","status":"publish","type":"product","link":"https:\/\/roveyayinevi.com.tr\/index.php\/urun\/avuclarimda-hala-sicakligin-var\/","title":{"rendered":"Avu\u00e7lar\u0131mda Hala S\u0131cakl\u0131\u011f\u0131n Var"},"content":{"rendered":"<p>68 KU\u015eA\u011eI\u2019NIN KANLA, \u0130RFANLA YAZDI\u011eI, A\u015eKLA BEZED\u0130\u011e\u0130 B\u00dcY\u00dcK DESTAN&#8230;   Osman Balc\u0131gil\u2019in kaleminden soluk kesen bir d\u00f6nem roman\u0131. Tarihsel ger\u00e7eklere y\u00fczde y\u00fcz sad\u0131k kalarak! 1960\u2019l\u0131 y\u0131llar\u0131n sonlar\u0131nda ya\u015fanan b\u00fcy\u00fck alt\u00fcst olu\u015fa kimler, hangi nedenlerle nas\u0131l y\u00f6n verdi? CIA ve M\u0130T, son yirmi y\u0131l\u0131m\u0131za damgas\u0131n\u0131 vuran siyasal \u0130slamc\u0131 d\u00fczenin temellerini o g\u00fcnlerde nas\u0131l att\u0131? O tarihte seccadelerini ABD gemilerine \u00e7evirip namaz k\u0131lan bug\u00fcn\u00fcn muktedirleri kimler? 1960 \u0130htilali\u2019nden geriye d\u00f6n\u00fcld\u00fc\u011f\u00fcn\u00fc d\u00fc\u015f\u00fcnen 9 Mart\u00e7\u0131 komutanlar, kurulan 12 Mart tuza\u011f\u0131na g\u00f6z g\u00f6re g\u00f6re nas\u0131l d\u00fc\u015ft\u00fcler? Kendinizi, hukuk \u00f6\u011frencisi g\u00fczeller g\u00fczeli Lale ile denizci Te\u011fmen Fuat\u2019\u0131n f\u0131rt\u0131na misali a\u015fk\u0131na ve hazin sonuna haz\u0131rlay\u0131n. AVU\u00c7LARIMDA H\u00c2L\u00c2 SICAKLI\u011eIN VAR, a\u015fk\u0131n ve h\u00fczn\u00fcn roman\u0131. <\/p>\n","protected":false},"excerpt":{"rendered":"<p>68 KU\u015eA\u011eI\u2019NIN KANLA, \u0130RFANLA YAZDI\u011eI, A\u015eKLA BEZED\u0130\u011e\u0130 B\u00dcY\u00dcK DESTAN&#8230; Osman Balc\u0131gil\u2019in kaleminden soluk kesen bir d\u00f6nem roman\u0131. Tarihsel ger\u00e7eklere y\u00fczde y\u00fcz sad\u0131k kalarak! 1960\u2019l\u0131 y\u0131llar\u0131n sonlar\u0131nda<span class=\"excerpt-hellip\"> [\u2026]<\/span><\/p>\n","protected":false},"featured_media":0,"template":"","meta":{"_monsterinsights_skip_tracking":false,"_monsterinsights_sitenote_active":false,"_monsterinsights_sitenote_note":"","_monsterinsights_sitenote_category":0},"product_brand":[],"product_cat":[12291,12711],"product_tag":[],"class_list":{"0":"post-733953","1":"product","2":"type-product","3":"status-publish","5":"product_cat-edebiyat","6":"product_cat-roman-oyku","7":"pa_cilt-ciltsiz","8":"pa_tur-kitap","9":"pa_yayinevi-destek-yayinlari","10":"pa_yazar-osman-balcigil","12":"first","13":"instock","14":"sale","15":"shipping-taxable","16":"purchasable","17":"product-type-simple"},"_links":{"self":[{"href":"https:\/\/roveyayinevi.com.tr\/index.php\/wp-json\/wp\/v2\/product\/733953","targetHints":{"allow":["GET"]}}],"collection":[{"href":"https:\/\/roveyayinevi.com.tr\/index.php\/wp-json\/wp\/v2\/product"}],"about":[{"href":"https:\/\/roveyayinevi.com.tr\/index.php\/wp-json\/wp\/v2\/types\/product"}],"wp:attachment":[{"href":"https:\/\/roveyayinevi.com.tr\/index.php\/wp-json\/wp\/v2\/media?parent=733953"}],"wp:term":[{"taxonomy":"product_brand","embeddable":true,"href":"https:\/\/roveyayinevi.com.tr\/index.php\/wp-json\/wp\/v2\/product_brand?post=733953"},{"taxonomy":"product_cat","embeddable":true,"href":"https:\/\/roveyayinevi.com.tr\/index.php\/wp-json\/wp\/v2\/product_cat?post=733953"},{"taxonomy":"product_tag","embeddable":true,"href":"https:\/\/roveyayinevi.com.tr\/index.php\/wp-json\/wp\/v2\/product_tag?post=733953"}],"curies":[{"name":"wp","href":"https:\/\/api.w.org\/{rel}","templated":true}]}}