{"id":733952,"date":"2025-08-27T22:19:29","date_gmt":"2025-08-27T19:19:29","guid":{"rendered":"https:\/\/roveyayinevi.com.tr\/index.php\/urun\/ezoterik-tarot\/"},"modified":"2026-04-16T02:41:40","modified_gmt":"2026-04-15T23:41:40","slug":"ezoterik-tarot","status":"publish","type":"product","link":"https:\/\/roveyayinevi.com.tr\/index.php\/urun\/ezoterik-tarot\/","title":{"rendered":"Ezoterik Tarot"},"content":{"rendered":"<p>Tarot kaderi okumaz, ba\u015ftan yazar. Bu y\u00fczden Tarot okuyucu de\u011fil, yazard\u0131r. \u201cTarot\u201d yaz\u0131s\u0131z bir kitapt\u0131r.   Kadim \u00f6\u011fretilerin hatta mitolojik yolculuklar\u0131n sembolik bir ifadesidir. Fal ya da kehanetten ibaret bir ara\u00e7 de\u011fildir. Bat\u0131 ezoterizminin en \u00f6nemli sembolik formlar\u0131ndan biridir. Bu kitap falla de\u011fil, say\u0131s\u0131z olas\u0131l\u0131kla dolu kaderleri okuyabilmeniz i\u00e7in laz\u0131m gelen alfabeyle tan\u0131\u015ft\u0131racak sizi. 22+56 kart insana kim oldu\u011funu anlamas\u0131 yolunda ipucu verir. Hayat\u0131m\u0131z boyunca \u00e7e\u015fitli deneyimlerden ge\u00e7erek ilerleyi\u015fimiz gibi Tarot kartlar\u0131n\u0131n i\u00e7ine girdik\u00e7e ve onlar\u0131 tan\u0131d\u0131k\u00e7a kendimizle ilgili yeni ke\u015fiflere \u00e7\u0131kar\u0131z. Bazen i\u015fyerinde sert kararlar alan bir \u201c\u0130mparator\u201d, bazen evimizde duygusal bir \u201c\u0130mparatori\u00e7e\u201d oluruz, zaman zaman bir yerlerde tak\u0131l\u0131r\u0131z ve \u201cKader \u00c7ark\u0131\u201dn\u0131n d\u00f6ng\u00fcs\u00fcnden \u00e7\u0131kamad\u0131\u011f\u0131m\u0131z\u0131 hissederiz. T\u0131pk\u0131 \u201cKule\u201d kart\u0131ndaki gibi d\u00fcnya ba\u015f\u0131m\u0131za y\u0131k\u0131l\u0131r ve \u201cG\u00fcne\u015f\u201din do\u011fu\u015fuyla y\u0131k\u0131nt\u0131lar aras\u0131ndan sa\u011flam bir bina in\u015fa ederiz. Sonunda d\u00f6ng\u00fcleri tamamlay\u0131p yeniden ba\u015flar\u0131z. K\u0131sacas\u0131 YOL\u2019un ba\u015f\u0131ndayken kartlar\u0131n hepsiyizdir, YOL\u2019un sonunda ise hi\u00e7biri&#8230; <\/p>\n","protected":false},"excerpt":{"rendered":"<p>Tarot kaderi okumaz, ba\u015ftan yazar. Bu y\u00fczden Tarot okuyucu de\u011fil, yazard\u0131r. \u201cTarot\u201d yaz\u0131s\u0131z bir kitapt\u0131r. Kadim \u00f6\u011fretilerin hatta mitolojik yolculuklar\u0131n sembolik bir ifadesidir. Fal ya da<span class=\"excerpt-hellip\"> [\u2026]<\/span><\/p>\n","protected":false},"featured_media":0,"template":"","meta":{"_monsterinsights_skip_tracking":false,"_monsterinsights_sitenote_active":false,"_monsterinsights_sitenote_note":"","_monsterinsights_sitenote_category":0},"product_brand":[],"product_cat":[18082,15563],"product_tag":[],"class_list":{"0":"post-733952","1":"product","2":"type-product","3":"status-publish","5":"product_cat-astroloji-fal-ruya","6":"product_cat-hobi","7":"pa_cilt-ciltsiz","8":"pa_tur-kitap","9":"pa_yayinevi-destek-yayinlari","10":"pa_yazar-tugba-ersen","12":"first","13":"instock","14":"sale","15":"shipping-taxable","16":"purchasable","17":"product-type-simple"},"_links":{"self":[{"href":"https:\/\/roveyayinevi.com.tr\/index.php\/wp-json\/wp\/v2\/product\/733952","targetHints":{"allow":["GET"]}}],"collection":[{"href":"https:\/\/roveyayinevi.com.tr\/index.php\/wp-json\/wp\/v2\/product"}],"about":[{"href":"https:\/\/roveyayinevi.com.tr\/index.php\/wp-json\/wp\/v2\/types\/product"}],"wp:attachment":[{"href":"https:\/\/roveyayinevi.com.tr\/index.php\/wp-json\/wp\/v2\/media?parent=733952"}],"wp:term":[{"taxonomy":"product_brand","embeddable":true,"href":"https:\/\/roveyayinevi.com.tr\/index.php\/wp-json\/wp\/v2\/product_brand?post=733952"},{"taxonomy":"product_cat","embeddable":true,"href":"https:\/\/roveyayinevi.com.tr\/index.php\/wp-json\/wp\/v2\/product_cat?post=733952"},{"taxonomy":"product_tag","embeddable":true,"href":"https:\/\/roveyayinevi.com.tr\/index.php\/wp-json\/wp\/v2\/product_tag?post=733952"}],"curies":[{"name":"wp","href":"https:\/\/api.w.org\/{rel}","templated":true}]}}