{"id":733950,"date":"2025-08-27T22:19:27","date_gmt":"2025-08-27T19:19:27","guid":{"rendered":"https:\/\/roveyayinevi.com.tr\/index.php\/urun\/kariyer-planlama-ve-gelistirme\/"},"modified":"2026-04-16T02:41:40","modified_gmt":"2026-04-15T23:41:40","slug":"kariyer-planlama-ve-gelistirme","status":"publish","type":"product","link":"https:\/\/roveyayinevi.com.tr\/index.php\/urun\/kariyer-planlama-ve-gelistirme\/","title":{"rendered":"Kariyer Planlama ve Geli\u015ftirme"},"content":{"rendered":"<p>Kariyer Planlama ve Geli\u015ftirme kitab\u0131, son y\u0131llarda d\u00fcnyada meydana gelen h\u0131zl\u0131 de\u011fi\u015fimlere gen\u00e7lerin, \u00fcniversite \u00f6\u011frencilerinin, \u00e7al\u0131\u015fanlar\u0131n ve yeti\u015fkinlerin uyumu konusunda yard\u0131mc\u0131 olmak amac\u0131yla yaz\u0131lm\u0131\u015ft\u0131r. \u00d6zellikle pandemi s\u00fcrecinde ya\u015fanan ekonomik krizler, yeni i\u015f ve mesleklerin \u00f6n plana \u00e7\u0131kmas\u0131, dijitalle\u015fme, \u00f6ncelikli i\u015f ve sekt\u00f6rlerin de\u011fi\u015fmesi bu alanyaz\u0131nda yeni ve farkl\u0131 bak\u0131\u015f a\u00e7\u0131lar\u0131n\u0131 g\u00fcndeme getirmi\u015ftir. Kapsay\u0131c\u0131l\u0131k, dijitalle\u015fme, ye\u015fil g\u00fcndem ve aktif kat\u0131l\u0131m daha \u00e7ok \u00f6n plana \u00e7\u0131kmaktad\u0131r. \u201cBireyler \u00f6zellikle pandemi s\u00fcrecinde ve sonras\u0131nda bu de\u011fi\u015fimlere ne kadar ayak uydurabilecek ve kariyer tercihleri ve yollar\u0131n\u0131 nas\u0131l \u015fekillendirecek?\u201d sorular\u0131na cevap verilmesi gerekmektedir. Bu kitap, alan\u0131nda yetkin akademisyenler taraf\u0131ndan bu sorulara cevap vermek amac\u0131yla kaleme al\u0131nm\u0131\u015ft\u0131r.<\/p>\n","protected":false},"excerpt":{"rendered":"<p>Kariyer Planlama ve Geli\u015ftirme kitab\u0131, son y\u0131llarda d\u00fcnyada meydana gelen h\u0131zl\u0131 de\u011fi\u015fimlere gen\u00e7lerin, \u00fcniversite \u00f6\u011frencilerinin, \u00e7al\u0131\u015fanlar\u0131n ve yeti\u015fkinlerin uyumu konusunda yard\u0131mc\u0131 olmak amac\u0131yla yaz\u0131lm\u0131\u015ft\u0131r. \u00d6zellikle pandemi<span class=\"excerpt-hellip\"> [\u2026]<\/span><\/p>\n","protected":false},"featured_media":0,"template":"","meta":{"_monsterinsights_skip_tracking":false,"_monsterinsights_sitenote_active":false,"_monsterinsights_sitenote_note":"","_monsterinsights_sitenote_category":0},"product_brand":[],"product_cat":[12573,12566],"product_tag":[],"class_list":{"0":"post-733950","1":"product","2":"type-product","3":"status-publish","5":"product_cat-akademik-kitaplar","6":"product_cat-egitim","7":"pa_cilt-ciltsiz","8":"pa_tur-kitap","9":"pa_yayinevi-ani-yayincilik","10":"pa_yazar-ali-tas-tufan-aytac","12":"first","13":"instock","14":"sale","15":"shipping-taxable","16":"purchasable","17":"product-type-simple"},"_links":{"self":[{"href":"https:\/\/roveyayinevi.com.tr\/index.php\/wp-json\/wp\/v2\/product\/733950","targetHints":{"allow":["GET"]}}],"collection":[{"href":"https:\/\/roveyayinevi.com.tr\/index.php\/wp-json\/wp\/v2\/product"}],"about":[{"href":"https:\/\/roveyayinevi.com.tr\/index.php\/wp-json\/wp\/v2\/types\/product"}],"wp:attachment":[{"href":"https:\/\/roveyayinevi.com.tr\/index.php\/wp-json\/wp\/v2\/media?parent=733950"}],"wp:term":[{"taxonomy":"product_brand","embeddable":true,"href":"https:\/\/roveyayinevi.com.tr\/index.php\/wp-json\/wp\/v2\/product_brand?post=733950"},{"taxonomy":"product_cat","embeddable":true,"href":"https:\/\/roveyayinevi.com.tr\/index.php\/wp-json\/wp\/v2\/product_cat?post=733950"},{"taxonomy":"product_tag","embeddable":true,"href":"https:\/\/roveyayinevi.com.tr\/index.php\/wp-json\/wp\/v2\/product_tag?post=733950"}],"curies":[{"name":"wp","href":"https:\/\/api.w.org\/{rel}","templated":true}]}}