{"id":733948,"date":"2025-08-27T22:19:26","date_gmt":"2025-08-27T19:19:26","guid":{"rendered":"https:\/\/roveyayinevi.com.tr\/index.php\/urun\/meneksenin-turnasi-ciltli\/"},"modified":"2026-04-16T02:41:40","modified_gmt":"2026-04-15T23:41:40","slug":"meneksenin-turnasi-ciltli","status":"publish","type":"product","link":"https:\/\/roveyayinevi.com.tr\/index.php\/urun\/meneksenin-turnasi-ciltli\/","title":{"rendered":"Menek\u015fe&#8217;nin Turnas\u0131 (Ciltli)"},"content":{"rendered":"<p>Gelece\u011fin \u00e7evre m\u00fchendisleri G\u00f6ksu ve Kerem ile gizem dolu bir do\u011fa ke\u015ffine \u00e7\u0131kmaya ne dersiniz? Merakl\u0131 kahramanlar\u0131m\u0131z\u0131n merce\u011fine turnalar tak\u0131l\u0131yor. Ailelerinin do\u011fay\u0131 ve hayvanlar\u0131 korumak i\u00e7in g\u00f6revli oldu\u011fu saha \u00e7al\u0131\u015fmas\u0131na giden G\u00f6ksu ve Kerem kimseye haber vermeden \u00e7\u0131kt\u0131klar\u0131 bu s\u0131r dolu yolculukta esrarengiz bir k\u0131z ve onun en yak\u0131n dostuyla kar\u015f\u0131la\u015f\u0131yor: Menek\u015fe ve Turnas\u0131. \u00c7ocuklara do\u011fa bilincini, dostlu\u011fu ve bilimin \u00f6nemini \u00f6\u011f\u00fctleyen bu hik\u00e2yeyi elinizden d\u00fc\u015f\u00fcremeyeceksiniz.<\/p>\n","protected":false},"excerpt":{"rendered":"<p>Gelece\u011fin \u00e7evre m\u00fchendisleri G\u00f6ksu ve Kerem ile gizem dolu bir do\u011fa ke\u015ffine \u00e7\u0131kmaya ne dersiniz? Merakl\u0131 kahramanlar\u0131m\u0131z\u0131n merce\u011fine turnalar tak\u0131l\u0131yor. Ailelerinin do\u011fay\u0131 ve hayvanlar\u0131 korumak i\u00e7in<span class=\"excerpt-hellip\"> [\u2026]<\/span><\/p>\n","protected":false},"featured_media":0,"template":"","meta":{"_monsterinsights_skip_tracking":false,"_monsterinsights_sitenote_active":false,"_monsterinsights_sitenote_note":"","_monsterinsights_sitenote_category":0},"product_brand":[],"product_cat":[12275,12274],"product_tag":[],"class_list":{"0":"post-733948","1":"product","2":"type-product","3":"status-publish","5":"product_cat-6-12-yas-kitaplari","6":"product_cat-cocuk-ve-genclik-kitaplari","7":"pa_cilt-ciltli","8":"pa_tur-kitap","9":"pa_yayinevi-epsilon-yayinlari","10":"pa_yazar-handan-derya","12":"first","13":"instock","14":"sale","15":"shipping-taxable","16":"purchasable","17":"product-type-simple"},"_links":{"self":[{"href":"https:\/\/roveyayinevi.com.tr\/index.php\/wp-json\/wp\/v2\/product\/733948","targetHints":{"allow":["GET"]}}],"collection":[{"href":"https:\/\/roveyayinevi.com.tr\/index.php\/wp-json\/wp\/v2\/product"}],"about":[{"href":"https:\/\/roveyayinevi.com.tr\/index.php\/wp-json\/wp\/v2\/types\/product"}],"wp:attachment":[{"href":"https:\/\/roveyayinevi.com.tr\/index.php\/wp-json\/wp\/v2\/media?parent=733948"}],"wp:term":[{"taxonomy":"product_brand","embeddable":true,"href":"https:\/\/roveyayinevi.com.tr\/index.php\/wp-json\/wp\/v2\/product_brand?post=733948"},{"taxonomy":"product_cat","embeddable":true,"href":"https:\/\/roveyayinevi.com.tr\/index.php\/wp-json\/wp\/v2\/product_cat?post=733948"},{"taxonomy":"product_tag","embeddable":true,"href":"https:\/\/roveyayinevi.com.tr\/index.php\/wp-json\/wp\/v2\/product_tag?post=733948"}],"curies":[{"name":"wp","href":"https:\/\/api.w.org\/{rel}","templated":true}]}}