{"id":733946,"date":"2025-08-27T22:19:24","date_gmt":"2025-08-27T19:19:24","guid":{"rendered":"https:\/\/roveyayinevi.com.tr\/index.php\/urun\/50-bin-yillik-dunya-duzeni-toplumlar-ve-hukuklari\/"},"modified":"2026-04-16T02:41:40","modified_gmt":"2026-04-15T23:41:40","slug":"50-bin-yillik-dunya-duzeni-toplumlar-ve-hukuklari","status":"publish","type":"product","link":"https:\/\/roveyayinevi.com.tr\/index.php\/urun\/50-bin-yillik-dunya-duzeni-toplumlar-ve-hukuklari\/","title":{"rendered":"50 Bin Y\u0131ll\u0131k D\u00fcnya D\u00fczeni Toplumlar ve Hukuklar\u0131"},"content":{"rendered":"<p>Devletin ne zaman, nas\u0131l ve daha da \u00f6nemlisi ni\u00e7in ortaya \u00e7\u0131kt\u0131\u011f\u0131 bitmeyen bir tart\u0131\u015fma konusu. Genellikle d\u00fcnya\/insanl\u0131k tarihinin kronolojik olarak ele al\u0131nd\u0131\u011f\u0131 literat\u00fcrde, temelleri 1819. y\u00fczy\u0131lda at\u0131lan Avrupa\/Bat\u0131merkezci paradigman\u0131n d\u0131\u015f\u0131na da pek \u00e7\u0131k\u0131lam\u0131yor. \u00d6yle ki, bir yerden sonra radikal ele\u015ftiriler bile asl\u0131nda kendi uygarl\u0131klar\u0131n\u0131n daha \u00f6nce ya da daha iyi yol kat etti\u011fini g\u00f6sterme \u00e7abas\u0131na d\u00f6n\u00fc\u015f\u00fcyor. Oysa \u201cinsanl\u0131k tarihi\u201d asl\u0131nda \u201cevrensel sorunlar\u201da verilen \u201cyerel\u201d yan\u0131tlardan ibaret. Ve her bir yan\u0131t da ya\u015fam ve \u00fcretim bi\u00e7imine ko\u015fut geli\u015ftirilen g\u00fcvenlik ve \u00fcretim ara\u00e7lar\u0131n\u0131n sahipli\u011fi \u00e7er\u00e7evesinde \u015fekillenmi\u015f. Ortak ya da benzer \u00e7\u0131karlar\u0131 olanlar i\u00e7 ve d\u0131\u015f dinamikler aras\u0131 itip \u00e7ekmelere g\u00f6re farkl\u0131 \u00f6l\u00e7ek ve niteliklerde \u00f6rg\u00fctlenme birim ve bi\u00e7imleri kurulmu\u015f. Yeni ko\u015fullara daha iyi adapte olanlar y\u00fckselirken, eski ko\u015fullar\u0131n \u00fcr\u00fcn\u00fc olanlarsa zamanla da\u011f\u0131lm\u0131\u015f. Dolay\u0131s\u0131yla, t\u00fcm ilgili de\u011fi\u015fkenlerin birlikte \u015fekillendirdi\u011fi bi\u00e7imsel farkl\u0131l\u0131klar bir yana, \u00f6z\u00fc itibariyle farkl\u0131 ve dolay\u0131s\u0131yla daha \u00fcst\u00fcn ya da a\u015fa\u011f\u0131 herhangi bir \u201cuygarl\u0131k\u201d oldu\u011funu s\u00f6ylemek zor. Nihayetinde g\u00f6\u00e7er avc\u0131toplay\u0131c\u0131, \u00e7ift\u00e7i yerle\u015fik ve kanda\u015f yar\u0131g\u00f6\u00e7er gibi ba\u015fl\u0131ca ya\u015fam ve \u00fcretim bi\u00e7imlerine g\u00f6re \u015fekillenip \u00e7\u00f6ken tipolojik \u00f6rg\u00fctlenme bi\u00e7im ve birimleri s\u00f6z konusu. Bu \u00e7al\u0131\u015fmada ilksel \u00f6rnekleri \u00fczerinden ele al\u0131naca\u011f\u0131 gibi\u2026<\/p>\n","protected":false},"excerpt":{"rendered":"<p>Devletin ne zaman, nas\u0131l ve daha da \u00f6nemlisi ni\u00e7in ortaya \u00e7\u0131kt\u0131\u011f\u0131 bitmeyen bir tart\u0131\u015fma konusu. Genellikle d\u00fcnya\/insanl\u0131k tarihinin kronolojik olarak ele al\u0131nd\u0131\u011f\u0131 literat\u00fcrde, temelleri 1819. y\u00fczy\u0131lda<span class=\"excerpt-hellip\"> [\u2026]<\/span><\/p>\n","protected":false},"featured_media":0,"template":"","meta":{"_monsterinsights_skip_tracking":false,"_monsterinsights_sitenote_active":false,"_monsterinsights_sitenote_note":"","_monsterinsights_sitenote_category":0},"product_brand":[],"product_cat":[12370,12304],"product_tag":[],"class_list":{"0":"post-733946","1":"product","2":"type-product","3":"status-publish","5":"product_cat-arastirma-inceleme","6":"product_cat-tarih","7":"pa_cilt-ciltsiz","8":"pa_tur-kitap","9":"pa_yayinevi-kalkedon-yayincilik","10":"pa_yazar-erdem-denk","12":"first","13":"instock","14":"sale","15":"shipping-taxable","16":"purchasable","17":"product-type-simple"},"_links":{"self":[{"href":"https:\/\/roveyayinevi.com.tr\/index.php\/wp-json\/wp\/v2\/product\/733946","targetHints":{"allow":["GET"]}}],"collection":[{"href":"https:\/\/roveyayinevi.com.tr\/index.php\/wp-json\/wp\/v2\/product"}],"about":[{"href":"https:\/\/roveyayinevi.com.tr\/index.php\/wp-json\/wp\/v2\/types\/product"}],"wp:attachment":[{"href":"https:\/\/roveyayinevi.com.tr\/index.php\/wp-json\/wp\/v2\/media?parent=733946"}],"wp:term":[{"taxonomy":"product_brand","embeddable":true,"href":"https:\/\/roveyayinevi.com.tr\/index.php\/wp-json\/wp\/v2\/product_brand?post=733946"},{"taxonomy":"product_cat","embeddable":true,"href":"https:\/\/roveyayinevi.com.tr\/index.php\/wp-json\/wp\/v2\/product_cat?post=733946"},{"taxonomy":"product_tag","embeddable":true,"href":"https:\/\/roveyayinevi.com.tr\/index.php\/wp-json\/wp\/v2\/product_tag?post=733946"}],"curies":[{"name":"wp","href":"https:\/\/api.w.org\/{rel}","templated":true}]}}