{"id":733945,"date":"2025-08-27T22:19:23","date_gmt":"2025-08-27T19:19:23","guid":{"rendered":"https:\/\/roveyayinevi.com.tr\/index.php\/urun\/teknokulturel-dusler-ve-kabuslar\/"},"modified":"2026-04-16T02:41:40","modified_gmt":"2026-04-15T23:41:40","slug":"teknokulturel-dusler-ve-kabuslar","status":"publish","type":"product","link":"https:\/\/roveyayinevi.com.tr\/index.php\/urun\/teknokulturel-dusler-ve-kabuslar\/","title":{"rendered":"Teknok\u00fclt\u00fcrel D\u00fc\u015fler ve Kabuslar"},"content":{"rendered":"<p>Bu kitab\u0131n amac\u0131 teknok\u00fclt\u00fcr\u00fcn, kendine has ideolojik yap\u0131s\u0131yla yeni bir sosyal ger\u00e7ekli\u011fin temsilcisi oldu\u011funu ortaya koymak ve g\u00fcncel bir anlat\u0131 olarak (teknok\u00fclt\u00fcrel ideoloji ve s\u00f6ylem d\u00fczenine sahip) bilim kurgu sinemas\u0131 \u00fczerinden teknok\u00fclt\u00fcr\u00fcn tematik bir \u00e7\u00f6z\u00fcmlemesini yapmakt\u0131r. T\u00fcrkiye gibi, teknoloji ve bilimin \u00fcreticisi olmasa da zihinsel ve sosyal bir ger\u00e7eklik anlam\u0131nda teknok\u00fclt\u00fcr\u00fcn \u00fcreticisi ve t\u00fcketicisi konumunda olan Bat\u0131 d\u0131\u015f\u0131 toplumlar\u0131n teknok\u00fclt\u00fcr\u00fc nas\u0131l kar\u015f\u0131lad\u0131\u011f\u0131n\u0131 ve buna ba\u011fl\u0131 ideoloji ve s\u00f6ylemleri nas\u0131l in\u015fa etti\u011fini anlamak, teknok\u00fclt\u00fcr\u00fcn h\u00e2kimiyetini g\u00f6r\u00fcn\u00fcr k\u0131lmay\u0131 sa\u011flayacakt\u0131r. Teknok\u00fclt\u00fcr\u00fc anlamak, bu k\u00fclt\u00fcr\u00fc benimseyen ve ayn\u0131 zamanda bu k\u00fclt\u00fcre maruz kalan toplumu kendi dinamikleri i\u00e7inde kavrama, kendine \u00f6zg\u00fc sorular\u0131 ara\u015ft\u0131rma g\u00fcndemine getirme, ele\u015ftirel bir perspektifi koruma ve yeni anlay\u0131\u015flar geli\u015ftirebilme olanaklar\u0131n\u0131 olu\u015fturacakt\u0131r. <\/p>\n","protected":false},"excerpt":{"rendered":"<p>Bu kitab\u0131n amac\u0131 teknok\u00fclt\u00fcr\u00fcn, kendine has ideolojik yap\u0131s\u0131yla yeni bir sosyal ger\u00e7ekli\u011fin temsilcisi oldu\u011funu ortaya koymak ve g\u00fcncel bir anlat\u0131 olarak (teknok\u00fclt\u00fcrel ideoloji ve s\u00f6ylem d\u00fczenine<span class=\"excerpt-hellip\"> [\u2026]<\/span><\/p>\n","protected":false},"featured_media":0,"template":"","meta":{"_monsterinsights_skip_tracking":false,"_monsterinsights_sitenote_active":false,"_monsterinsights_sitenote_note":"","_monsterinsights_sitenote_category":0},"product_brand":[],"product_cat":[13005,37328],"product_tag":[],"class_list":{"0":"post-733945","1":"product","2":"type-product","3":"status-publish","5":"product_cat-bilim-muhendislik","6":"product_cat-diger-bilim-muhendislik","7":"pa_cilt-ciltsiz","8":"pa_tur-kitap","9":"pa_yayinevi-kalkedon-yayincilik","10":"pa_yazar-onur-o-aksit-asli-favaro","12":"first","13":"instock","14":"sale","15":"shipping-taxable","16":"purchasable","17":"product-type-simple"},"_links":{"self":[{"href":"https:\/\/roveyayinevi.com.tr\/index.php\/wp-json\/wp\/v2\/product\/733945","targetHints":{"allow":["GET"]}}],"collection":[{"href":"https:\/\/roveyayinevi.com.tr\/index.php\/wp-json\/wp\/v2\/product"}],"about":[{"href":"https:\/\/roveyayinevi.com.tr\/index.php\/wp-json\/wp\/v2\/types\/product"}],"wp:attachment":[{"href":"https:\/\/roveyayinevi.com.tr\/index.php\/wp-json\/wp\/v2\/media?parent=733945"}],"wp:term":[{"taxonomy":"product_brand","embeddable":true,"href":"https:\/\/roveyayinevi.com.tr\/index.php\/wp-json\/wp\/v2\/product_brand?post=733945"},{"taxonomy":"product_cat","embeddable":true,"href":"https:\/\/roveyayinevi.com.tr\/index.php\/wp-json\/wp\/v2\/product_cat?post=733945"},{"taxonomy":"product_tag","embeddable":true,"href":"https:\/\/roveyayinevi.com.tr\/index.php\/wp-json\/wp\/v2\/product_tag?post=733945"}],"curies":[{"name":"wp","href":"https:\/\/api.w.org\/{rel}","templated":true}]}}