{"id":733943,"date":"2025-08-27T22:19:22","date_gmt":"2025-08-27T19:19:22","guid":{"rendered":"https:\/\/roveyayinevi.com.tr\/index.php\/urun\/doganin-donusu-ekolojinin-uzun-bir-tarihi-cilt-1\/"},"modified":"2026-04-16T02:41:40","modified_gmt":"2026-04-15T23:41:40","slug":"doganin-donusu-ekolojinin-uzun-bir-tarihi-cilt-1","status":"publish","type":"product","link":"https:\/\/roveyayinevi.com.tr\/index.php\/urun\/doganin-donusu-ekolojinin-uzun-bir-tarihi-cilt-1\/","title":{"rendered":"Do\u011fan\u0131n D\u00f6n\u00fc\u015f\u00fc &#8211; Ekolojinin Uzun Bir Tarihi Cilt 1"},"content":{"rendered":"<p>Elinizdeki kitap yakla\u015f\u0131k yirmi y\u0131l s\u00fcrm\u00fc\u015f bir d\u00fc\u015f\u00fcnsel gebeli\u011fin ve say\u0131s\u0131z ar\u015fivde yap\u0131lm\u0131\u015f \u00e7al\u0131\u015fmalar\u0131n \u00fcr\u00fcn\u00fc. Bug\u00fcn, Do\u011fan\u0131n D\u00f6n\u00fc\u015f\u00fc,-insan toplumunun ekolojik k\u00f6klerinin yeniden ke\u015ffi- s\u00fcrekli bir e\u015fitlik ve ekolojik s\u00fcrd\u00fcr\u00fclebilirli\u011fe dayanan toplumsal metabolik yeniden \u00fcretimin organik sistemini kurmak gibi olmazsa olmaz g\u00f6revde \u00e7ok \u00f6nemli bir ad\u0131md\u0131r. Hepsinin \u00f6tesinde, g\u00fcn\u00fcm\u00fcz\u00fcn ekososyalizme do\u011fru ilerleyen k\u00fcresel hareketini tarif eden de budur. Bu kitapta ele al\u0131nan d\u00fc\u015f\u00fcn\u00fcrler d\u00fc\u015f\u00fcncelerini ekososyalizmin tarihsel bir \u00f6zg\u00fcl direni\u015f formu olarak 1980\u2019lerde ortaya \u00e7\u0131k\u0131\u015f\u0131ndan \u00e7ok daha \u00f6nce geli\u015ftirmi\u015f olsalar da, \u00e7ok daha sofistike bir \u015fekilde olsa da, ekolojik ele\u015ftiriyi geli\u015ftirmek i\u00e7in sosyalist kavramlar\u0131, sosyalizmi geli\u015ftirmek i\u00e7in de ekolojik ele\u015ftiriyi kullanarak herkesin izleyece\u011fi yolu haz\u0131rlad\u0131lar. Burada bizim ge\u00e7mi\u015ften \u00e7\u0131karmam\u0131z gereken \u015fey, sadece bir tarihsel anlam de\u011fildir, elde etti\u011fimiz ancak unutulmu\u015f sonu\u00e7lar bug\u00fcn verdi\u011fimiz m\u00fccadeleler bak\u0131m\u0131ndan \u00e7ok b\u00fcy\u00fck \u00f6nem ta\u015f\u0131yor. Homeros\u2019un \u0130lyada\u2019s\u0131ndaki trajedi, daha iyi bir kahraman olan Hector\u2019un yenilmesiydi. Yine de bu, \u00f6lmeyecek ve tekrar tekrar geri d\u00f6necek bir ge\u00e7mi\u015fi simgeliyordu.   John Bellamy Foster <\/p>\n","protected":false},"excerpt":{"rendered":"<p>Elinizdeki kitap yakla\u015f\u0131k yirmi y\u0131l s\u00fcrm\u00fc\u015f bir d\u00fc\u015f\u00fcnsel gebeli\u011fin ve say\u0131s\u0131z ar\u015fivde yap\u0131lm\u0131\u015f \u00e7al\u0131\u015fmalar\u0131n \u00fcr\u00fcn\u00fc. Bug\u00fcn, Do\u011fan\u0131n D\u00f6n\u00fc\u015f\u00fc,-insan toplumunun ekolojik k\u00f6klerinin yeniden ke\u015ffi- s\u00fcrekli bir e\u015fitlik<span class=\"excerpt-hellip\"> [\u2026]<\/span><\/p>\n","protected":false},"featured_media":0,"template":"","meta":{"_monsterinsights_skip_tracking":false,"_monsterinsights_sitenote_active":false,"_monsterinsights_sitenote_note":"","_monsterinsights_sitenote_category":0},"product_brand":[],"product_cat":[23323,12364],"product_tag":[],"class_list":{"0":"post-733943","1":"product","2":"type-product","3":"status-publish","5":"product_cat-ekoloji","6":"product_cat-genel-konular","7":"pa_cilt-ciltsiz","8":"pa_tur-kitap","9":"pa_yayinevi-kalkedon-yayincilik","10":"pa_yazar-john-bellamy-foster","12":"first","13":"instock","14":"sale","15":"shipping-taxable","16":"purchasable","17":"product-type-simple"},"_links":{"self":[{"href":"https:\/\/roveyayinevi.com.tr\/index.php\/wp-json\/wp\/v2\/product\/733943","targetHints":{"allow":["GET"]}}],"collection":[{"href":"https:\/\/roveyayinevi.com.tr\/index.php\/wp-json\/wp\/v2\/product"}],"about":[{"href":"https:\/\/roveyayinevi.com.tr\/index.php\/wp-json\/wp\/v2\/types\/product"}],"wp:attachment":[{"href":"https:\/\/roveyayinevi.com.tr\/index.php\/wp-json\/wp\/v2\/media?parent=733943"}],"wp:term":[{"taxonomy":"product_brand","embeddable":true,"href":"https:\/\/roveyayinevi.com.tr\/index.php\/wp-json\/wp\/v2\/product_brand?post=733943"},{"taxonomy":"product_cat","embeddable":true,"href":"https:\/\/roveyayinevi.com.tr\/index.php\/wp-json\/wp\/v2\/product_cat?post=733943"},{"taxonomy":"product_tag","embeddable":true,"href":"https:\/\/roveyayinevi.com.tr\/index.php\/wp-json\/wp\/v2\/product_tag?post=733943"}],"curies":[{"name":"wp","href":"https:\/\/api.w.org\/{rel}","templated":true}]}}