{"id":733941,"date":"2025-08-27T22:19:20","date_gmt":"2025-08-27T19:19:20","guid":{"rendered":"https:\/\/roveyayinevi.com.tr\/index.php\/urun\/mogolistan-ve-cin-gunlugu\/"},"modified":"2026-04-16T02:41:39","modified_gmt":"2026-04-15T23:41:39","slug":"mogolistan-ve-cin-gunlugu","status":"publish","type":"product","link":"https:\/\/roveyayinevi.com.tr\/index.php\/urun\/mogolistan-ve-cin-gunlugu\/","title":{"rendered":"Mo\u011folistan ve \u00c7in G\u00fcnl\u00fc\u011f\u00fc"},"content":{"rendered":"<p>T\u00fcrkiye\u2019deki ilk kapsaml\u0131 Mo\u011folistan ve \u00c7in belgeseli 1990 y\u0131l\u0131nda TRT taraf\u0131ndan \u00e7ekilmi\u015ftir. \u201cAltaylar\u201d adl\u0131 12 b\u00f6l\u00fcml\u00fck belgeselin dan\u0131\u015fmanlar\u0131ndan Ahmet B. Ercilasun, Mo\u011folistan\u2019da 45, \u00c7in\u2019de 15 g\u00fcn s\u00fcren belgesel \u00e7ekimleri s\u0131ras\u0131nda g\u00f6r\u00fcp ya\u015fad\u0131klar\u0131n\u0131 g\u00fcn\u00fc g\u00fcn\u00fcne defterine not etmi\u015ftir. K\u00f6kt\u00fcrk an\u0131tlar\u0131, Orhun \u015felalesi, Altay Da\u011flar\u0131, Cengiz Han\u2019\u0131n do\u011fdu\u011fu topraklardaki milletler aras\u0131 Cengiz Han \u015fenlikleri\u2026 Mo\u011folistan\u2019daki Kazak, Tuva ve Azerbaycan T\u00fcrkleri\u2026 \u00c7in Seddi, Yasak \u015eehir, Bin Buda ma\u011faralar\u0131\u2026 1990 \u015fartlar\u0131n\u0131n Mo\u011folistan\u2019\u0131. Mo\u011fol ve \u00c7in g\u00f6revlilerle, rehberlerle ya\u015fanan gerilimler. \u00dclkelerin tabiat\u0131, insanlar\u0131, gelenekleri, ya\u015fay\u0131\u015flar\u0131\u2026 B\u00fct\u00fcn bunlar\u0131 ve daha fazlas\u0131n\u0131 bu kitapta Ercilasun\u2019un kaleminden okuyacaks\u0131n\u0131z. Bazen a\u00e7\u0131k bozk\u0131rda, bazen bir \u00e7ad\u0131r i\u00e7inde, bazen otob\u00fcste, bazen bir otelde, bazen sandalyesiz ve masas\u0131z bir han odas\u0131nda, bazen de bozk\u0131rda akan bir trenin kompart\u0131man\u0131nda tutulmu\u015f notlar bir belgeselin arka plan\u0131n\u0131 da g\u00f6rmenizi sa\u011flayacak. Binlerce kilometre uzakl\u0131ktaki soyda\u015flar\u0131m\u0131zla bulu\u015fman\u0131n do\u011furdu\u011fu heyecanlar, binlerce y\u0131l \u00f6nce atalar\u0131m\u0131z\u0131n at s\u00fcrd\u00fc\u011f\u00fc topraklarda nefes alman\u0131n yaratt\u0131\u011f\u0131 duygulanmalar da g\u00fcnl\u00fc\u011f\u00fcn sat\u0131rlar\u0131na sinmi\u015f. Ercilasun\u2019un kaleminden sat\u0131rlara d\u00f6k\u00fclen 30 y\u0131l \u00f6nceki bu maceran\u0131n bug\u00fcn de ilgiyle izlenece\u011fini d\u00fc\u015f\u00fcn\u00fcyoruz.  <\/p>\n","protected":false},"excerpt":{"rendered":"<p>T\u00fcrkiye\u2019deki ilk kapsaml\u0131 Mo\u011folistan ve \u00c7in belgeseli 1990 y\u0131l\u0131nda TRT taraf\u0131ndan \u00e7ekilmi\u015ftir. \u201cAltaylar\u201d adl\u0131 12 b\u00f6l\u00fcml\u00fck belgeselin dan\u0131\u015fmanlar\u0131ndan Ahmet B. Ercilasun, Mo\u011folistan\u2019da 45, \u00c7in\u2019de 15 g\u00fcn<span class=\"excerpt-hellip\"> [\u2026]<\/span><\/p>\n","protected":false},"featured_media":0,"template":"","meta":{"_monsterinsights_skip_tracking":false,"_monsterinsights_sitenote_active":false,"_monsterinsights_sitenote_note":"","_monsterinsights_sitenote_category":0},"product_brand":[],"product_cat":[12370,12304],"product_tag":[],"class_list":{"0":"post-733941","1":"product","2":"type-product","3":"status-publish","5":"product_cat-arastirma-inceleme","6":"product_cat-tarih","7":"pa_cilt-ciltsiz","8":"pa_tur-kitap","9":"pa_yayinevi-bilge-kultur-sanat","10":"pa_yazar-ahmet-bican-ercilasun","12":"first","13":"instock","14":"sale","15":"shipping-taxable","16":"purchasable","17":"product-type-simple"},"_links":{"self":[{"href":"https:\/\/roveyayinevi.com.tr\/index.php\/wp-json\/wp\/v2\/product\/733941","targetHints":{"allow":["GET"]}}],"collection":[{"href":"https:\/\/roveyayinevi.com.tr\/index.php\/wp-json\/wp\/v2\/product"}],"about":[{"href":"https:\/\/roveyayinevi.com.tr\/index.php\/wp-json\/wp\/v2\/types\/product"}],"wp:attachment":[{"href":"https:\/\/roveyayinevi.com.tr\/index.php\/wp-json\/wp\/v2\/media?parent=733941"}],"wp:term":[{"taxonomy":"product_brand","embeddable":true,"href":"https:\/\/roveyayinevi.com.tr\/index.php\/wp-json\/wp\/v2\/product_brand?post=733941"},{"taxonomy":"product_cat","embeddable":true,"href":"https:\/\/roveyayinevi.com.tr\/index.php\/wp-json\/wp\/v2\/product_cat?post=733941"},{"taxonomy":"product_tag","embeddable":true,"href":"https:\/\/roveyayinevi.com.tr\/index.php\/wp-json\/wp\/v2\/product_tag?post=733941"}],"curies":[{"name":"wp","href":"https:\/\/api.w.org\/{rel}","templated":true}]}}