{"id":733939,"date":"2025-08-27T22:19:18","date_gmt":"2025-08-27T19:19:18","guid":{"rendered":"https:\/\/roveyayinevi.com.tr\/index.php\/urun\/temel-haklari-korumak\/"},"modified":"2026-04-16T02:41:39","modified_gmt":"2026-04-15T23:41:39","slug":"temel-haklari-korumak","status":"publish","type":"product","link":"https:\/\/roveyayinevi.com.tr\/index.php\/urun\/temel-haklari-korumak\/","title":{"rendered":"Temel Haklar\u0131 Korumak"},"content":{"rendered":"<p>Gerhart Baum bu kitapta, \u0130\u00e7i\u015fleri Bakanl\u0131\u011f\u0131 yapt\u0131\u011f\u0131 d\u00f6nemde yurtta\u015fl\u0131k haklar\u0131 ter\u00f6r korkusunun \u00e7arklar\u0131na tak\u0131ld\u0131\u011f\u0131nda, her yurtta\u015f\u0131n b\u00fcr\u00fcnd\u00fc\u011f\u00fc boyun e\u011fme ruhunu betimliyor. Polis, gizli \u00f6rg\u00fctler ve ordu aras\u0131ndaki s\u0131n\u0131rlar\u0131n yava\u015f yava\u015f nas\u0131l ortadan kalkt\u0131\u011f\u0131n\u0131 ele alan Baum, \u00e7o\u011fu yurtta\u015f\u0131n sivil haklar kar\u015f\u0131s\u0131ndaki b\u00fcy\u00fck ilgisizli\u011fini g\u00f6zler \u00f6n\u00fcne seriyor. Kitap ayn\u0131 zamanda insan haklar\u0131n\u0131n b\u00fct\u00fcn d\u00fcnyada tutarl\u0131 bir \u015fekilde uygulanmas\u0131 y\u00f6n\u00fcnde bir savunma.   \u201cDemokrasinin tehdit alt\u0131nda oldu\u011fu Almanya\u2019da bizler temel haklar\u0131n ancak her g\u00fcn kullan\u0131lmas\u0131 halinde canl\u0131 kald\u0131klar\u0131n\u0131 deneyimledik. Ter\u00f6r ve kriminalite ya da siyasi a\u015f\u0131r\u0131l\u0131klar asla temel haklar\u0131n ortadan kalkmas\u0131na neden olmamal\u0131. Ciddi bir tehdit an\u0131nda s\u0131n\u0131rland\u0131r\u0131lmalar\u0131 elbette m\u00fcmk\u00fcn, ancak sadece ge\u00e7ici bir s\u00fcreli\u011fine ve \u00e7ok kat\u0131 kurallara ba\u011fl\u0131 olarak. Ciddi bir sorun olmadan \u00f6zg\u00fcrl\u00fcklerden vazge\u00e7erek \u00f6zg\u00fcrl\u00fc\u011f\u00fc savunamay\u0131z. Hele insan ve yurtta\u015fl\u0131k haklar\u0131n\u0131n siyasi g\u00f6r\u00fc\u015fler baz al\u0131narak h\u00fck\u00fcmetler taraf\u0131ndan s\u0131n\u0131rland\u0131r\u0131lmas\u0131 kesinlikle m\u00fcmk\u00fcn de\u011fildir. Y\u00fcr\u00fcrl\u00fckteki uluslararas\u0131 hukuk bunu engeller.\u201d <\/p>\n","protected":false},"excerpt":{"rendered":"<p>Gerhart Baum bu kitapta, \u0130\u00e7i\u015fleri Bakanl\u0131\u011f\u0131 yapt\u0131\u011f\u0131 d\u00f6nemde yurtta\u015fl\u0131k haklar\u0131 ter\u00f6r korkusunun \u00e7arklar\u0131na tak\u0131ld\u0131\u011f\u0131nda, her yurtta\u015f\u0131n b\u00fcr\u00fcnd\u00fc\u011f\u00fc boyun e\u011fme ruhunu betimliyor. Polis, gizli \u00f6rg\u00fctler ve ordu<span class=\"excerpt-hellip\"> [\u2026]<\/span><\/p>\n","protected":false},"featured_media":0,"template":"","meta":{"_monsterinsights_skip_tracking":false,"_monsterinsights_sitenote_active":false,"_monsterinsights_sitenote_note":"","_monsterinsights_sitenote_category":0},"product_brand":[],"product_cat":[15350,17602],"product_tag":[],"class_list":{"0":"post-733939","1":"product","2":"type-product","3":"status-publish","5":"product_cat-hukuk","6":"product_cat-hukuk-uzerine","7":"pa_cilt-ciltsiz","8":"pa_tur-kitap","9":"pa_yayinevi-serbest-kitaplar","10":"pa_yazar-gerhart-baum","12":"first","13":"instock","14":"sale","15":"shipping-taxable","16":"purchasable","17":"product-type-simple"},"_links":{"self":[{"href":"https:\/\/roveyayinevi.com.tr\/index.php\/wp-json\/wp\/v2\/product\/733939","targetHints":{"allow":["GET"]}}],"collection":[{"href":"https:\/\/roveyayinevi.com.tr\/index.php\/wp-json\/wp\/v2\/product"}],"about":[{"href":"https:\/\/roveyayinevi.com.tr\/index.php\/wp-json\/wp\/v2\/types\/product"}],"wp:attachment":[{"href":"https:\/\/roveyayinevi.com.tr\/index.php\/wp-json\/wp\/v2\/media?parent=733939"}],"wp:term":[{"taxonomy":"product_brand","embeddable":true,"href":"https:\/\/roveyayinevi.com.tr\/index.php\/wp-json\/wp\/v2\/product_brand?post=733939"},{"taxonomy":"product_cat","embeddable":true,"href":"https:\/\/roveyayinevi.com.tr\/index.php\/wp-json\/wp\/v2\/product_cat?post=733939"},{"taxonomy":"product_tag","embeddable":true,"href":"https:\/\/roveyayinevi.com.tr\/index.php\/wp-json\/wp\/v2\/product_tag?post=733939"}],"curies":[{"name":"wp","href":"https:\/\/api.w.org\/{rel}","templated":true}]}}