{"id":733937,"date":"2025-08-27T22:19:16","date_gmt":"2025-08-27T19:19:16","guid":{"rendered":"https:\/\/roveyayinevi.com.tr\/index.php\/urun\/toplumsali-yeniden-toplama\/"},"modified":"2026-04-16T02:41:39","modified_gmt":"2026-04-15T23:41:39","slug":"toplumsali-yeniden-toplama","status":"publish","type":"product","link":"https:\/\/roveyayinevi.com.tr\/index.php\/urun\/toplumsali-yeniden-toplama\/","title":{"rendered":"Toplumsal\u0131 Yeniden Toplama"},"content":{"rendered":"<p>Toplum nedir? \u201cToplumsal\u201d kelimesi ne anlama gelir? Neden baz\u0131 faaliyetlerin \u201ctoplumsal bir boyut\u201du oldu\u011fu s\u00f6ylenir?   Toplumsal olan\u0131 \u00f6zel bir alan, belirli bir \u00e2lem ya da tikel bir t\u00fcr \u015fey olarak de\u011fil; yaln\u0131zca hayli kendine \u00f6zg\u00fc bir yeniden ortakl\u0131k kurma ve yeniden bir araya toplama hareketi olarak tan\u0131mlayan Bruno Latour, Toplumsal\u0131 Yeniden Toplama\u2019da \u201ctoplumsal\u201d\u0131n ba\u015flang\u0131\u00e7taki anlam\u0131na d\u00f6nerek ve tekrar ba\u011flant\u0131lar\u0131 izleyebilmesini sa\u011flayarak toplumsal nosyonunu yeniden tan\u0131mlamay\u0131 ama\u00e7l\u0131yor.   Toplumsal\u0131 Yeniden Toplama, \u201cakt\u00f6r-a\u011f teorisi\u201dni ve onun en etkili taraftarlar\u0131ndan Bruno Latour\u2019un fikirlerini merak edenler i\u00e7in \u00f6nemli bir kaynak. <\/p>\n","protected":false},"excerpt":{"rendered":"<p>Toplum nedir? \u201cToplumsal\u201d kelimesi ne anlama gelir? Neden baz\u0131 faaliyetlerin \u201ctoplumsal bir boyut\u201du oldu\u011fu s\u00f6ylenir? Toplumsal olan\u0131 \u00f6zel bir alan, belirli bir \u00e2lem ya da tikel<span class=\"excerpt-hellip\"> [\u2026]<\/span><\/p>\n","protected":false},"featured_media":0,"template":"","meta":{"_monsterinsights_skip_tracking":false,"_monsterinsights_sitenote_active":false,"_monsterinsights_sitenote_note":"","_monsterinsights_sitenote_category":0},"product_brand":[],"product_cat":[14787,13488],"product_tag":[],"class_list":{"0":"post-733937","1":"product","2":"type-product","3":"status-publish","5":"product_cat-diger-toplum-ve-insan","6":"product_cat-toplum-ve-insan","7":"pa_cilt-ciltsiz","8":"pa_tur-kitap","9":"pa_yayinevi-tellekt","10":"pa_yazar-bruna-latour","12":"first","13":"instock","14":"sale","15":"shipping-taxable","16":"purchasable","17":"product-type-simple"},"_links":{"self":[{"href":"https:\/\/roveyayinevi.com.tr\/index.php\/wp-json\/wp\/v2\/product\/733937","targetHints":{"allow":["GET"]}}],"collection":[{"href":"https:\/\/roveyayinevi.com.tr\/index.php\/wp-json\/wp\/v2\/product"}],"about":[{"href":"https:\/\/roveyayinevi.com.tr\/index.php\/wp-json\/wp\/v2\/types\/product"}],"wp:attachment":[{"href":"https:\/\/roveyayinevi.com.tr\/index.php\/wp-json\/wp\/v2\/media?parent=733937"}],"wp:term":[{"taxonomy":"product_brand","embeddable":true,"href":"https:\/\/roveyayinevi.com.tr\/index.php\/wp-json\/wp\/v2\/product_brand?post=733937"},{"taxonomy":"product_cat","embeddable":true,"href":"https:\/\/roveyayinevi.com.tr\/index.php\/wp-json\/wp\/v2\/product_cat?post=733937"},{"taxonomy":"product_tag","embeddable":true,"href":"https:\/\/roveyayinevi.com.tr\/index.php\/wp-json\/wp\/v2\/product_tag?post=733937"}],"curies":[{"name":"wp","href":"https:\/\/api.w.org\/{rel}","templated":true}]}}