{"id":733933,"date":"2025-08-27T22:19:12","date_gmt":"2025-08-27T19:19:12","guid":{"rendered":"https:\/\/roveyayinevi.com.tr\/index.php\/urun\/ruhun-ten-yuzune-cikisi\/"},"modified":"2026-04-16T02:41:39","modified_gmt":"2026-04-15T23:41:39","slug":"ruhun-ten-yuzune-cikisi","status":"publish","type":"product","link":"https:\/\/roveyayinevi.com.tr\/index.php\/urun\/ruhun-ten-yuzune-cikisi\/","title":{"rendered":"Ruhun Ten Y\u00fcz\u00fcne \u00c7\u0131k\u0131\u015f\u0131"},"content":{"rendered":"<p>\u201cD\u00f6vmelerim ruhumun bir yans\u0131mas\u0131, bedenim ise evrendeki mabedim ve ben mabedimin bir sanat eseri olmas\u0131n\u0131 istiyorum.\u201d   Beden, insan benli\u011finin g\u00f6r\u00fcnen yans\u0131mas\u0131d\u0131r. Onun \u00fczerine i\u015flenen kal\u0131c\u0131 izler de, s\u00f6zc\u00fcklerle ifade edilemeyecek olan evrensel hik\u00e2yeleri kadim insandan bug\u00fcne dek farkl\u0131 bir lisanda anlat\u0131rlar. D\u00f6vmeler tarihsel s\u00fcre\u00e7te kimi zaman koruyucu bir t\u0131ls\u0131m, kimi zaman mahk\u00fbm ve su\u00e7lular\u0131n utan\u00e7 lekesi, bazen bir soyluluk ni\u015fanesi ya da bir kabilenin \u201ctotemi\u201d olarak i\u015flenirken bazen de sava\u015f kahramanlar\u0131n\u0131n \u201conur simgesi\u201d hatta maceraperest \u00e7apk\u0131n denizcilerin \u201cb\u00f6lge hat\u0131ralar\u0131\u201d olarak g\u00f6r\u00fclm\u00fc\u015ft\u00fcr. D\u00f6vme sanat\u00e7\u0131s\u0131 Billur Erg\u00fcn Cengiz, RUHUN TEN Y\u00dcZ\u00dcNE \u00c7IKI\u015eI adl\u0131 bu kitapta t\u00fcm d\u00fcnyan\u0131n beden co\u011frafyas\u0131nda gezinerek, d\u00f6vmenin M\u0131s\u0131r\u2019dan Polinezya\u2019ya, oradan Anadolu\u2019ya ve Avrupa\u2019ya uzanan ser\u00fcvenini g\u00fcn\u00fcm\u00fcz bak\u0131\u015f a\u00e7\u0131s\u0131yla yeniden ke\u015ffediyor. Yazar d\u00f6vmeyi dinler, toplumsal alg\u0131, s\u0131n\u0131f farkl\u0131l\u0131klar\u0131, k\u00fclt\u00fcr, antropoloji, sanat ve psikoloji gibi a\u00e7\u0131lardan ele alarak d\u00f6vmenin sadece d\u00f6vme olmad\u0131\u011f\u0131n\u0131 g\u00f6zler \u00f6n\u00fcne seriyor. <\/p>\n","protected":false},"excerpt":{"rendered":"<p>\u201cD\u00f6vmelerim ruhumun bir yans\u0131mas\u0131, bedenim ise evrendeki mabedim ve ben mabedimin bir sanat eseri olmas\u0131n\u0131 istiyorum.\u201d Beden, insan benli\u011finin g\u00f6r\u00fcnen yans\u0131mas\u0131d\u0131r. Onun \u00fczerine i\u015flenen kal\u0131c\u0131 izler<span class=\"excerpt-hellip\"> [\u2026]<\/span><\/p>\n","protected":false},"featured_media":0,"template":"","meta":{"_monsterinsights_skip_tracking":false,"_monsterinsights_sitenote_active":false,"_monsterinsights_sitenote_note":"","_monsterinsights_sitenote_category":0},"product_brand":[],"product_cat":[15499,13488],"product_tag":[],"class_list":{"0":"post-733933","1":"product","2":"type-product","3":"status-publish","5":"product_cat-antropoloji","6":"product_cat-toplum-ve-insan","7":"pa_cilt-ciltsiz","8":"pa_tur-kitap","9":"pa_yayinevi-beyaz-baykus-yayinlari","10":"pa_yazar-billur-ergun-cengiz","12":"first","13":"instock","14":"sale","15":"shipping-taxable","16":"purchasable","17":"product-type-simple"},"_links":{"self":[{"href":"https:\/\/roveyayinevi.com.tr\/index.php\/wp-json\/wp\/v2\/product\/733933","targetHints":{"allow":["GET"]}}],"collection":[{"href":"https:\/\/roveyayinevi.com.tr\/index.php\/wp-json\/wp\/v2\/product"}],"about":[{"href":"https:\/\/roveyayinevi.com.tr\/index.php\/wp-json\/wp\/v2\/types\/product"}],"wp:attachment":[{"href":"https:\/\/roveyayinevi.com.tr\/index.php\/wp-json\/wp\/v2\/media?parent=733933"}],"wp:term":[{"taxonomy":"product_brand","embeddable":true,"href":"https:\/\/roveyayinevi.com.tr\/index.php\/wp-json\/wp\/v2\/product_brand?post=733933"},{"taxonomy":"product_cat","embeddable":true,"href":"https:\/\/roveyayinevi.com.tr\/index.php\/wp-json\/wp\/v2\/product_cat?post=733933"},{"taxonomy":"product_tag","embeddable":true,"href":"https:\/\/roveyayinevi.com.tr\/index.php\/wp-json\/wp\/v2\/product_tag?post=733933"}],"curies":[{"name":"wp","href":"https:\/\/api.w.org\/{rel}","templated":true}]}}