{"id":733931,"date":"2025-08-27T22:19:10","date_gmt":"2025-08-27T19:19:10","guid":{"rendered":"https:\/\/roveyayinevi.com.tr\/index.php\/urun\/secilmis-kahramanin-el-kitabi-1-2-2-kitap-set\/"},"modified":"2026-04-16T02:41:39","modified_gmt":"2026-04-15T23:41:39","slug":"secilmis-kahramanin-el-kitabi-1-2-2-kitap-set","status":"publish","type":"product","link":"https:\/\/roveyayinevi.com.tr\/index.php\/urun\/secilmis-kahramanin-el-kitabi-1-2-2-kitap-set\/","title":{"rendered":"Se\u00e7ilmi\u015f Kahraman\u0131n El Kitab\u0131 1-2 (2 Kitap Set)"},"content":{"rendered":"<p>\u00c7ift tarafl\u0131 hareketli ve oyunlu macera kitab\u0131! 2. b\u00f6l\u00fcme ge\u00e7mek istiyorsan ters \u00e7evir ve yeni maceraya ba\u015fla. Merhaba ben Res, Sihirli D\u00fcnya\u2019daki \u00e7ocuklar i\u00e7in sihirli oyunlar \u00fcretiyorum daha do\u011frusu \u00fcretiyordum, ta ki Karayasa k\u00f6y\u00fcm\u00fcze gelene kadar. O geldi\u011finden beri ba\u015f\u0131m\u0131za gelmeyen kalmad\u0131. Bize yard\u0131m edersen, verilen g\u00f6revleri rahatl\u0131kla yapabiliriz. Bunun i\u00e7in bir\u00e7ok hareketi yapman, \u015fifreleri \u00e7\u00f6zmen, zaman\u0131 iyi kullanman ve canavarlarla m\u00fccadele etmen gerekecek. Bunu ba\u015farabilir misin? Belki de Bilge Toer\u2019in bahsetti\u011fi se\u00e7ilmi\u015f kahraman sensindir&#8230; Not: Bu oyun kitab\u0131n\u0131 her zaman oturarak okuyamazs\u0131n.<\/p>\n","protected":false},"excerpt":{"rendered":"<p>\u00c7ift tarafl\u0131 hareketli ve oyunlu macera kitab\u0131! 2. b\u00f6l\u00fcme ge\u00e7mek istiyorsan ters \u00e7evir ve yeni maceraya ba\u015fla. Merhaba ben Res, Sihirli D\u00fcnya\u2019daki \u00e7ocuklar i\u00e7in sihirli oyunlar<span class=\"excerpt-hellip\"> [\u2026]<\/span><\/p>\n","protected":false},"featured_media":0,"template":"","meta":{"_monsterinsights_skip_tracking":false,"_monsterinsights_sitenote_active":false,"_monsterinsights_sitenote_note":"","_monsterinsights_sitenote_category":0},"product_brand":[],"product_cat":[12275,12274],"product_tag":[],"class_list":{"0":"post-733931","1":"product","2":"type-product","3":"status-publish","5":"product_cat-6-12-yas-kitaplari","6":"product_cat-cocuk-ve-genclik-kitaplari","7":"pa_cilt-set","8":"pa_tur-kitap","9":"pa_yayinevi-masalperest-ozel-urun","10":"pa_yazar-resul-aydogan","12":"first","13":"instock","14":"sale","15":"shipping-taxable","16":"purchasable","17":"product-type-simple"},"_links":{"self":[{"href":"https:\/\/roveyayinevi.com.tr\/index.php\/wp-json\/wp\/v2\/product\/733931","targetHints":{"allow":["GET"]}}],"collection":[{"href":"https:\/\/roveyayinevi.com.tr\/index.php\/wp-json\/wp\/v2\/product"}],"about":[{"href":"https:\/\/roveyayinevi.com.tr\/index.php\/wp-json\/wp\/v2\/types\/product"}],"wp:attachment":[{"href":"https:\/\/roveyayinevi.com.tr\/index.php\/wp-json\/wp\/v2\/media?parent=733931"}],"wp:term":[{"taxonomy":"product_brand","embeddable":true,"href":"https:\/\/roveyayinevi.com.tr\/index.php\/wp-json\/wp\/v2\/product_brand?post=733931"},{"taxonomy":"product_cat","embeddable":true,"href":"https:\/\/roveyayinevi.com.tr\/index.php\/wp-json\/wp\/v2\/product_cat?post=733931"},{"taxonomy":"product_tag","embeddable":true,"href":"https:\/\/roveyayinevi.com.tr\/index.php\/wp-json\/wp\/v2\/product_tag?post=733931"}],"curies":[{"name":"wp","href":"https:\/\/api.w.org\/{rel}","templated":true}]}}