{"id":733929,"date":"2025-08-27T22:19:07","date_gmt":"2025-08-27T19:19:07","guid":{"rendered":"https:\/\/roveyayinevi.com.tr\/index.php\/urun\/kovuk-yarasi\/"},"modified":"2026-04-16T02:41:39","modified_gmt":"2026-04-15T23:41:39","slug":"kovuk-yarasi","status":"publish","type":"product","link":"https:\/\/roveyayinevi.com.tr\/index.php\/urun\/kovuk-yarasi\/","title":{"rendered":"Kovuk Yaras\u0131"},"content":{"rendered":"<p>\u201cz\u00fcmr\u00fct, bug\u00fcn de ak\u015fam olacak. kehribar g\u00f6zlerinin bakmad\u0131\u011f\u0131 k\u0131y\u0131lar\u0131ma, bir kenara yaz\u0131yorum, alt\u0131n\u0131 \u00e7iziyorum kal\u0131n ve ince. ben hep \u0131ss\u0131z sessizliklerde kaybolurum, sitemlerimi yutkunurum, i\u00e7imde ya\u015far k\u00f6leli\u011fim, verilmeyen nasiplerimle. ve hep diri kal\u0131r ruhum, z\u00fcmr\u00fct g\u00f6zlerini d\u00fc\u015f\u00fcnd\u00fck\u00e7e.\u201d<\/p>\n","protected":false},"excerpt":{"rendered":"<p>\u201cz\u00fcmr\u00fct, bug\u00fcn de ak\u015fam olacak. kehribar g\u00f6zlerinin bakmad\u0131\u011f\u0131 k\u0131y\u0131lar\u0131ma, bir kenara yaz\u0131yorum, alt\u0131n\u0131 \u00e7iziyorum kal\u0131n ve ince. ben hep \u0131ss\u0131z sessizliklerde kaybolurum, sitemlerimi yutkunurum, i\u00e7imde ya\u015far<span class=\"excerpt-hellip\"> [\u2026]<\/span><\/p>\n","protected":false},"featured_media":0,"template":"","meta":{"_monsterinsights_skip_tracking":false,"_monsterinsights_sitenote_active":false,"_monsterinsights_sitenote_note":"","_monsterinsights_sitenote_category":0},"product_brand":[],"product_cat":[12291,12509],"product_tag":[],"class_list":{"0":"post-733929","1":"product","2":"type-product","3":"status-publish","5":"product_cat-edebiyat","6":"product_cat-siir","7":"pa_cilt-ciltsiz","8":"pa_tur-kitap","9":"pa_yayinevi-elpis-yayinlari","10":"pa_yazar-gul-bulbul","12":"first","13":"instock","14":"sale","15":"shipping-taxable","16":"purchasable","17":"product-type-simple"},"_links":{"self":[{"href":"https:\/\/roveyayinevi.com.tr\/index.php\/wp-json\/wp\/v2\/product\/733929","targetHints":{"allow":["GET"]}}],"collection":[{"href":"https:\/\/roveyayinevi.com.tr\/index.php\/wp-json\/wp\/v2\/product"}],"about":[{"href":"https:\/\/roveyayinevi.com.tr\/index.php\/wp-json\/wp\/v2\/types\/product"}],"wp:attachment":[{"href":"https:\/\/roveyayinevi.com.tr\/index.php\/wp-json\/wp\/v2\/media?parent=733929"}],"wp:term":[{"taxonomy":"product_brand","embeddable":true,"href":"https:\/\/roveyayinevi.com.tr\/index.php\/wp-json\/wp\/v2\/product_brand?post=733929"},{"taxonomy":"product_cat","embeddable":true,"href":"https:\/\/roveyayinevi.com.tr\/index.php\/wp-json\/wp\/v2\/product_cat?post=733929"},{"taxonomy":"product_tag","embeddable":true,"href":"https:\/\/roveyayinevi.com.tr\/index.php\/wp-json\/wp\/v2\/product_tag?post=733929"}],"curies":[{"name":"wp","href":"https:\/\/api.w.org\/{rel}","templated":true}]}}