{"id":733927,"date":"2025-08-27T22:19:05","date_gmt":"2025-08-27T19:19:05","guid":{"rendered":"https:\/\/roveyayinevi.com.tr\/index.php\/urun\/sagir-murat-ile-akkiz\/"},"modified":"2026-04-16T02:41:39","modified_gmt":"2026-04-15T23:41:39","slug":"sagir-murat-ile-akkiz","status":"publish","type":"product","link":"https:\/\/roveyayinevi.com.tr\/index.php\/urun\/sagir-murat-ile-akkiz\/","title":{"rendered":"Sa\u011f\u0131r Murat ile Akk\u0131z"},"content":{"rendered":"<p>Dedem, Sa\u011f\u0131r Murad&#8217;\u0131m. Babaannem Akk\u0131z&#8217;\u0131m. Sizin elinizde b\u00fcy\u00fcd\u00fcm. Ne kadar az hat\u0131rlasam da ben sizi her \u015feyden \u00e7ok seviyorum. Sar\u0131lmalara, \u015fakala\u015fmalara ve sizin yan\u0131n\u0131zda o bah\u00e7eli evde olmaya ger\u00e7ekten doyam\u0131yorum.   Daha \u00f6lmediniz ve hatta bu kitab\u0131 da okuyacaks\u0131n\u0131z. Ama bir g\u00fcn gitti\u011finizde bu kitap ve sonra bunun filmi bana en g\u00fczel hediye olacak. Bunu bana verdi\u011finiz i\u00e7in kalbimin en derin yuvas\u0131ndan size te\u015fekk\u00fcr ediyorum. Her zaman sa\u011f olun ve yan\u0131m\u0131zda var olun daha size ihtiyac\u0131m var. Bana babaanne elinden yemekler yap\u0131p; dededen de \u00e7ok t\u00fcrk\u00fcler dinletmeniz laz\u0131m.   Dertlerimiz \u00e7ok farkl\u0131. Bir yandan birimiz ko\u015fturup ka\u00e7\u0131r\u0131p yorulurken \u00f6b\u00fcr\u00fcm\u00fcz art\u0131k sadece havay\u0131 dert eder olmu\u015f. Hayvanlar\u0131 dert eder olmu\u015f. Do\u011fay\u0131 dert eder olmu\u015f. Bunlar\u0131 taklit etmemde belki biraz delilik vard\u0131r ama belki de sizleri daha \u00e7ok anlay\u0131p ya\u015fayabilmek i\u00e7indir. Belki ger\u00e7ekten hi\u00e7 korkmuyorum dedi\u011fim \u015feyden korkuyorumdur. Belki de ger\u00e7ekten ya\u015famaktan. \u00c7ok k\u00fc\u00e7\u00fc\u011f\u00fcm daha ve hayat devam ederken onu anlar\u0131m belki diye pe\u015finde ko\u015fturmaktan esas ya\u015fam\u0131 ka\u00e7\u0131r\u0131yorum. Uyurken uyku girmiyor g\u00f6z\u00fcme ve en g\u00fczel ya\u015fam i\u00e7in planlar yap\u0131yorum, uygularken de planlar\u0131, kendimi uyurken buluyorum.   \u00c7abayla ve zorla zevk almaya \u00e7al\u0131\u015ft\u0131\u011f\u0131m \u015fu hayattan en son ne zaman durdum da izleyip g\u00f6r\u00fcp \u00f6ylece bakt\u0131m? A\u011fz\u0131m kapal\u0131 olsa da d\u00fc\u015f\u00fcncelerim en son ne zaman sustu?   Hayat\u0131 anlamak i\u00e7indi her \u015fey, peki anlayabildim mi bari?   Bunlar\u0131n hi\u00e7birine gerek yoktu, onu anlad\u0131m en az\u0131ndan. Ama hi\u00e7birini de anlayamad\u0131m sizler olmadan. Akk\u0131z&#8217;\u0131mdan vefal\u0131 olmay\u0131, affetmeyi, Murad&#8217;\u0131mdan da inanmay\u0131 ve cesur olup dinlemeyi \u00f6\u011frendim. Sa\u011f\u0131r Murat gibi baz\u0131 \u015feyleri duymazl\u0131ktan gelip yeri geldi\u011finde yak\u0131\u015ft\u0131rmay\u0131, Akk\u0131z&#8217;dan da ne\u015fe dolu olup, g\u00fcl\u00fcp hayattan zevk almay\u0131. Yani ne olursa olsun hayat gelip ge\u00e7iyor zaten. Y\u00f6netici olmaya \u00e7al\u0131\u015fan her zaman yorulmu\u015ftur. Hayat bize g\u00fc\u00e7l\u00fc gelir. \u0130zleyelim de merakla g\u00f6relim ne oluyor. Sonunda emin olun ki Akk\u0131z ile Murat gibi siz de gururlu bir \u015fekilde ya\u015fam\u0131\u015f olursunuz bu \u201cBir Solukluk \u00d6mr\u00fc\u2026\u201d<\/p>\n","protected":false},"excerpt":{"rendered":"<p>Dedem, Sa\u011f\u0131r Murad&#8217;\u0131m. Babaannem Akk\u0131z&#8217;\u0131m. Sizin elinizde b\u00fcy\u00fcd\u00fcm. Ne kadar az hat\u0131rlasam da ben sizi her \u015feyden \u00e7ok seviyorum. Sar\u0131lmalara, \u015fakala\u015fmalara ve sizin yan\u0131n\u0131zda o bah\u00e7eli<span class=\"excerpt-hellip\"> [\u2026]<\/span><\/p>\n","protected":false},"featured_media":0,"template":"","meta":{"_monsterinsights_skip_tracking":false,"_monsterinsights_sitenote_active":false,"_monsterinsights_sitenote_note":"","_monsterinsights_sitenote_category":0},"product_brand":[],"product_cat":[14009,12291],"product_tag":[],"class_list":{"0":"post-733927","1":"product","2":"type-product","3":"status-publish","5":"product_cat-biyografi-otobiyografi-edebiyat","6":"product_cat-edebiyat","7":"pa_cilt-ciltsiz","8":"pa_tur-kitap","9":"pa_yayinevi-elpis-yayinlari","10":"pa_yazar-efe-gunendi","12":"first","13":"instock","14":"sale","15":"shipping-taxable","16":"purchasable","17":"product-type-simple"},"_links":{"self":[{"href":"https:\/\/roveyayinevi.com.tr\/index.php\/wp-json\/wp\/v2\/product\/733927","targetHints":{"allow":["GET"]}}],"collection":[{"href":"https:\/\/roveyayinevi.com.tr\/index.php\/wp-json\/wp\/v2\/product"}],"about":[{"href":"https:\/\/roveyayinevi.com.tr\/index.php\/wp-json\/wp\/v2\/types\/product"}],"wp:attachment":[{"href":"https:\/\/roveyayinevi.com.tr\/index.php\/wp-json\/wp\/v2\/media?parent=733927"}],"wp:term":[{"taxonomy":"product_brand","embeddable":true,"href":"https:\/\/roveyayinevi.com.tr\/index.php\/wp-json\/wp\/v2\/product_brand?post=733927"},{"taxonomy":"product_cat","embeddable":true,"href":"https:\/\/roveyayinevi.com.tr\/index.php\/wp-json\/wp\/v2\/product_cat?post=733927"},{"taxonomy":"product_tag","embeddable":true,"href":"https:\/\/roveyayinevi.com.tr\/index.php\/wp-json\/wp\/v2\/product_tag?post=733927"}],"curies":[{"name":"wp","href":"https:\/\/api.w.org\/{rel}","templated":true}]}}