{"id":733925,"date":"2025-08-27T22:19:03","date_gmt":"2025-08-27T19:19:03","guid":{"rendered":"https:\/\/roveyayinevi.com.tr\/index.php\/urun\/uzay-kasifleri-ciltli\/"},"modified":"2026-04-16T02:41:39","modified_gmt":"2026-04-15T23:41:39","slug":"uzay-kasifleri-ciltli","status":"publish","type":"product","link":"https:\/\/roveyayinevi.com.tr\/index.php\/urun\/uzay-kasifleri-ciltli\/","title":{"rendered":"Uzay Ka\u015fifleri (Ciltli)"},"content":{"rendered":"<p>Elinizde tuttu\u011funuz bu kitap, al\u0131\u015f\u0131k oldu\u011funuz t\u00fcrden bir kitap de\u011fil. Sayfalar\u0131 aras\u0131nda zor s\u00f6zc\u00fcklere bulanm\u0131\u015f karma\u015f\u0131k a\u00e7\u0131klamalar bulmayacaks\u0131n\u0131z. Harika infografikler sayesinde her bir bilgi k\u0131r\u0131nt\u0131s\u0131, her bilimsel ger\u00e7ek, bir bak\u0131\u015fta kavyabilece\u011finiz \u015fekilde elinizin alt\u0131nda olacak. Evrenin en karma\u015f\u0131k gizemleri, olabildi\u011fince az s\u00f6zc\u00fck ve her \u015feyi anlamay\u0131 kolay ve e\u011flenceli k\u0131lan bolca grafik ve renkli \u00e7izimle \u00f6zetlenmi\u015f olacak. YOLCULU\u011eA HAZIR MISIN? \u015eimdi rahatla, geri say\u0131m ba\u015fl\u0131yor. <\/p>\n","protected":false},"excerpt":{"rendered":"<p>Elinizde tuttu\u011funuz bu kitap, al\u0131\u015f\u0131k oldu\u011funuz t\u00fcrden bir kitap de\u011fil. Sayfalar\u0131 aras\u0131nda zor s\u00f6zc\u00fcklere bulanm\u0131\u015f karma\u015f\u0131k a\u00e7\u0131klamalar bulmayacaks\u0131n\u0131z. Harika infografikler sayesinde her bir bilgi k\u0131r\u0131nt\u0131s\u0131, her<span class=\"excerpt-hellip\"> [\u2026]<\/span><\/p>\n","protected":false},"featured_media":0,"template":"","meta":{"_monsterinsights_skip_tracking":false,"_monsterinsights_sitenote_active":false,"_monsterinsights_sitenote_note":"","_monsterinsights_sitenote_category":0},"product_brand":[],"product_cat":[13829,12274],"product_tag":[],"class_list":{"0":"post-733925","1":"product","2":"type-product","3":"status-publish","5":"product_cat-bilimsel-kitaplar","6":"product_cat-cocuk-ve-genclik-kitaplari","7":"pa_cilt-ciltli","8":"pa_tur-kitap","9":"pa_yayinevi-ketebe-yayinlari","10":"pa_yazar-giulia-de-amicis","12":"first","13":"instock","14":"sale","15":"shipping-taxable","16":"purchasable","17":"product-type-simple"},"_links":{"self":[{"href":"https:\/\/roveyayinevi.com.tr\/index.php\/wp-json\/wp\/v2\/product\/733925","targetHints":{"allow":["GET"]}}],"collection":[{"href":"https:\/\/roveyayinevi.com.tr\/index.php\/wp-json\/wp\/v2\/product"}],"about":[{"href":"https:\/\/roveyayinevi.com.tr\/index.php\/wp-json\/wp\/v2\/types\/product"}],"wp:attachment":[{"href":"https:\/\/roveyayinevi.com.tr\/index.php\/wp-json\/wp\/v2\/media?parent=733925"}],"wp:term":[{"taxonomy":"product_brand","embeddable":true,"href":"https:\/\/roveyayinevi.com.tr\/index.php\/wp-json\/wp\/v2\/product_brand?post=733925"},{"taxonomy":"product_cat","embeddable":true,"href":"https:\/\/roveyayinevi.com.tr\/index.php\/wp-json\/wp\/v2\/product_cat?post=733925"},{"taxonomy":"product_tag","embeddable":true,"href":"https:\/\/roveyayinevi.com.tr\/index.php\/wp-json\/wp\/v2\/product_tag?post=733925"}],"curies":[{"name":"wp","href":"https:\/\/api.w.org\/{rel}","templated":true}]}}