{"id":733923,"date":"2025-08-27T22:19:01","date_gmt":"2025-08-27T19:19:01","guid":{"rendered":"https:\/\/roveyayinevi.com.tr\/index.php\/urun\/anne-bence-anlasabiliriz-yusuf-guzelce-soyluyor-ciltli\/"},"modified":"2026-04-16T02:41:39","modified_gmt":"2026-04-15T23:41:39","slug":"anne-bence-anlasabiliriz-yusuf-guzelce-soyluyor-ciltli","status":"publish","type":"product","link":"https:\/\/roveyayinevi.com.tr\/index.php\/urun\/anne-bence-anlasabiliriz-yusuf-guzelce-soyluyor-ciltli\/","title":{"rendered":"Anne Bence Anla\u015fabiliriz &#8211; Yusuf G\u00fczelce S\u00f6yl\u00fcyor (Ciltli)"},"content":{"rendered":"<p>Yusuf babas\u0131 ile al\u0131\u015fveri\u015fe gidiyor ve isteklerini tutturmadan g\u00fczelce s\u00f6yl\u00fcyor. Bakal\u0131m neler oluyor? Haydi bu kitab\u0131 sana okuyan\u0131 iyi dinlemeye ba\u015fla!Keyifli okumalar.<\/p>\n","protected":false},"excerpt":{"rendered":"<p>Yusuf babas\u0131 ile al\u0131\u015fveri\u015fe gidiyor ve isteklerini tutturmadan g\u00fczelce s\u00f6yl\u00fcyor. Bakal\u0131m neler oluyor? Haydi bu kitab\u0131 sana okuyan\u0131 iyi dinlemeye ba\u015fla!Keyifli okumalar.<\/p>\n","protected":false},"featured_media":0,"template":"","meta":{"_monsterinsights_skip_tracking":false,"_monsterinsights_sitenote_active":false,"_monsterinsights_sitenote_note":"","_monsterinsights_sitenote_category":0},"product_brand":[],"product_cat":[12274,12284],"product_tag":[],"class_list":{"0":"post-733923","1":"product","2":"type-product","3":"status-publish","5":"product_cat-cocuk-ve-genclik-kitaplari","6":"product_cat-hikayeler","7":"pa_cilt-ciltli","8":"pa_tur-kitap","9":"pa_yayinevi-nesil-cocuk-yayinlari","10":"pa_yazar-fazilet-seyitoglu","12":"first","13":"instock","14":"sale","15":"shipping-taxable","16":"purchasable","17":"product-type-simple"},"_links":{"self":[{"href":"https:\/\/roveyayinevi.com.tr\/index.php\/wp-json\/wp\/v2\/product\/733923","targetHints":{"allow":["GET"]}}],"collection":[{"href":"https:\/\/roveyayinevi.com.tr\/index.php\/wp-json\/wp\/v2\/product"}],"about":[{"href":"https:\/\/roveyayinevi.com.tr\/index.php\/wp-json\/wp\/v2\/types\/product"}],"wp:attachment":[{"href":"https:\/\/roveyayinevi.com.tr\/index.php\/wp-json\/wp\/v2\/media?parent=733923"}],"wp:term":[{"taxonomy":"product_brand","embeddable":true,"href":"https:\/\/roveyayinevi.com.tr\/index.php\/wp-json\/wp\/v2\/product_brand?post=733923"},{"taxonomy":"product_cat","embeddable":true,"href":"https:\/\/roveyayinevi.com.tr\/index.php\/wp-json\/wp\/v2\/product_cat?post=733923"},{"taxonomy":"product_tag","embeddable":true,"href":"https:\/\/roveyayinevi.com.tr\/index.php\/wp-json\/wp\/v2\/product_tag?post=733923"}],"curies":[{"name":"wp","href":"https:\/\/api.w.org\/{rel}","templated":true}]}}