{"id":733922,"date":"2025-08-27T22:18:59","date_gmt":"2025-08-27T19:18:59","guid":{"rendered":"https:\/\/roveyayinevi.com.tr\/index.php\/urun\/anne-benimle-kal-yusuf-korkusunu-yeniyor-ciltli\/"},"modified":"2026-04-16T02:41:39","modified_gmt":"2026-04-15T23:41:39","slug":"anne-benimle-kal-yusuf-korkusunu-yeniyor-ciltli","status":"publish","type":"product","link":"https:\/\/roveyayinevi.com.tr\/index.php\/urun\/anne-benimle-kal-yusuf-korkusunu-yeniyor-ciltli\/","title":{"rendered":"Anne Benimle Kal &#8211; Yusuf Korkusunu Yeniyor (Ciltli)"},"content":{"rendered":"<p>O g\u00fcn arkada\u015f\u0131 Can, Yusuflara geldi. Ama Yusuf, tabletindeki korkun\u00e7 karakterlerden korktu ve gece yaln\u0131z ba\u015f\u0131na yatmak istemedi. Ama korkusunu hayalet avc\u0131s\u0131 oyunuyla yendi. Nas\u0131l m\u0131? Beni ve sana bu kitab\u0131 okuyan\u0131 dikkatlice dinle. G\u00fczel okumalar!<\/p>\n","protected":false},"excerpt":{"rendered":"<p>O g\u00fcn arkada\u015f\u0131 Can, Yusuflara geldi. Ama Yusuf, tabletindeki korkun\u00e7 karakterlerden korktu ve gece yaln\u0131z ba\u015f\u0131na yatmak istemedi. Ama korkusunu hayalet avc\u0131s\u0131 oyunuyla yendi. Nas\u0131l m\u0131?<span class=\"excerpt-hellip\"> [\u2026]<\/span><\/p>\n","protected":false},"featured_media":0,"template":"","meta":{"_monsterinsights_skip_tracking":false,"_monsterinsights_sitenote_active":false,"_monsterinsights_sitenote_note":"","_monsterinsights_sitenote_category":0},"product_brand":[],"product_cat":[12274,12284],"product_tag":[],"class_list":{"0":"post-733922","1":"product","2":"type-product","3":"status-publish","5":"product_cat-cocuk-ve-genclik-kitaplari","6":"product_cat-hikayeler","7":"pa_cilt-ciltli","8":"pa_tur-kitap","9":"pa_yayinevi-nesil-cocuk-yayinlari","10":"pa_yazar-fazilet-seyitoglu","12":"first","13":"instock","14":"sale","15":"shipping-taxable","16":"purchasable","17":"product-type-simple"},"_links":{"self":[{"href":"https:\/\/roveyayinevi.com.tr\/index.php\/wp-json\/wp\/v2\/product\/733922","targetHints":{"allow":["GET"]}}],"collection":[{"href":"https:\/\/roveyayinevi.com.tr\/index.php\/wp-json\/wp\/v2\/product"}],"about":[{"href":"https:\/\/roveyayinevi.com.tr\/index.php\/wp-json\/wp\/v2\/types\/product"}],"wp:attachment":[{"href":"https:\/\/roveyayinevi.com.tr\/index.php\/wp-json\/wp\/v2\/media?parent=733922"}],"wp:term":[{"taxonomy":"product_brand","embeddable":true,"href":"https:\/\/roveyayinevi.com.tr\/index.php\/wp-json\/wp\/v2\/product_brand?post=733922"},{"taxonomy":"product_cat","embeddable":true,"href":"https:\/\/roveyayinevi.com.tr\/index.php\/wp-json\/wp\/v2\/product_cat?post=733922"},{"taxonomy":"product_tag","embeddable":true,"href":"https:\/\/roveyayinevi.com.tr\/index.php\/wp-json\/wp\/v2\/product_tag?post=733922"}],"curies":[{"name":"wp","href":"https:\/\/api.w.org\/{rel}","templated":true}]}}