{"id":733919,"date":"2025-08-27T22:18:57","date_gmt":"2025-08-27T19:18:57","guid":{"rendered":"https:\/\/roveyayinevi.com.tr\/index.php\/urun\/bir-musluman-kuran-ve-tarihsellike-nasil-bakmali\/"},"modified":"2026-04-16T02:41:39","modified_gmt":"2026-04-15T23:41:39","slug":"bir-musluman-kuran-ve-tarihsellike-nasil-bakmali","status":"publish","type":"product","link":"https:\/\/roveyayinevi.com.tr\/index.php\/urun\/bir-musluman-kuran-ve-tarihsellike-nasil-bakmali\/","title":{"rendered":"Bir M\u00fcsl\u00fcman Kur&#8217;an ve Tarihsellik&#8217;e Nas\u0131l Bakmal\u0131?"},"content":{"rendered":"<p>\u201cBir M\u00fcsl\u00fcman Nas\u0131l Bakmal\u0131\u201d serisindeki kitaplar, \u00f6zellikle gen\u00e7lerin samimi anlam aray\u0131\u015f\u0131na belli konular ve meseleler etraf\u0131nda bir bak\u0131\u015f a\u00e7\u0131s\u0131 sunma amac\u0131yla haz\u0131rlanm\u0131\u015ft\u0131r. Okuyucular\u0131, \u0130slami hassasiyetler \u00fczerinden d\u00fc\u015f\u00fcnmeye ve ara\u015ft\u0131rmaya sevk etmek amac\u0131ndad\u0131r. \u201cBir M\u00fcsl\u00fcman bu konuya sadece bu \u015fekilde bakmal\u0131d\u0131r\u201d \u015feklinde mutlak\u00e7\u0131 bir anlay\u0131\u015ftan uzakt\u0131r.Bu ama\u00e7la yay\u0131nlanm\u0131\u015f olan Bir M\u00fcsl\u00fcman Kur\u2019an ve Tarihsellik\u2019e Nas\u0131l Bakmal\u0131? isimli bu kitapta, Kur\u2019an\u2019\u0131n tarih i\u00e7indeki tezah\u00fcr\u00fc dolay\u0131s\u0131yla tarihselli\u011fi meselesi tart\u0131\u015f\u0131lmaktad\u0131r. Vahiy, vahiy mele\u011finden tarihsel mahiyeti olan peygambere intikal edince, yery\u00fcz\u00fcnde tezah\u00fcr edebilmektedir. B\u00f6ylece vahyin metafiziksel boyutuna, bir de tarihsellik boyutu eklenmektedir. Vahyin tarihsel d\u00fcnyada kendisiyle tezah\u00fcr etti\u011fi peygamber de bir insan, yani tarihsel bir \u015fahsiyettir. Peygamber, bir taraftan tarihsel d\u00fcnyay\u0131 temsil ederken di\u011fer taraftan da metafiziksel d\u00fcnyay\u0131 temsil etmektedir. Vahyin tarihsel boyutuna bakarak metafiziksel boyutunu g\u00f6z ard\u0131 etmek yerinde bir yakla\u015f\u0131m olmayacakt\u0131r.<\/p>\n","protected":false},"excerpt":{"rendered":"<p>\u201cBir M\u00fcsl\u00fcman Nas\u0131l Bakmal\u0131\u201d serisindeki kitaplar, \u00f6zellikle gen\u00e7lerin samimi anlam aray\u0131\u015f\u0131na belli konular ve meseleler etraf\u0131nda bir bak\u0131\u015f a\u00e7\u0131s\u0131 sunma amac\u0131yla haz\u0131rlanm\u0131\u015ft\u0131r. Okuyucular\u0131, \u0130slami hassasiyetler \u00fczerinden<span class=\"excerpt-hellip\"> [\u2026]<\/span><\/p>\n","protected":false},"featured_media":0,"template":"","meta":{"_monsterinsights_skip_tracking":false,"_monsterinsights_sitenote_active":false,"_monsterinsights_sitenote_note":"","_monsterinsights_sitenote_category":0},"product_brand":[],"product_cat":[13036,12718,12719],"product_tag":[],"class_list":{"0":"post-733919","1":"product","2":"type-product","3":"status-publish","5":"product_cat-arastirma-inceleme-islam","6":"product_cat-din","7":"product_cat-islam","8":"pa_cilt-ciltsiz","9":"pa_tur-kitap","10":"pa_yayinevi-beyan-yayinlari","11":"pa_yazar-sevket-kotan","13":"first","14":"instock","15":"sale","16":"shipping-taxable","17":"purchasable","18":"product-type-simple"},"_links":{"self":[{"href":"https:\/\/roveyayinevi.com.tr\/index.php\/wp-json\/wp\/v2\/product\/733919","targetHints":{"allow":["GET"]}}],"collection":[{"href":"https:\/\/roveyayinevi.com.tr\/index.php\/wp-json\/wp\/v2\/product"}],"about":[{"href":"https:\/\/roveyayinevi.com.tr\/index.php\/wp-json\/wp\/v2\/types\/product"}],"wp:attachment":[{"href":"https:\/\/roveyayinevi.com.tr\/index.php\/wp-json\/wp\/v2\/media?parent=733919"}],"wp:term":[{"taxonomy":"product_brand","embeddable":true,"href":"https:\/\/roveyayinevi.com.tr\/index.php\/wp-json\/wp\/v2\/product_brand?post=733919"},{"taxonomy":"product_cat","embeddable":true,"href":"https:\/\/roveyayinevi.com.tr\/index.php\/wp-json\/wp\/v2\/product_cat?post=733919"},{"taxonomy":"product_tag","embeddable":true,"href":"https:\/\/roveyayinevi.com.tr\/index.php\/wp-json\/wp\/v2\/product_tag?post=733919"}],"curies":[{"name":"wp","href":"https:\/\/api.w.org\/{rel}","templated":true}]}}