{"id":733917,"date":"2025-08-27T22:18:55","date_gmt":"2025-08-27T19:18:55","guid":{"rendered":"https:\/\/roveyayinevi.com.tr\/index.php\/urun\/bir-agacin-altinda\/"},"modified":"2026-04-16T02:41:39","modified_gmt":"2026-04-15T23:41:39","slug":"bir-agacin-altinda","status":"publish","type":"product","link":"https:\/\/roveyayinevi.com.tr\/index.php\/urun\/bir-agacin-altinda\/","title":{"rendered":"Bir A\u011fac\u0131n Alt\u0131nda"},"content":{"rendered":"<p>Sel\u00e7uk Demirel\u2019in kendine \u00f6zg\u00fc g\u00f6rsel poetikas\u0131n\u0131n besledi\u011fi, G\u00fcven Turan\u2019\u0131n deyi\u015fiyle \u201cd\u00fc\u015f a\u011fa\u00e7lar\u201ddan olu\u015fan bir \u201cd\u00fc\u015f orman\u0131\u201dn\u0131n farkl\u0131 y\u00f6nleri bu \u00e7izimler. Do\u011fay\u0131 ve d\u0131\u015far\u0131da olma hissini besleyen, zengin ayr\u0131nt\u0131lar\u0131n olu\u015fturdu\u011fu bu g\u00f6rsel \u015f\u00f6len ve \u015fiirsel patika yolun kar\u015f\u0131m\u0131za \u00e7\u0131kard\u0131\u011f\u0131 bu d\u00fc\u015fler orman\u0131n\u0131n \u201cye\u015fil kalabal\u0131\u011f\u0131nda\u201d  kaybolma korkusu bir yanda, bulunma korkusu di\u011fer yanda. Bu ormanda yolunuzu kaybederseniz \u015fayet, a\u011fa\u00e7lara sorun, onlar size \u00e7i\u00e7ek a\u00e7acakt\u0131r\u2026 \u201cSel\u00e7uk Demirel\u2019in \u2018Bir A\u011fac\u0131n Alt\u0131nda\u2019 serisinde g\u00f6rd\u00fc\u011f\u00fcm\u00fcz fig\u00fcrler, adeta s\u00fcrmekte olan zaman\u0131n izd\u00fc\u015f\u00fcmleridir. Par\u00e7alanan bir zaman\u0131n i\u00e7erisinden, bilinen ger\u00e7ekli\u011fin \u00e7ok \u00f6tesinden \u00e7\u0131kagelirler. Do\u011fan\u0131n tam ortas\u0131nda a\u00e7\u0131lan bir yar\u0131ktan g\u00fcn y\u00fcz\u00fcne \u00e7\u0131kan fig\u00fcrler gibidirler.\u201d                                                                                           Uras K\u0131z\u0131l   \u201c \u2026bundan daha zor olansa bir d\u00fc\u015fler orman\u0131 yaratmakt\u0131r. Sel\u00e7uk Demirel bu d\u00fc\u015f orman\u0131n\u0131 yaratm\u0131\u015f. Y\u0131k\u0131m\u0131n\u0131 da g\u00f6steriyor bize\u2026\u201d                                                                                     G\u00fcven Turan   \u201cBir A\u011fac\u0131n Alt\u0131nda\u201d Sel\u00e7uk Demirel\u2019in 24 Eyl\u00fcl-25 Ekim 2021 tarihleri aras\u0131nda Galeri Nev \u0130stanbul\u2019da a\u00e7aca\u011f\u0131 ki\u015fisel sergisindeki \u00e7al\u0131\u015fmalardan olu\u015fuyor. <\/p>\n","protected":false},"excerpt":{"rendered":"<p>Sel\u00e7uk Demirel\u2019in kendine \u00f6zg\u00fc g\u00f6rsel poetikas\u0131n\u0131n besledi\u011fi, G\u00fcven Turan\u2019\u0131n deyi\u015fiyle \u201cd\u00fc\u015f a\u011fa\u00e7lar\u201ddan olu\u015fan bir \u201cd\u00fc\u015f orman\u0131\u201dn\u0131n farkl\u0131 y\u00f6nleri bu \u00e7izimler. Do\u011fay\u0131 ve d\u0131\u015far\u0131da olma hissini besleyen,<span class=\"excerpt-hellip\"> [\u2026]<\/span><\/p>\n","protected":false},"featured_media":0,"template":"","meta":{"_monsterinsights_skip_tracking":false,"_monsterinsights_sitenote_active":false,"_monsterinsights_sitenote_note":"","_monsterinsights_sitenote_category":0},"product_brand":[],"product_cat":[44608,12408],"product_tag":[],"class_list":{"0":"post-733917","1":"product","2":"type-product","3":"status-publish","5":"product_cat-diger-sanat","6":"product_cat-sanat","7":"pa_cilt-ciltsiz","8":"pa_tur-kitap","9":"pa_yayinevi-yapi-kredi-yayinlari","10":"pa_yazar-selcuk-demirel","12":"first","13":"instock","14":"sale","15":"shipping-taxable","16":"purchasable","17":"product-type-simple"},"_links":{"self":[{"href":"https:\/\/roveyayinevi.com.tr\/index.php\/wp-json\/wp\/v2\/product\/733917","targetHints":{"allow":["GET"]}}],"collection":[{"href":"https:\/\/roveyayinevi.com.tr\/index.php\/wp-json\/wp\/v2\/product"}],"about":[{"href":"https:\/\/roveyayinevi.com.tr\/index.php\/wp-json\/wp\/v2\/types\/product"}],"wp:attachment":[{"href":"https:\/\/roveyayinevi.com.tr\/index.php\/wp-json\/wp\/v2\/media?parent=733917"}],"wp:term":[{"taxonomy":"product_brand","embeddable":true,"href":"https:\/\/roveyayinevi.com.tr\/index.php\/wp-json\/wp\/v2\/product_brand?post=733917"},{"taxonomy":"product_cat","embeddable":true,"href":"https:\/\/roveyayinevi.com.tr\/index.php\/wp-json\/wp\/v2\/product_cat?post=733917"},{"taxonomy":"product_tag","embeddable":true,"href":"https:\/\/roveyayinevi.com.tr\/index.php\/wp-json\/wp\/v2\/product_tag?post=733917"}],"curies":[{"name":"wp","href":"https:\/\/api.w.org\/{rel}","templated":true}]}}