{"id":733916,"date":"2025-08-27T22:18:54","date_gmt":"2025-08-27T19:18:54","guid":{"rendered":"https:\/\/roveyayinevi.com.tr\/index.php\/urun\/sosyal-medyada-pazarlamanin-gucu-kavramlar-isleyis-ve-guncel-yaklasimlar\/"},"modified":"2026-04-16T02:41:39","modified_gmt":"2026-04-15T23:41:39","slug":"sosyal-medyada-pazarlamanin-gucu-kavramlar-isleyis-ve-guncel-yaklasimlar","status":"publish","type":"product","link":"https:\/\/roveyayinevi.com.tr\/index.php\/urun\/sosyal-medyada-pazarlamanin-gucu-kavramlar-isleyis-ve-guncel-yaklasimlar\/","title":{"rendered":"Sosyal Medyada Pazarlaman\u0131n G\u00fcc\u00fc Kavramlar, \u0130\u015fleyi\u015f ve G\u00fcncel Yakla\u015f\u0131mlar"},"content":{"rendered":"<p>1.      B\u00d6L\u00dcM 1: SOSYAL MEDYA VE SOSYAL MEDYA PAZARLAMASI KAVRAMI 2.      B\u00d6L\u00dcM 2: SOSYAL MEDYA PLATFORMLARI 3.      B\u00d6L\u00dcM 3: SOSYAL MEDYADA PAZARLAMA STRATEJ\u0130S\u0130 4.      B\u00d6L\u00dcM 4: SOSYAL MEDYADA PAZARLAMA KARMASI B\u0130LE\u015eENLER\u0130 5.      B\u00d6L\u00dcM 5: SOSYAL MEDYADA T\u00dcKET\u0130C\u0130 DAVRANI\u015eLARI 6.      B\u00d6L\u00dcM 6: SOSYAL MEDYADA REKLAM UYGULAMALARI 7.      B\u00d6L\u00dcM 7: SOSYAL MEDYADA KURUMSAL \u0130LET\u0130\u015e\u0130M ve HALKLA \u0130L\u0130\u015eK\u0130LER 8.      B\u00d6L\u00dcM 8: SOSYAL MEDYADA \u0130\u00c7ER\u0130K PAZARLAMASI 9.      B\u00d6L\u00dcM 9: SOSYAL MEDYADA TUR\u0130ZM PAZARLAMASI 10.  B\u00d6L\u00dcM 10: SOSYAL MEDYADA V\u0130RAL PAZARLAMA 11.  B\u00d6L\u00dcM 11: SOSYAL MEDYADA S\u0130YASAL PAZARLAMA 12.  B\u00d6L\u00dcM 12: SOSYAL MEDYADA HATIRLI (INFLUENCER) PAZARLAMA 13.  B\u00d6L\u00dcM 13: SOSYAL MEDYADA ETK\u0130NL\u0130K PAZARLAMASI 14.  B\u00d6L\u00dcM 14: SOSYAL MEDYADA TRANSMEDYA H\u0130KAYEC\u0130L\u0130\u011e\u0130 15.  B\u00d6L\u00dcM 15: SOSYAL MEDYADA M\u00dc\u015eTER\u0130 \u0130L\u0130\u015eK\u0130LER\u0130 Y\u00d6NET\u0130M\u0130 16.  B\u00d6L\u00dcM 16: SOSYAL MEDYADA PAZARLAMA ETK\u0130NL\u0130\u011e\u0130N\u0130N \u00d6L\u00c7\u00dcM\u00dc (SOSYAL MEDYADA PAZARLAMA ARA\u015eTIRMALARI) 17.  B\u00d6L\u00dcM 17: SOSYAL MEDYADA KR\u0130Z Y\u00d6NET\u0130M\u0130 18.  B\u00d6L\u00dcM 18: SOSYAL MEDYA PAZARLAMASI VE ET\u0130K 19.  B\u00d6L\u00dcM 19: COVID -19 S\u00dcREC\u0130N\u0130N SOSYAL MEDYA PAZARLAMASINA ETK\u0130S\u0130 <\/p>\n","protected":false},"excerpt":{"rendered":"<p>1. B\u00d6L\u00dcM 1: SOSYAL MEDYA VE SOSYAL MEDYA PAZARLAMASI KAVRAMI 2. B\u00d6L\u00dcM 2: SOSYAL MEDYA PLATFORMLARI 3. B\u00d6L\u00dcM 3: SOSYAL MEDYADA PAZARLAMA STRATEJ\u0130S\u0130 4. B\u00d6L\u00dcM 4:<span class=\"excerpt-hellip\"> [\u2026]<\/span><\/p>\n","protected":false},"featured_media":0,"template":"","meta":{"_monsterinsights_skip_tracking":false,"_monsterinsights_sitenote_active":false,"_monsterinsights_sitenote_note":"","_monsterinsights_sitenote_category":0},"product_brand":[],"product_cat":[13043,17492],"product_tag":[],"class_list":{"0":"post-733916","1":"product","2":"type-product","3":"status-publish","5":"product_cat-ekonomi","6":"product_cat-pazarlama-satis-reklam","7":"pa_cilt-ciltsiz","8":"pa_tur-kitap","9":"pa_yayinevi-gazi-kitabevi","10":"pa_yazar-duygu-talih-akkaya-seniz-ozhan","12":"first","13":"instock","14":"sale","15":"shipping-taxable","16":"purchasable","17":"product-type-simple"},"_links":{"self":[{"href":"https:\/\/roveyayinevi.com.tr\/index.php\/wp-json\/wp\/v2\/product\/733916","targetHints":{"allow":["GET"]}}],"collection":[{"href":"https:\/\/roveyayinevi.com.tr\/index.php\/wp-json\/wp\/v2\/product"}],"about":[{"href":"https:\/\/roveyayinevi.com.tr\/index.php\/wp-json\/wp\/v2\/types\/product"}],"wp:attachment":[{"href":"https:\/\/roveyayinevi.com.tr\/index.php\/wp-json\/wp\/v2\/media?parent=733916"}],"wp:term":[{"taxonomy":"product_brand","embeddable":true,"href":"https:\/\/roveyayinevi.com.tr\/index.php\/wp-json\/wp\/v2\/product_brand?post=733916"},{"taxonomy":"product_cat","embeddable":true,"href":"https:\/\/roveyayinevi.com.tr\/index.php\/wp-json\/wp\/v2\/product_cat?post=733916"},{"taxonomy":"product_tag","embeddable":true,"href":"https:\/\/roveyayinevi.com.tr\/index.php\/wp-json\/wp\/v2\/product_tag?post=733916"}],"curies":[{"name":"wp","href":"https:\/\/api.w.org\/{rel}","templated":true}]}}