{"id":733915,"date":"2025-08-27T22:18:53","date_gmt":"2025-08-27T19:18:53","guid":{"rendered":"https:\/\/roveyayinevi.com.tr\/index.php\/urun\/islami-finans-ve-ekonomik-buyume\/"},"modified":"2026-04-16T02:41:39","modified_gmt":"2026-04-15T23:41:39","slug":"islami-finans-ve-ekonomik-buyume","status":"publish","type":"product","link":"https:\/\/roveyayinevi.com.tr\/index.php\/urun\/islami-finans-ve-ekonomik-buyume\/","title":{"rendered":"\u0130slami Finans ve Ekonomik B\u00fcy\u00fcme"},"content":{"rendered":"<p>1.      EKONOM\u0130K B\u00dcY\u00dcME 1.1.   EKONOM\u0130K B\u00dcY\u00dcMEN\u0130N KAVRAMSAL VE KURAMSAL \u00c7ER\u00c7EVES\u0130 1.2.   EKONOM\u0130K B\u00dcY\u00dcME TEOR\u0130LER\u0130 1.3.   EKONOM\u0130K B\u00dcY\u00dcME VE F\u0130NANSAL GEL\u0130\u015eME \u0130L\u0130\u015eK\u0130S\u0130 2.      \u0130SLAM\u0130 F\u0130NANS 2.1.   \u0130SLAM\u0130 F\u0130NANSIN KAVRAMSAL VE KURAMSAL \u00c7ER\u00c7EVES\u0130 2.2.   \u0130SLAM\u0130 F\u0130NANS SEKT\u00d6R\u00dc 2.3.   \u0130SLAM\u0130 F\u0130NANSMAN MODELLER\u0130 3.      \u0130SLAM\u0130 F\u0130NANS GEL\u0130\u015e\u0130M\u0130 VE EKONOM\u0130K B\u00dcY\u00dcME \u0130L\u0130\u015eK\u0130S\u0130 3.1.   \u0130SLAM\u0130 F\u0130NANS GEL\u0130\u015e\u0130M\u0130 VE EKONOM\u0130K B\u00dcY\u00dcME \u0130L\u0130\u015eK\u0130S\u0130: AMP\u0130R\u0130K L\u0130TERAT\u00dcR 3.2.   ARA\u015eTIRMANIN AMACI, VER\u0130 SET\u0130 VE MODEL\u0130 3.3.   ARA\u015eTIRMANIN AMP\u0130R\u0130K METODOLOJ\u0130S\u0130 3.4.   ARA\u015eTIRMANIN BULGULARI<\/p>\n","protected":false},"excerpt":{"rendered":"<p>1. EKONOM\u0130K B\u00dcY\u00dcME 1.1. EKONOM\u0130K B\u00dcY\u00dcMEN\u0130N KAVRAMSAL VE KURAMSAL \u00c7ER\u00c7EVES\u0130 1.2. EKONOM\u0130K B\u00dcY\u00dcME TEOR\u0130LER\u0130 1.3. EKONOM\u0130K B\u00dcY\u00dcME VE F\u0130NANSAL GEL\u0130\u015eME \u0130L\u0130\u015eK\u0130S\u0130 2. \u0130SLAM\u0130 F\u0130NANS 2.1. \u0130SLAM\u0130<span class=\"excerpt-hellip\"> [\u2026]<\/span><\/p>\n","protected":false},"featured_media":0,"template":"","meta":{"_monsterinsights_skip_tracking":false,"_monsterinsights_sitenote_active":false,"_monsterinsights_sitenote_note":"","_monsterinsights_sitenote_category":0},"product_brand":[],"product_cat":[14841,13043],"product_tag":[],"class_list":{"0":"post-733915","1":"product","2":"type-product","3":"status-publish","5":"product_cat-arastirma-inceleme-kuram","6":"product_cat-ekonomi","7":"pa_cilt-ciltsiz","8":"pa_tur-kitap","9":"pa_yayinevi-gazi-kitabevi","10":"pa_yazar-abdulkadir-sezai-emec","12":"first","13":"instock","14":"sale","15":"shipping-taxable","16":"purchasable","17":"product-type-simple"},"_links":{"self":[{"href":"https:\/\/roveyayinevi.com.tr\/index.php\/wp-json\/wp\/v2\/product\/733915","targetHints":{"allow":["GET"]}}],"collection":[{"href":"https:\/\/roveyayinevi.com.tr\/index.php\/wp-json\/wp\/v2\/product"}],"about":[{"href":"https:\/\/roveyayinevi.com.tr\/index.php\/wp-json\/wp\/v2\/types\/product"}],"wp:attachment":[{"href":"https:\/\/roveyayinevi.com.tr\/index.php\/wp-json\/wp\/v2\/media?parent=733915"}],"wp:term":[{"taxonomy":"product_brand","embeddable":true,"href":"https:\/\/roveyayinevi.com.tr\/index.php\/wp-json\/wp\/v2\/product_brand?post=733915"},{"taxonomy":"product_cat","embeddable":true,"href":"https:\/\/roveyayinevi.com.tr\/index.php\/wp-json\/wp\/v2\/product_cat?post=733915"},{"taxonomy":"product_tag","embeddable":true,"href":"https:\/\/roveyayinevi.com.tr\/index.php\/wp-json\/wp\/v2\/product_tag?post=733915"}],"curies":[{"name":"wp","href":"https:\/\/api.w.org\/{rel}","templated":true}]}}