{"id":733912,"date":"2025-08-27T22:18:50","date_gmt":"2025-08-27T19:18:50","guid":{"rendered":"https:\/\/roveyayinevi.com.tr\/index.php\/urun\/modern-japonyanin-dogusunda-bir-aydin-yukichi-fukuzawa\/"},"modified":"2026-04-16T02:41:39","modified_gmt":"2026-04-15T23:41:39","slug":"modern-japonyanin-dogusunda-bir-aydin-yukichi-fukuzawa","status":"publish","type":"product","link":"https:\/\/roveyayinevi.com.tr\/index.php\/urun\/modern-japonyanin-dogusunda-bir-aydin-yukichi-fukuzawa\/","title":{"rendered":"Modern Japonya\u2019n\u0131n Do\u011fu\u015funda Bir Ayd\u0131n &#8211; Yukichi Fukuzawa"},"content":{"rendered":"<p>\u201cUygar bir \u00fclkenin ger\u00e7ekten de\u011ferli insanlar\u0131 olabilmeleri i\u00e7in \u00fclkemin erkek ve kad\u0131nlar\u0131n\u0131n ahl\u00e2k\u00ee de\u011ferlerini y\u00fckseltmek ad\u0131na \u00e7aba harcamak istiyorum.\u201d Yukichi Fukuzawa Fukuzawa hayat hik\u00e2yesini anlatmaya Nakatsu\u2019da ge\u00e7en \u00e7ocuklu\u011fuyla ba\u015fl\u0131yor. Ya\u015fad\u0131\u011f\u0131 toplumun Fukuzawa\u2019n\u0131n kaleminden tasviri, bug\u00fcn neredeyse hayal dahi edilemeyecek kat\u0131l\u0131ktaki hiyerar\u015fik bir d\u00fczeni en ince ayr\u0131nt\u0131lar\u0131yla g\u00f6zler \u00f6n\u00fcne seriyor. \u00d6te yandan yazar\u0131n ya\u015fad\u0131\u011f\u0131 d\u00f6nem, Japonya\u2019daki toplumsal d\u00fczenin, ekonomik ve siyasi boyutlar\u0131yla \u00e7ok y\u00f6nl\u00fc ve k\u00f6kl\u00fc de\u011fi\u015fikliklerden ge\u00e7ti\u011fi bir d\u00f6neme tekab\u00fcl ediyor. Bu nedenle Fukuzawa\u2019n\u0131n \u00f6nemi, Japonya\u2019n\u0131n 19. y\u00fczy\u0131l boyunca modern d\u00fcnyaya uyum sa\u011flamak i\u00e7in att\u0131\u011f\u0131 ilk ad\u0131mlara \u015fahit olmas\u0131d\u0131r. O, bu s\u00fcrecin \u00f6nemli bir par\u00e7as\u0131 ve modern Japonya\u2019n\u0131n kurucu d\u00fc\u015f\u00fcn\u00fcrlerinden olmu\u015ftur. Japonya\u2019n\u0131n yeni d\u00fcnyayla ba\u011flant\u0131 kurmak i\u00e7in ilk kez 1860\u2019ta Amerika\u2019ya ve 1862\u2019de Avrupa\u2019ya g\u00f6nderdi\u011fi el\u00e7ilik heyetlerinde terc\u00fcman olarak yer alm\u0131\u015f, akabinde bu seyahatlerine dair g\u00f6zlemlerini \u00f6zya\u015fam\u00f6yk\u00fcs\u00fcnde ve ba\u015fka kitaplar\u0131nda payla\u015fm\u0131\u015ft\u0131r. Kendi kurdu\u011fu okulda gen\u00e7lerin dil e\u011fitimi almalar\u0131n\u0131 ve g\u00fcncel ara\u015ft\u0131rmalar\u0131 takip etmelerini \u00e7ok \u00f6nemseyerek halihaz\u0131rdaki e\u011fitim kurumlar\u0131na nazaran farkl\u0131 bir m\u00fcfredat\u0131 takip etmi\u015ftir. Bug\u00fcn Fukuzawa\u2019n\u0131n kurdu\u011fu okul Keio \u00dcniversitesi olarak nesilleri e\u011fitmeye devam ediyor. Modern Japonya\u2019n\u0131n Do\u011fu\u015funda Bir Ayd\u0131n: Yukichi Fukuzawa asl\u0131nda hem Fukuzawa\u2019n\u0131n hem de bu ufak ada devletinin h\u0131zla de\u011fi\u015fen yeni d\u00fcnya d\u00fczeninde, kendi yerini ve yolunu bulma m\u00fccadelesini anlat\u0131yor. <\/p>\n","protected":false},"excerpt":{"rendered":"<p>\u201cUygar bir \u00fclkenin ger\u00e7ekten de\u011ferli insanlar\u0131 olabilmeleri i\u00e7in \u00fclkemin erkek ve kad\u0131nlar\u0131n\u0131n ahl\u00e2k\u00ee de\u011ferlerini y\u00fckseltmek ad\u0131na \u00e7aba harcamak istiyorum.\u201d Yukichi Fukuzawa Fukuzawa hayat hik\u00e2yesini anlatmaya Nakatsu\u2019da<span class=\"excerpt-hellip\"> [\u2026]<\/span><\/p>\n","protected":false},"featured_media":0,"template":"","meta":{"_monsterinsights_skip_tracking":false,"_monsterinsights_sitenote_active":false,"_monsterinsights_sitenote_note":"","_monsterinsights_sitenote_category":0},"product_brand":[],"product_cat":[12370,12304],"product_tag":[],"class_list":{"0":"post-733912","1":"product","2":"type-product","3":"status-publish","5":"product_cat-arastirma-inceleme","6":"product_cat-tarih","7":"pa_cilt-ciltsiz","8":"pa_tur-kitap","9":"pa_yayinevi-vakifbank-kultur-yayinlari","10":"pa_yazar-yukichi-fukuzawa","12":"first","13":"instock","14":"sale","15":"shipping-taxable","16":"purchasable","17":"product-type-simple"},"_links":{"self":[{"href":"https:\/\/roveyayinevi.com.tr\/index.php\/wp-json\/wp\/v2\/product\/733912","targetHints":{"allow":["GET"]}}],"collection":[{"href":"https:\/\/roveyayinevi.com.tr\/index.php\/wp-json\/wp\/v2\/product"}],"about":[{"href":"https:\/\/roveyayinevi.com.tr\/index.php\/wp-json\/wp\/v2\/types\/product"}],"wp:attachment":[{"href":"https:\/\/roveyayinevi.com.tr\/index.php\/wp-json\/wp\/v2\/media?parent=733912"}],"wp:term":[{"taxonomy":"product_brand","embeddable":true,"href":"https:\/\/roveyayinevi.com.tr\/index.php\/wp-json\/wp\/v2\/product_brand?post=733912"},{"taxonomy":"product_cat","embeddable":true,"href":"https:\/\/roveyayinevi.com.tr\/index.php\/wp-json\/wp\/v2\/product_cat?post=733912"},{"taxonomy":"product_tag","embeddable":true,"href":"https:\/\/roveyayinevi.com.tr\/index.php\/wp-json\/wp\/v2\/product_tag?post=733912"}],"curies":[{"name":"wp","href":"https:\/\/api.w.org\/{rel}","templated":true}]}}