{"id":733911,"date":"2025-08-27T22:18:49","date_gmt":"2025-08-27T19:18:49","guid":{"rendered":"https:\/\/roveyayinevi.com.tr\/index.php\/urun\/dinimizi-sevdiren-hikayeler-2\/"},"modified":"2026-03-06T03:03:29","modified_gmt":"2026-03-06T00:03:29","slug":"dinimizi-sevdiren-hikayeler-2","status":"publish","type":"product","link":"https:\/\/roveyayinevi.com.tr\/index.php\/urun\/dinimizi-sevdiren-hikayeler-2\/","title":{"rendered":"Dinimizi Sevdiren Hikayeler 2"},"content":{"rendered":"<p>Sevgili anneler, babalar! \u00c7ocuklar\u0131n din e\u011fitiminde hik\u00e2yelerin rol\u00fcn\u00fcn ne kadar b\u00fcy\u00fck oldu\u011funu hepimiz biliyoruz. Soyut bir\u00e7ok konuyu somutla\u015ft\u0131rmak, zihin d\u00fcnyalar\u0131na girebilmek i\u00e7in s\u0131kl\u0131kla hik\u00e2yele\u015ftirme yoluna ba\u015fvururuz. Onlara hik\u00e2yeler okumak, g\u00f6zlerindeki heyecan ve merak\u0131 g\u00f6rmek biz ebeveynler i\u00e7in \u00e7ok \u00e7ok k\u0131ymetli&#8230; \u00c7ocuklar\u0131n en temel ihtiyac\u0131 sevgidir \u015f\u00fcphesiz. Sevgiyle yo\u011frulmu\u015f hik\u00e2yeler, \u00e7ocuklar\u0131n Allah\u2019\u0131 daha \u00e7ok tan\u0131y\u0131p daha \u00e7ok sevmelerine yard\u0131mc\u0131 olur, dini de\u011ferlerle aralar\u0131ndaki ba\u011f\u0131 kuvvetlendirir. \u00dcstelik t\u00fcm bunlar olurken bir de \u00e7ocuklar\u0131n\u0131zla keyifli vakit ge\u00e7irirsiniz. Daha ne olsun! \u0130\u015fte bu kitap \u00e7ocuklar\u0131m\u0131z\u0131 \u0130slam tarihimizden s\u00fcz\u00fclen nice g\u00fczellikle tan\u0131\u015ft\u0131r\u0131yor; Peygamberimizin kibarl\u0131\u011f\u0131ndan Hz. Fat\u0131ma\u2019n\u0131n c\u00f6mertli\u011fine, Ebabil ku\u015flar\u0131ndan Hz. Hasan ve Hz. H\u00fcseyin\u2019e, ilk m\u00fcezzin Hz. Bilal\u2019den \u015fakac\u0131 sahabe Hz. Nuayman\u2019a, ilk \u00f6\u011fretmen Hz. Mus\u2019ab\u2019dan adalet timsali halife Hz. \u00d6mer\u2019e\u2026 Ve daha nicesi, her birine \u00f6zel \u00e7izimlerle zenginle\u015ftirilen hik\u00e2yelerde \u00e7ocuklar\u0131m\u0131zla bulu\u015fmay\u0131 bekliyor\u2026<\/p>\n","protected":false},"excerpt":{"rendered":"<p>Sevgili anneler, babalar! \u00c7ocuklar\u0131n din e\u011fitiminde hik\u00e2yelerin rol\u00fcn\u00fcn ne kadar b\u00fcy\u00fck oldu\u011funu hepimiz biliyoruz. Soyut bir\u00e7ok konuyu somutla\u015ft\u0131rmak, zihin d\u00fcnyalar\u0131na girebilmek i\u00e7in s\u0131kl\u0131kla hik\u00e2yele\u015ftirme yoluna ba\u015fvururuz.<span class=\"excerpt-hellip\"> [\u2026]<\/span><\/p>\n","protected":false},"featured_media":0,"template":"","meta":{"_monsterinsights_skip_tracking":false,"_monsterinsights_sitenote_active":false,"_monsterinsights_sitenote_note":"","_monsterinsights_sitenote_category":0},"product_brand":[],"product_cat":[12275,12274],"product_tag":[],"class_list":{"0":"post-733911","1":"product","2":"type-product","3":"status-publish","5":"product_cat-6-12-yas-kitaplari","6":"product_cat-cocuk-ve-genclik-kitaplari","7":"pa_cilt-ciltsiz","8":"pa_tur-kitap","9":"pa_yayinevi-kapi-yayinlari","10":"pa_yazar-sinan-yagmur","12":"first","13":"instock","14":"sale","15":"shipping-taxable","16":"purchasable","17":"product-type-simple"},"_links":{"self":[{"href":"https:\/\/roveyayinevi.com.tr\/index.php\/wp-json\/wp\/v2\/product\/733911","targetHints":{"allow":["GET"]}}],"collection":[{"href":"https:\/\/roveyayinevi.com.tr\/index.php\/wp-json\/wp\/v2\/product"}],"about":[{"href":"https:\/\/roveyayinevi.com.tr\/index.php\/wp-json\/wp\/v2\/types\/product"}],"wp:attachment":[{"href":"https:\/\/roveyayinevi.com.tr\/index.php\/wp-json\/wp\/v2\/media?parent=733911"}],"wp:term":[{"taxonomy":"product_brand","embeddable":true,"href":"https:\/\/roveyayinevi.com.tr\/index.php\/wp-json\/wp\/v2\/product_brand?post=733911"},{"taxonomy":"product_cat","embeddable":true,"href":"https:\/\/roveyayinevi.com.tr\/index.php\/wp-json\/wp\/v2\/product_cat?post=733911"},{"taxonomy":"product_tag","embeddable":true,"href":"https:\/\/roveyayinevi.com.tr\/index.php\/wp-json\/wp\/v2\/product_tag?post=733911"}],"curies":[{"name":"wp","href":"https:\/\/api.w.org\/{rel}","templated":true}]}}