{"id":733910,"date":"2025-08-27T22:18:49","date_gmt":"2025-08-27T19:18:49","guid":{"rendered":"https:\/\/roveyayinevi.com.tr\/index.php\/urun\/turk-dunyasinin-muzik-yildizi-uzeyir-hacibeyli\/"},"modified":"2026-04-16T02:41:39","modified_gmt":"2026-04-15T23:41:39","slug":"turk-dunyasinin-muzik-yildizi-uzeyir-hacibeyli","status":"publish","type":"product","link":"https:\/\/roveyayinevi.com.tr\/index.php\/urun\/turk-dunyasinin-muzik-yildizi-uzeyir-hacibeyli\/","title":{"rendered":"T\u00fcrk D\u00fcnyas\u0131n\u0131n M\u00fczik Y\u0131ld\u0131z\u0131 \u00dczeyir Hac\u0131beyli"},"content":{"rendered":"<p>Azerbaycan Mill\u00ee \u0130limler Akademisinin fahri \u00fcyesi, Azerbaycan Cumhuriyeti&#8217;nin sanat emektari, Azerbaycan Bestek\u00e2rlar Birli\u011fi ve bu birli\u011fin y\u00f6netim kurulu \u00fcyesi, \u00dczeyir Hac\u0131beyli ve Humay adl\u0131 \u00f6d\u00fcllerin sahibi \u00fcnl\u00fc musiki\u015finas ve \u00e2lim Prof. Dr. Zemfira Seferova, 240&#8217;dan fazla makalenin ve \u00f6zellikle 40&#8217;\u0131n \u00fczerinde kitab\u0131n yazar\u0131d\u0131r. Zemfira Seferova&#8217;n\u0131n yapt\u0131\u011f\u0131 ara\u015ft\u0131rmalar, bir\u00e7ok \u00fclkede farkl\u0131 dillere \u00e7evrilerek yay\u0131mland\u0131. Halihaz\u0131rda Zemfira Seferova, Azerbaycan Mill\u00ee \u0130limler Akademisi Mimarl\u0131k ve G\u00fczel Sanatlar Enstit\u00fcs\u00fc &#8220;Musiki Tarihi ve Teorisi&#8221; b\u00f6l\u00fcm\u00fcn\u00fcn ba\u015fkan\u0131d\u0131r. Azerbaycanl\u0131 \u00dczeyir Hac\u0131beyli&#8217;nin sanat\u0131, d\u00fcnya medeniyet hazinesine bah\u015fedilen en nadir incilerdendir. \u00c7ok derinlere inen ve binlerce k\u00f6ke sahip Azerbaycan topra\u011f\u0131na ba\u011fl\u0131 olan bu musiki, ger\u00e7ek bir sanat oldu\u011fu i\u00e7in ba\u015fka halklar taraf\u0131ndan benimsenmi\u015f, d\u00fcnyada \u00fcn kazanm\u0131\u015f ve sevilmi\u015ftir. \u00dcnl\u00fc \u015fair Samed Vurgun, &#8220;\u00dczeyir&#8217;in sanat\u0131, kemale ermi\u015f bir sanatt\u0131r. Lakin insan kemalinin hududu olmad\u0131\u011f\u0131 gibi, sanat ve yarat\u0131c\u0131l\u0131\u011f\u0131n da hududu yoktur.&#8221; der.<\/p>\n","protected":false},"excerpt":{"rendered":"<p>Azerbaycan Mill\u00ee \u0130limler Akademisinin fahri \u00fcyesi, Azerbaycan Cumhuriyeti&#8217;nin sanat emektari, Azerbaycan Bestek\u00e2rlar Birli\u011fi ve bu birli\u011fin y\u00f6netim kurulu \u00fcyesi, \u00dczeyir Hac\u0131beyli ve Humay adl\u0131 \u00f6d\u00fcllerin sahibi<span class=\"excerpt-hellip\"> [\u2026]<\/span><\/p>\n","protected":false},"featured_media":0,"template":"","meta":{"_monsterinsights_skip_tracking":false,"_monsterinsights_sitenote_active":false,"_monsterinsights_sitenote_note":"","_monsterinsights_sitenote_category":0},"product_brand":[],"product_cat":[14556,40131],"product_tag":[],"class_list":{"0":"post-733910","1":"product","2":"type-product","3":"status-publish","5":"product_cat-muzik","6":"product_cat-sanatcilar","7":"pa_cilt-ciltsiz","8":"pa_tur-kitap","9":"pa_yayinevi-imbik-yayinlari","10":"pa_yazar-zemfira-seferova","12":"first","13":"instock","14":"sale","15":"shipping-taxable","16":"purchasable","17":"product-type-simple"},"_links":{"self":[{"href":"https:\/\/roveyayinevi.com.tr\/index.php\/wp-json\/wp\/v2\/product\/733910","targetHints":{"allow":["GET"]}}],"collection":[{"href":"https:\/\/roveyayinevi.com.tr\/index.php\/wp-json\/wp\/v2\/product"}],"about":[{"href":"https:\/\/roveyayinevi.com.tr\/index.php\/wp-json\/wp\/v2\/types\/product"}],"wp:attachment":[{"href":"https:\/\/roveyayinevi.com.tr\/index.php\/wp-json\/wp\/v2\/media?parent=733910"}],"wp:term":[{"taxonomy":"product_brand","embeddable":true,"href":"https:\/\/roveyayinevi.com.tr\/index.php\/wp-json\/wp\/v2\/product_brand?post=733910"},{"taxonomy":"product_cat","embeddable":true,"href":"https:\/\/roveyayinevi.com.tr\/index.php\/wp-json\/wp\/v2\/product_cat?post=733910"},{"taxonomy":"product_tag","embeddable":true,"href":"https:\/\/roveyayinevi.com.tr\/index.php\/wp-json\/wp\/v2\/product_tag?post=733910"}],"curies":[{"name":"wp","href":"https:\/\/api.w.org\/{rel}","templated":true}]}}