{"id":733908,"date":"2025-08-27T22:18:46","date_gmt":"2025-08-27T19:18:46","guid":{"rendered":"https:\/\/roveyayinevi.com.tr\/index.php\/urun\/kayip-defter\/"},"modified":"2026-04-16T02:41:39","modified_gmt":"2026-04-15T23:41:39","slug":"kayip-defter","status":"publish","type":"product","link":"https:\/\/roveyayinevi.com.tr\/index.php\/urun\/kayip-defter\/","title":{"rendered":"Kay\u0131p Defter"},"content":{"rendered":"<p>Su\u00e7lanmak kadar su\u00e7lamak da kurutur bah\u00e7eleri!Gizemli ve mizah dolu kurgular\u0131yla sevilen Gu\u0308lsevin K\u0131ral, yine polisiye tad\u0131nda bir okul hika\u0302yesi anlat\u0131yor. Bir s\u0131n\u0131f dolusu o\u0308g\u0306rencinin, aralar\u0131ndaki &#8220;suc\u0327lu&#8221;yu arama seru\u0308veni, o\u0308nyarg\u0131, d\u0131s\u0327lama, kus\u0327ku, gu\u0308ven gibi duygularla yu\u0308zles\u0327me deneyimine evriliyor. O\u0308g\u0306retmen ve o\u0308g\u0306rencilerinin, not sisteminin yaratt\u0131g\u0306\u0131 panik bulutlar\u0131n\u0131 elbirlig\u0306iyle dag\u0306\u0131tmas\u0131, mahalledeki bahc\u0327ede yes\u0327eren an\u0131lar, umut dolu bir du\u0308nya betimliyor. Polisiye tad\u0131ndaki s\u00fcr\u00fckleyici hik\u00e2ye, do\u011fan\u0131n sesini duyulur k\u0131lan duru ve umut dolu bir anlat\u0131mla her ya\u015ftan okurun kalbine dokunuyor. 6A s\u0131n\u0131f\u0131, matematik o\u0308g\u0306retmeni Titiz Filiz&#8217;in not defterinin kaybolmas\u0131yla kar\u0131s\u0327\u0131r. Defter bulunamazsa, hepsinin notu k\u0131r\u0131lacakt\u0131r. Bu sonucu hak etmedig\u0306ini du\u0308s\u0327u\u0308nen c\u0327ocuklar defterin pes\u0327ine du\u0308s\u0327erler. Kayg\u0131 dolu aray\u0131s\u0327, ic\u0327lerindeki iyiyi ko\u0308tu\u0308yu\u0308 ortaya c\u0327\u0131kard\u0131g\u0306\u0131 gibi, arkadas\u0327l\u0131klar\u0131n\u0131 da go\u0308zden gec\u0327irmelerine neden olur. Bu arada, mahalledeki f\u0131r\u0131n bir grup arkadas\u0327\u0131 gu\u0308ven veren kokusuyla sarmalarken, eski evin yerindeki ot bu\u0308ru\u0308mu\u0308s\u0327 bahc\u0327e de Titiz Filiz&#8217;in saklad\u0131g\u0306\u0131 unutulmaz an\u0131lar\u0131 f\u0131s\u0131ldamaya bas\u0327lar&#8230;<\/p>\n","protected":false},"excerpt":{"rendered":"<p>Su\u00e7lanmak kadar su\u00e7lamak da kurutur bah\u00e7eleri!Gizemli ve mizah dolu kurgular\u0131yla sevilen Gu\u0308lsevin K\u0131ral, yine polisiye tad\u0131nda bir okul hika\u0302yesi anlat\u0131yor. Bir s\u0131n\u0131f dolusu o\u0308g\u0306rencinin, aralar\u0131ndaki &#8220;suc\u0327lu&#8221;yu<span class=\"excerpt-hellip\"> [\u2026]<\/span><\/p>\n","protected":false},"featured_media":0,"template":"","meta":{"_monsterinsights_skip_tracking":false,"_monsterinsights_sitenote_active":false,"_monsterinsights_sitenote_note":"","_monsterinsights_sitenote_category":0},"product_brand":[],"product_cat":[12275,12274],"product_tag":[],"class_list":{"0":"post-733908","1":"product","2":"type-product","3":"status-publish","5":"product_cat-6-12-yas-kitaplari","6":"product_cat-cocuk-ve-genclik-kitaplari","7":"pa_cilt-ciltsiz","8":"pa_tur-kitap","9":"pa_yayinevi-gunisigi-kitapligi","10":"pa_yazar-gulsevin-kiral","12":"first","13":"instock","14":"sale","15":"shipping-taxable","16":"purchasable","17":"product-type-simple"},"_links":{"self":[{"href":"https:\/\/roveyayinevi.com.tr\/index.php\/wp-json\/wp\/v2\/product\/733908","targetHints":{"allow":["GET"]}}],"collection":[{"href":"https:\/\/roveyayinevi.com.tr\/index.php\/wp-json\/wp\/v2\/product"}],"about":[{"href":"https:\/\/roveyayinevi.com.tr\/index.php\/wp-json\/wp\/v2\/types\/product"}],"wp:attachment":[{"href":"https:\/\/roveyayinevi.com.tr\/index.php\/wp-json\/wp\/v2\/media?parent=733908"}],"wp:term":[{"taxonomy":"product_brand","embeddable":true,"href":"https:\/\/roveyayinevi.com.tr\/index.php\/wp-json\/wp\/v2\/product_brand?post=733908"},{"taxonomy":"product_cat","embeddable":true,"href":"https:\/\/roveyayinevi.com.tr\/index.php\/wp-json\/wp\/v2\/product_cat?post=733908"},{"taxonomy":"product_tag","embeddable":true,"href":"https:\/\/roveyayinevi.com.tr\/index.php\/wp-json\/wp\/v2\/product_tag?post=733908"}],"curies":[{"name":"wp","href":"https:\/\/api.w.org\/{rel}","templated":true}]}}