{"id":733907,"date":"2025-08-27T22:18:46","date_gmt":"2025-08-27T19:18:46","guid":{"rendered":"https:\/\/roveyayinevi.com.tr\/index.php\/urun\/zihninizden-uzaklasmak\/"},"modified":"2026-04-16T02:41:39","modified_gmt":"2026-04-15T23:41:39","slug":"zihninizden-uzaklasmak","status":"publish","type":"product","link":"https:\/\/roveyayinevi.com.tr\/index.php\/urun\/zihninizden-uzaklasmak\/","title":{"rendered":"Zihninizden Uzakla\u015fmak"},"content":{"rendered":"<p>Alan Watts, sa\u011fduyumuza kavu\u015fmam\u0131z i\u00e7in bazen zihnimizin d\u0131\u015f\u0131na \u00e7\u0131kmam\u0131z gerekti\u011fini s\u0131kl\u0131kla tekrar eder. Bu u\u0308nlu\u0308 yazar, kendi tan\u0131m\u0131yla spiritu\u0308el e\u011flendirici, bilgelik arayan say\u0131s\u0131z insanda, Bat\u0131\u2019daki her \u00f6\u011fretmenden daha fazla Hindistan\u2019\u0131n, \u00c7in\u2019in ve Japonya\u2019n\u0131n spiritu\u0308el ve felsefi hazlar\u0131n\u0131n tutkusunu ate\u015flemi\u015ftir.Zihninizden Uzakla\u015fmak ile bu efsanevi du\u0308\u015fu\u0308nu\u0308ru\u0308n en \u00f6nemli alt\u0131 \u00f6\u011fretisine dalarak rasyonel zihnin s\u0131n\u0131rlar\u0131ndan nas\u0131l kurtulaca\u011f\u0131n\u0131z\u0131, \u00e7evrenizde oynanan bu\u0308yu\u0308k oyunun nas\u0131l fark\u0131na varaca\u011f\u0131n\u0131z\u0131 ve onu takdir edece\u011finizi \u00f6\u011frenirsiniz. Alan Watts\u2019\u0131n s\u00f6yle\u015filerinden bir se\u00e7ki olan Zihninizden Uzakla\u015fmak, bu parlak \u00f6\u011fretmenin hakiki faaliyetlerine \u0131\u015f\u0131k tutan, size ilham verecek yeni bir kaynakt\u0131r.Hem Alan Watts\u2019\u0131 yeni tan\u0131yanlar hem de ona a\u015fina olanlar i\u00e7in yaz\u0131lm\u0131\u015f bu kitap geleneksel fark\u0131ndal\u0131\u011f\u0131n tuza\u011f\u0131ndan kurtulmak i\u00e7in hepimizi onun favori yollar\u0131n\u0131 ara\u015ft\u0131rmaya davet eder:\u201cKontrollu\u0308 rastlant\u0131\u201d sanat\u0131 \u2013 hayat\u0131n\u0131z\u0131 bu kadar ciddiye almaktan vazge\u00e7erseniz ve tam bir samimiyetle ondan keyif almaya ba\u015flarsan\u0131z ne olur?Nas\u0131l \u201ckendim\u201d mitine, \u00e7evremizdeki du\u0308nyadan farkl\u0131, derimize hapsolmu\u015f egolar oldu\u011fumuza inand\u0131k ve bu illu\u0308zyonu nas\u0131l a\u015far\u0131z?En derin amac\u0131m\u0131z\u0131 bulmak i\u00e7in neden kaosu ve bo\u015flu\u011fu tamamen kucaklamal\u0131y\u0131z?Budizm\u2019in, Hinduizm\u2019in ve Bat\u0131 felsefesinin ve \u00e7ok daha fazlas\u0131n\u0131n derin prensiplerine al\u0131\u015f\u0131lmad\u0131k ve ferahlat\u0131c\u0131 bir bak\u0131\u015f a\u00e7\u0131s\u0131.<\/p>\n","protected":false},"excerpt":{"rendered":"<p>Alan Watts, sa\u011fduyumuza kavu\u015fmam\u0131z i\u00e7in bazen zihnimizin d\u0131\u015f\u0131na \u00e7\u0131kmam\u0131z gerekti\u011fini s\u0131kl\u0131kla tekrar eder. Bu u\u0308nlu\u0308 yazar, kendi tan\u0131m\u0131yla spiritu\u0308el e\u011flendirici, bilgelik arayan say\u0131s\u0131z insanda, Bat\u0131\u2019daki her<span class=\"excerpt-hellip\"> [\u2026]<\/span><\/p>\n","protected":false},"featured_media":0,"template":"","meta":{"_monsterinsights_skip_tracking":false,"_monsterinsights_sitenote_active":false,"_monsterinsights_sitenote_note":"","_monsterinsights_sitenote_category":0},"product_brand":[],"product_cat":[12364,12376],"product_tag":[],"class_list":{"0":"post-733907","1":"product","2":"type-product","3":"status-publish","5":"product_cat-genel-konular","6":"product_cat-kisisel-gelisim","7":"pa_cilt-ciltsiz","8":"pa_tur-kitap","9":"pa_yayinevi-butik-yayinlari","10":"pa_yazar-alan-watts","12":"first","13":"instock","14":"sale","15":"shipping-taxable","16":"purchasable","17":"product-type-simple"},"_links":{"self":[{"href":"https:\/\/roveyayinevi.com.tr\/index.php\/wp-json\/wp\/v2\/product\/733907","targetHints":{"allow":["GET"]}}],"collection":[{"href":"https:\/\/roveyayinevi.com.tr\/index.php\/wp-json\/wp\/v2\/product"}],"about":[{"href":"https:\/\/roveyayinevi.com.tr\/index.php\/wp-json\/wp\/v2\/types\/product"}],"wp:attachment":[{"href":"https:\/\/roveyayinevi.com.tr\/index.php\/wp-json\/wp\/v2\/media?parent=733907"}],"wp:term":[{"taxonomy":"product_brand","embeddable":true,"href":"https:\/\/roveyayinevi.com.tr\/index.php\/wp-json\/wp\/v2\/product_brand?post=733907"},{"taxonomy":"product_cat","embeddable":true,"href":"https:\/\/roveyayinevi.com.tr\/index.php\/wp-json\/wp\/v2\/product_cat?post=733907"},{"taxonomy":"product_tag","embeddable":true,"href":"https:\/\/roveyayinevi.com.tr\/index.php\/wp-json\/wp\/v2\/product_tag?post=733907"}],"curies":[{"name":"wp","href":"https:\/\/api.w.org\/{rel}","templated":true}]}}