{"id":733906,"date":"2025-08-27T22:18:45","date_gmt":"2025-08-27T19:18:45","guid":{"rendered":"https:\/\/roveyayinevi.com.tr\/index.php\/urun\/nese\/"},"modified":"2026-04-16T02:41:39","modified_gmt":"2026-04-15T23:41:39","slug":"nese","status":"publish","type":"product","link":"https:\/\/roveyayinevi.com.tr\/index.php\/urun\/nese\/","title":{"rendered":"Ne\u015fe"},"content":{"rendered":"<p>Yirminci yu\u0308zy\u0131l\u0131n en bu\u0308yu\u0308k spiritu\u0308el ustalar\u0131ndan biri olan Osho, bu kitapta bizlere hem ne\u015fe hem de \u0131st\u0131rab\u0131 deneyimlememiz ve takdir etmemiz i\u00e7in ilham veriyor. Osho, \u015fefkat ve mizah\u0131n sanatsal bir kar\u0131\u015f\u0131m\u0131yla, bize ne\u015fenin hayat\u0131n \u00f6zu\u0308 oldu\u011funu, mutsuzlu\u011fun bile ne\u015feden kaynakland\u0131\u011f\u0131n\u0131 g\u00f6steriyor. Mutluluk i\u00e7in ko\u015fullar veya talepler belirlemek yerine sahip oldu\u011fumuz her \u015feyde iyiyi bularak bizi ne\u015feyi kabul etmeye te\u015fvik ediyor. Osho\u2019ya g\u00f6re sadece var oldu\u011fumuz i\u00e7in bile minnettar olmal\u0131y\u0131z ve ya\u015famdaki tu\u0308m zorluklar\u0131 birer f\u0131rsat olarak g\u00f6rmeliyiz. Ki\u015fi, ne\u015feyi kucaklayarak hakiki, huzurlu ve dengeli bir ruh haline yakla\u015fabilir.Osho, bizleri hayat\u0131 tu\u0308m zenginlikleriyle ya\u015fama kapasitemizi s\u0131n\u0131rlayan ko\u015fullu inan\u00e7 sistemlerinden ve \u00f6n yarg\u0131lardan kurtulmaya davet ediyor.Kendisi, Sunday Times of London taraf\u0131ndan \u201c20\u2019nci Yu\u0308zy\u0131l\u0131n En Bu\u0308yu\u0308k 1000 Kurucusu\u201d listesine dahil edilmi\u015ftir. Ve Hindistan\u2019da yay\u0131nlanan Sunday Mid-Day, Osho\u2019yu Hindistan\u2019\u0131n tarihini de\u011fi\u015ftiren 10 insan\u0131n aras\u0131nda olmaya lay\u0131k g\u00f6rmu\u0308\u015f, onu Gandhi, Nehru ve Buda gibi \u015fahsiyetlerin aras\u0131na yerle\u015ftirmi\u015ftir. 1990\u2019daki \u00f6lu\u0308mu\u0308nden bu yana Osho\u2019nun \u00f6\u011fretilerinin etkisi geni\u015flemeye devam ediyor ve du\u0308nyan\u0131n hemen her u\u0308lkesinde her ya\u015ftan aray\u0131c\u0131ya ula\u015f\u0131yor.<\/p>\n","protected":false},"excerpt":{"rendered":"<p>Yirminci yu\u0308zy\u0131l\u0131n en bu\u0308yu\u0308k spiritu\u0308el ustalar\u0131ndan biri olan Osho, bu kitapta bizlere hem ne\u015fe hem de \u0131st\u0131rab\u0131 deneyimlememiz ve takdir etmemiz i\u00e7in ilham veriyor. Osho, \u015fefkat<span class=\"excerpt-hellip\"> [\u2026]<\/span><\/p>\n","protected":false},"featured_media":0,"template":"","meta":{"_monsterinsights_skip_tracking":false,"_monsterinsights_sitenote_active":false,"_monsterinsights_sitenote_note":"","_monsterinsights_sitenote_category":0},"product_brand":[],"product_cat":[12718,12858],"product_tag":[],"class_list":{"0":"post-733906","1":"product","2":"type-product","3":"status-publish","5":"product_cat-din","6":"product_cat-mitolojiler","7":"pa_cilt-ciltsiz","8":"pa_tur-kitap","9":"pa_yayinevi-butik-yayinlari","10":"pa_yazar-osho","12":"first","13":"instock","14":"sale","15":"shipping-taxable","16":"purchasable","17":"product-type-simple"},"_links":{"self":[{"href":"https:\/\/roveyayinevi.com.tr\/index.php\/wp-json\/wp\/v2\/product\/733906","targetHints":{"allow":["GET"]}}],"collection":[{"href":"https:\/\/roveyayinevi.com.tr\/index.php\/wp-json\/wp\/v2\/product"}],"about":[{"href":"https:\/\/roveyayinevi.com.tr\/index.php\/wp-json\/wp\/v2\/types\/product"}],"wp:attachment":[{"href":"https:\/\/roveyayinevi.com.tr\/index.php\/wp-json\/wp\/v2\/media?parent=733906"}],"wp:term":[{"taxonomy":"product_brand","embeddable":true,"href":"https:\/\/roveyayinevi.com.tr\/index.php\/wp-json\/wp\/v2\/product_brand?post=733906"},{"taxonomy":"product_cat","embeddable":true,"href":"https:\/\/roveyayinevi.com.tr\/index.php\/wp-json\/wp\/v2\/product_cat?post=733906"},{"taxonomy":"product_tag","embeddable":true,"href":"https:\/\/roveyayinevi.com.tr\/index.php\/wp-json\/wp\/v2\/product_tag?post=733906"}],"curies":[{"name":"wp","href":"https:\/\/api.w.org\/{rel}","templated":true}]}}