{"id":733901,"date":"2025-08-27T22:18:40","date_gmt":"2025-08-27T19:18:40","guid":{"rendered":"https:\/\/roveyayinevi.com.tr\/index.php\/urun\/egitim-politikalari\/"},"modified":"2026-03-05T03:05:18","modified_gmt":"2026-03-05T00:05:18","slug":"egitim-politikalari","status":"publish","type":"product","link":"https:\/\/roveyayinevi.com.tr\/index.php\/urun\/egitim-politikalari\/","title":{"rendered":"E\u011fitim Politikalar\u0131"},"content":{"rendered":"<p>K\u00f6keni Eski Yunan uygarl\u0131\u011f\u0131na dayanan politika kavram\u0131 iki ayr\u0131 anlamda kullan\u0131lmaktad\u0131r. Birincisi, \u201csiyaset\u201d kavram\u0131yla belirtilebilir; \u00fclke y\u00f6netimi anlam\u0131na gelmektedir. Bir de \u00f6rg\u00fct d\u00fczeyinde politika kavram\u0131 kullan\u0131lmaktad\u0131r ki bu kavram\u0131n kar\u015f\u0131l\u0131\u011f\u0131 \u201csiyasa\u201dd\u0131r. Her \u00f6rg\u00fct\u00fcn bir siyasas\u0131 olmak zorundad\u0131r. E\u011fitim politikas\u0131 daha \u00e7ok bu anlamla ilgilidir. Bu anlam\u0131yla politika (siyasa), \u00f6rg\u00fct\u00fcn ama\u00e7lar\u0131na ula\u015fmak \u00fczere uygulanacak ilkelerdir. Bir \u00fclkenin e\u011fitim politikas\u0131n\u0131 etkileyen uluslararas\u0131 ya da ulusal d\u00fczeyde farkl\u0131 \u00e7evreler bulunmaktad\u0131r. Bu \u00e7evrelerin; uluslararas\u0131 \u00f6rg\u00fctler, i\u015f \u00e7evreleri, askerler, din adamlar\u0131, sendikalar, yerel g\u00fc\u00e7ler gibi akt\u00f6rler oldu\u011fu s\u00f6ylenebilir. Ancak, e\u011fitim bir \u00fclkenin e\u011fitim politikas\u0131 milli bir nitelik ta\u015f\u0131r. Bu nedenle devletin bu \u00e7evrelerin t\u00fcm\u00fcne e\u015fit uzakl\u0131kta durmas\u0131 ve e\u011fitim politikalar\u0131n\u0131 nesnel olarak belirlemesi ve uygulamas\u0131 gerekmektedir. Bu ba\u011flamda \u00fclkemizde e\u011fitim politikas\u0131 konusunun bilimin \u0131\u015f\u0131\u011f\u0131nda ele al\u0131nmas\u0131 ve incelenmesi \u00f6nemli bir g\u00f6rev olarak g\u00f6r\u00fclmektedir. Bu kitap geni\u015f bir konu yelpazesiyle e\u011fitim politikalar\u0131n\u0131n bilimsel ilkeler \u0131\u015f\u0131\u011f\u0131nda olu\u015fturulmas\u0131 s\u00fcrecine katk\u0131da bulunulmas\u0131 amac\u0131yla haz\u0131rlanm\u0131\u015ft\u0131r.<\/p>\n","protected":false},"excerpt":{"rendered":"<p>K\u00f6keni Eski Yunan uygarl\u0131\u011f\u0131na dayanan politika kavram\u0131 iki ayr\u0131 anlamda kullan\u0131lmaktad\u0131r. Birincisi, \u201csiyaset\u201d kavram\u0131yla belirtilebilir; \u00fclke y\u00f6netimi anlam\u0131na gelmektedir. Bir de \u00f6rg\u00fct d\u00fczeyinde politika kavram\u0131 kullan\u0131lmaktad\u0131r<span class=\"excerpt-hellip\"> [\u2026]<\/span><\/p>\n","protected":false},"featured_media":0,"template":"","meta":{"_monsterinsights_skip_tracking":false,"_monsterinsights_sitenote_active":false,"_monsterinsights_sitenote_note":"","_monsterinsights_sitenote_category":0},"product_brand":[],"product_cat":[12573,12566],"product_tag":[],"class_list":{"0":"post-733901","1":"product","2":"type-product","3":"status-publish","5":"product_cat-akademik-kitaplar","6":"product_cat-egitim","7":"pa_cilt-ciltsiz","8":"pa_tur-kitap","9":"pa_yayinevi-ani-yayincilik","10":"pa_yazar-ani-yayincilik-kolektif","12":"first","13":"instock","14":"sale","15":"shipping-taxable","16":"purchasable","17":"product-type-simple"},"_links":{"self":[{"href":"https:\/\/roveyayinevi.com.tr\/index.php\/wp-json\/wp\/v2\/product\/733901","targetHints":{"allow":["GET"]}}],"collection":[{"href":"https:\/\/roveyayinevi.com.tr\/index.php\/wp-json\/wp\/v2\/product"}],"about":[{"href":"https:\/\/roveyayinevi.com.tr\/index.php\/wp-json\/wp\/v2\/types\/product"}],"wp:attachment":[{"href":"https:\/\/roveyayinevi.com.tr\/index.php\/wp-json\/wp\/v2\/media?parent=733901"}],"wp:term":[{"taxonomy":"product_brand","embeddable":true,"href":"https:\/\/roveyayinevi.com.tr\/index.php\/wp-json\/wp\/v2\/product_brand?post=733901"},{"taxonomy":"product_cat","embeddable":true,"href":"https:\/\/roveyayinevi.com.tr\/index.php\/wp-json\/wp\/v2\/product_cat?post=733901"},{"taxonomy":"product_tag","embeddable":true,"href":"https:\/\/roveyayinevi.com.tr\/index.php\/wp-json\/wp\/v2\/product_tag?post=733901"}],"curies":[{"name":"wp","href":"https:\/\/api.w.org\/{rel}","templated":true}]}}