{"id":733900,"date":"2025-08-27T22:18:39","date_gmt":"2025-08-27T19:18:39","guid":{"rendered":"https:\/\/roveyayinevi.com.tr\/index.php\/urun\/aslan-ile-fare-ve-diger-masallar\/"},"modified":"2025-11-21T07:11:40","modified_gmt":"2025-11-21T04:11:40","slug":"aslan-ile-fare-ve-diger-masallar","status":"publish","type":"product","link":"https:\/\/roveyayinevi.com.tr\/index.php\/urun\/aslan-ile-fare-ve-diger-masallar\/","title":{"rendered":"Aslan ile Fare ve Di\u011fer Masallar"},"content":{"rendered":"<p>Aslan yard\u0131msever fareyle, kibirli sivrisinekle ve kayg\u0131l\u0131 fille tan\u0131\u015ft\u0131ktan sonra maceradan maceraya ko\u015ftu. Sen de bu maceralara kat\u0131lmak ister misin? Ezop masallar\u0131nda farkl\u0131 hayvan karakterleriyle tan\u0131\u015fabilir ve ya\u015famla ilgili \u00f6nemli dersler alabilirsin. <\/p>\n","protected":false},"excerpt":{"rendered":"<p>Aslan yard\u0131msever fareyle, kibirli sivrisinekle ve kayg\u0131l\u0131 fille tan\u0131\u015ft\u0131ktan sonra maceradan maceraya ko\u015ftu. Sen de bu maceralara kat\u0131lmak ister misin? Ezop masallar\u0131nda farkl\u0131 hayvan karakterleriyle tan\u0131\u015fabilir<span class=\"excerpt-hellip\"> [\u2026]<\/span><\/p>\n","protected":false},"featured_media":0,"template":"","meta":{"_monsterinsights_skip_tracking":false,"_monsterinsights_sitenote_active":false,"_monsterinsights_sitenote_note":"","_monsterinsights_sitenote_category":0},"product_brand":[],"product_cat":[12274,12518],"product_tag":[],"class_list":{"0":"post-733900","1":"product","2":"type-product","3":"status-publish","5":"product_cat-cocuk-ve-genclik-kitaplari","6":"product_cat-okul-oncesi-kitaplar","7":"pa_cilt-ciltsiz","8":"pa_tur-kitap","9":"pa_yayinevi-is-bankasi-kultur-yayinlari","10":"pa_yazar-hannah-cather","12":"first","13":"instock","14":"sale","15":"shipping-taxable","16":"purchasable","17":"product-type-simple"},"_links":{"self":[{"href":"https:\/\/roveyayinevi.com.tr\/index.php\/wp-json\/wp\/v2\/product\/733900","targetHints":{"allow":["GET"]}}],"collection":[{"href":"https:\/\/roveyayinevi.com.tr\/index.php\/wp-json\/wp\/v2\/product"}],"about":[{"href":"https:\/\/roveyayinevi.com.tr\/index.php\/wp-json\/wp\/v2\/types\/product"}],"wp:attachment":[{"href":"https:\/\/roveyayinevi.com.tr\/index.php\/wp-json\/wp\/v2\/media?parent=733900"}],"wp:term":[{"taxonomy":"product_brand","embeddable":true,"href":"https:\/\/roveyayinevi.com.tr\/index.php\/wp-json\/wp\/v2\/product_brand?post=733900"},{"taxonomy":"product_cat","embeddable":true,"href":"https:\/\/roveyayinevi.com.tr\/index.php\/wp-json\/wp\/v2\/product_cat?post=733900"},{"taxonomy":"product_tag","embeddable":true,"href":"https:\/\/roveyayinevi.com.tr\/index.php\/wp-json\/wp\/v2\/product_tag?post=733900"}],"curies":[{"name":"wp","href":"https:\/\/api.w.org\/{rel}","templated":true}]}}