{"id":733899,"date":"2025-08-27T22:18:38","date_gmt":"2025-08-27T19:18:38","guid":{"rendered":"https:\/\/roveyayinevi.com.tr\/index.php\/urun\/siki-dostlar-hic-ayrilmaz\/"},"modified":"2025-11-21T07:11:40","modified_gmt":"2025-11-21T04:11:40","slug":"siki-dostlar-hic-ayrilmaz","status":"publish","type":"product","link":"https:\/\/roveyayinevi.com.tr\/index.php\/urun\/siki-dostlar-hic-ayrilmaz\/","title":{"rendered":"S\u0131k\u0131 Dostlar Hi\u00e7 Ayr\u0131lmaz"},"content":{"rendered":"<p>K\u00fc\u00e7\u00fck ay\u0131 yeni evine ta\u015f\u0131nd\u0131\u011f\u0131nda kendini yaln\u0131z hissetti. Arkada\u015flar\u0131 porsuk, tav\u015fan ve fareyi \u00f6zledi. Annesinin tavsiyesiyle onlara bir mektup yazmaya karar verdi. Postac\u0131y\u0131 beklerken kuvvetli bir r\u00fczg\u00e2r esti ve mektubu g\u00f6ky\u00fcz\u00fcne do\u011fru u\u00e7uruverdi. K\u00fc\u00e7\u00fck ay\u0131 mektubun kayboldu\u011funu d\u00fc\u015f\u00fcn\u00fcrken onu bekleyen b\u00fcy\u00fck s\u00fcrprizden habersizdi. <\/p>\n","protected":false},"excerpt":{"rendered":"<p>K\u00fc\u00e7\u00fck ay\u0131 yeni evine ta\u015f\u0131nd\u0131\u011f\u0131nda kendini yaln\u0131z hissetti. Arkada\u015flar\u0131 porsuk, tav\u015fan ve fareyi \u00f6zledi. Annesinin tavsiyesiyle onlara bir mektup yazmaya karar verdi. Postac\u0131y\u0131 beklerken kuvvetli bir<span class=\"excerpt-hellip\"> [\u2026]<\/span><\/p>\n","protected":false},"featured_media":0,"template":"","meta":{"_monsterinsights_skip_tracking":false,"_monsterinsights_sitenote_active":false,"_monsterinsights_sitenote_note":"","_monsterinsights_sitenote_category":0},"product_brand":[],"product_cat":[12274,12518],"product_tag":[],"class_list":{"0":"post-733899","1":"product","2":"type-product","3":"status-publish","5":"product_cat-cocuk-ve-genclik-kitaplari","6":"product_cat-okul-oncesi-kitaplar","7":"pa_cilt-ciltsiz","8":"pa_tur-kitap","9":"pa_yayinevi-is-bankasi-kultur-yayinlari","10":"pa_yazar-melanie-joyce","12":"first","13":"instock","14":"sale","15":"shipping-taxable","16":"purchasable","17":"product-type-simple"},"_links":{"self":[{"href":"https:\/\/roveyayinevi.com.tr\/index.php\/wp-json\/wp\/v2\/product\/733899","targetHints":{"allow":["GET"]}}],"collection":[{"href":"https:\/\/roveyayinevi.com.tr\/index.php\/wp-json\/wp\/v2\/product"}],"about":[{"href":"https:\/\/roveyayinevi.com.tr\/index.php\/wp-json\/wp\/v2\/types\/product"}],"wp:attachment":[{"href":"https:\/\/roveyayinevi.com.tr\/index.php\/wp-json\/wp\/v2\/media?parent=733899"}],"wp:term":[{"taxonomy":"product_brand","embeddable":true,"href":"https:\/\/roveyayinevi.com.tr\/index.php\/wp-json\/wp\/v2\/product_brand?post=733899"},{"taxonomy":"product_cat","embeddable":true,"href":"https:\/\/roveyayinevi.com.tr\/index.php\/wp-json\/wp\/v2\/product_cat?post=733899"},{"taxonomy":"product_tag","embeddable":true,"href":"https:\/\/roveyayinevi.com.tr\/index.php\/wp-json\/wp\/v2\/product_tag?post=733899"}],"curies":[{"name":"wp","href":"https:\/\/api.w.org\/{rel}","templated":true}]}}