{"id":733892,"date":"2025-08-27T22:18:30","date_gmt":"2025-08-27T19:18:30","guid":{"rendered":"https:\/\/roveyayinevi.com.tr\/index.php\/urun\/super-gazeteciler-5-son-baski\/"},"modified":"2026-04-16T02:41:38","modified_gmt":"2026-04-15T23:41:38","slug":"super-gazeteciler-5-son-baski","status":"publish","type":"product","link":"https:\/\/roveyayinevi.com.tr\/index.php\/urun\/super-gazeteciler-5-son-baski\/","title":{"rendered":"S\u00fcper Gazeteciler 5 &#8211; Son Bask\u0131"},"content":{"rendered":"<p>Yaz\u0131yorrrr&#8230; Yaz\u0131yorrrr&#8230;S\u00fcper Gazetecilerin &#8221;Son Bask\u0131&#8221; heyecan\u0131n\u0131 yaz\u0131yor!\u00c7ocuk edebiyat\u0131nda 30. y\u0131l\u0131n\u0131 kutlayan Ayt\u00fcl Akal&#8217;\u0131n, yay\u0131mland\u0131\u011f\u0131 g\u00fcnden bu yana 500 bini a\u015fk\u0131n okura ula\u015fan &#8221;S\u00fcper Gazeteciler&#8221; serisinin 5. halkas\u0131 Son Bask\u0131, g\u00fcndemin ve g\u00fcncelin nabz\u0131n\u0131 tutuyor, etik de\u011ferler hakk\u0131nda d\u00fc\u015f\u00fcnd\u00fcr\u00fcyor.Kendi \u00e7abalar\u0131yla haz\u0131rlay\u0131p da\u011f\u0131tt\u0131klar\u0131 S\u00fcper Gazete ile epeyce \u00fcnlenen d\u00f6rt kafadar\u0131 bu kez 8. s\u0131n\u0131f s\u0131ralar\u0131nda bulu\u015fturan yazar, takip\u00e7ilerini yine karma\u015f\u0131k olaylar zinciriyle ba\u015f ba\u015fa b\u0131rak\u0131yor.\u0130lk gen\u00e7lik \u00e7a\u011f\u0131ndakilerin bireysel ve toplumsal ba\u011flamda ya\u015fad\u0131klar\u0131 sorunlar\u0131 i\u00e7tenlikle ele alan roman; ba\u015far\u0131 tak\u0131nt\u0131l\u0131 anne babalar\u0131n y\u00fcksek beklentileri kar\u015f\u0131s\u0131nda bask\u0131 hisseden \u00f6\u011frencilerin duygu ve d\u00fc\u015f\u00fcncelerine terc\u00fcman oluyor.  S\u00fcper Gazeteciler Elif, Evren, Selin, Yener art\u0131k 8. s\u0131n\u0131ftad\u0131r ve e\u011fitim hayatlar\u0131na y\u00f6n verecek \u00f6nemli bir s\u0131nav\u0131n e\u015fi\u011findedir. Yo\u011fun ders program\u0131 ve \u00e7\u00f6z\u00fclmesi gereken testler yetmezmi\u015f gibi bir de S\u00fcper Gazete&#8217;yi tekrardan \u00e7\u0131karma fikri eklenir g\u00fcnl\u00fck ko\u015fu\u015fturmalar\u0131na. Ergenli\u011fin getirdi\u011fi ruhsal dalgalanmalarla m\u00fccadele ederken s\u00fcrpriz sorumluluklar y\u00fcklenir omuzlar\u0131na. Tabii hi\u00e7 olmad\u0131k anlarda \u00e7etrefilli sorunlar da \u00e7\u0131kar kar\u015f\u0131lar\u0131na&#8230; Elif&#8217;in uzaklardan gelen halas\u0131, Evren&#8217;in evdeki kasada g\u00f6rd\u00fc\u011f\u00fc test sayfalar\u0131, Selin&#8217;in \u00e7izdi\u011fi resimlerin sergiden birer birer kaybolmas\u0131 ve Yener&#8217;in annesinin son zamanlarda epeyce tuhafla\u015fmas\u0131, d\u00f6rt arkada\u015f\u0131n \u00f6n\u00fcndeki gelece\u011fi belki de s\u0131navdan \u00e7ok daha fazla etkilemek \u00fczeredir. S\u00fcper Gazeteciler i\u00e7in kollar\u0131 s\u0131vama vaktidir! Evde onlar\u0131 bekleyen y\u00fczlerce teste inat, \u00f6nlerinde acilen \u00e7\u00f6z\u00fclmeyi bekleyen b\u00fcy\u00fck bir problem yuma\u011f\u0131 vard\u0131r&#8230; Geleceklerini \u015fekillendirecek bir yol ay\u0131r\u0131m\u0131ndan hemen \u00f6nce, do\u011frular\u0131 hep birlikte bulmak ad\u0131na yeniden tek y\u00fcrek olan S\u00fcper Gazeteciler, &#8221;Son Bask\u0131&#8221;s\u0131n\u0131 yapt\u0131klar\u0131 S\u00fcper Gazete&#8217;de \u00f6ne \u00e7\u0131kan haberler \u00fczerine, \u00e7ocuklar\u0131 d\u00fc\u015f\u00fcnmeye ve tart\u0131\u015fmaya \u00e7a\u011f\u0131r\u0131yor.  Y\u00fcksek temposu ve hi\u00e7 dinmeyen aksiyonu ile son 20 y\u0131l\u0131n en \u00e7ok okunan ve en \u00e7ok tavsiye edilen macera serilerinden biri olan &#8221;S\u00fcper Gazeteciler&#8221; her kitab\u0131nda hayata kar\u015f\u0131 bak\u0131\u015f a\u00e7\u0131lar\u0131m\u0131z\u0131 de\u011fi\u015ftirecek m\u00fchim mevzulara temas ediyor, \u00e7ocuk eliyle d\u00fcnyaya adalet da\u011f\u0131t\u0131yor.<\/p>\n","protected":false},"excerpt":{"rendered":"<p>Yaz\u0131yorrrr&#8230; Yaz\u0131yorrrr&#8230;S\u00fcper Gazetecilerin &#8221;Son Bask\u0131&#8221; heyecan\u0131n\u0131 yaz\u0131yor!\u00c7ocuk edebiyat\u0131nda 30. y\u0131l\u0131n\u0131 kutlayan Ayt\u00fcl Akal&#8217;\u0131n, yay\u0131mland\u0131\u011f\u0131 g\u00fcnden bu yana 500 bini a\u015fk\u0131n okura ula\u015fan &#8221;S\u00fcper Gazeteciler&#8221; serisinin 5.<span class=\"excerpt-hellip\"> [\u2026]<\/span><\/p>\n","protected":false},"featured_media":0,"template":"","meta":{"_monsterinsights_skip_tracking":false,"_monsterinsights_sitenote_active":false,"_monsterinsights_sitenote_note":"","_monsterinsights_sitenote_category":0},"product_brand":[],"product_cat":[12275,12274],"product_tag":[],"class_list":{"0":"post-733892","1":"product","2":"type-product","3":"status-publish","5":"product_cat-6-12-yas-kitaplari","6":"product_cat-cocuk-ve-genclik-kitaplari","7":"pa_cilt-ciltsiz","8":"pa_tur-kitap","9":"pa_yayinevi-tudem-yayinlari","10":"pa_yazar-aytul-akal","12":"first","13":"instock","14":"sale","15":"shipping-taxable","16":"purchasable","17":"product-type-simple"},"_links":{"self":[{"href":"https:\/\/roveyayinevi.com.tr\/index.php\/wp-json\/wp\/v2\/product\/733892","targetHints":{"allow":["GET"]}}],"collection":[{"href":"https:\/\/roveyayinevi.com.tr\/index.php\/wp-json\/wp\/v2\/product"}],"about":[{"href":"https:\/\/roveyayinevi.com.tr\/index.php\/wp-json\/wp\/v2\/types\/product"}],"wp:attachment":[{"href":"https:\/\/roveyayinevi.com.tr\/index.php\/wp-json\/wp\/v2\/media?parent=733892"}],"wp:term":[{"taxonomy":"product_brand","embeddable":true,"href":"https:\/\/roveyayinevi.com.tr\/index.php\/wp-json\/wp\/v2\/product_brand?post=733892"},{"taxonomy":"product_cat","embeddable":true,"href":"https:\/\/roveyayinevi.com.tr\/index.php\/wp-json\/wp\/v2\/product_cat?post=733892"},{"taxonomy":"product_tag","embeddable":true,"href":"https:\/\/roveyayinevi.com.tr\/index.php\/wp-json\/wp\/v2\/product_tag?post=733892"}],"curies":[{"name":"wp","href":"https:\/\/api.w.org\/{rel}","templated":true}]}}