{"id":733891,"date":"2025-08-27T22:18:29","date_gmt":"2025-08-27T19:18:29","guid":{"rendered":"https:\/\/roveyayinevi.com.tr\/index.php\/urun\/erkekler-hayvan-midir\/"},"modified":"2026-04-16T02:41:38","modified_gmt":"2026-04-15T23:41:38","slug":"erkekler-hayvan-midir","status":"publish","type":"product","link":"https:\/\/roveyayinevi.com.tr\/index.php\/urun\/erkekler-hayvan-midir\/","title":{"rendered":"Erkekler Hayvan m\u0131d\u0131r?"},"content":{"rendered":"<p>Kad\u0131n-erkek e\u015fitsizli\u011fini biyoloji de\u011fil k\u00fclt\u00fcr a\u00e7\u0131klar.   Erkekler neden \u201cerkek gibi\u201d davran\u0131rlar? Sebep erkek beyni midir yoksa testosteron dalgalanmalar\u0131 m\u0131? Soyunma odas\u0131ndaki kaba konu\u015fmalar, rekabet ve \u015fiddetten erkeksi s\u00f6ylem ve cinsel tacize kadar toplum, erkek davran\u0131\u015f\u0131n\u0131 biyolojik y\u00f6nden a\u00e7\u0131klamaya yatk\u0131nd\u0131r. Ancak biyoloji yanl\u0131\u015f erkek davran\u0131\u015flar\u0131n\u0131 maskeler. Kad\u0131n-erkek e\u015fitsizli\u011fini biyoloji de\u011fil k\u00fclt\u00fcr a\u00e7\u0131klar. ERKEKLER HAYVAN MIDIR? kitab\u0131nda \u00f6nde gelen antropoloji profes\u00f6r\u00fc Matthew Gutmann, k\u00fcresel bir erkeklik ara\u015ft\u0131rmas\u0131na giri\u015fiyor ve y\u0131rt\u0131c\u0131 erkek davran\u0131\u015flar\u0131n\u0131n nedenlerini a\u00e7\u0131kl\u0131yor. Gutmann, antropolojik hazine sand\u0131\u011f\u0131ndan al\u0131nm\u0131\u015f \u00f6rnekler ve ki\u015fisel anekdotlarla, erkeklerin derinlerde nas\u0131l olduklar\u0131, mant\u0131ksal olarak erkeklerden ne bekleyebilece\u011fimiz ve erkek olarak kendimizden neler beklememiz gerekti\u011fi konusunda g\u00fcnl\u00fck tart\u0131\u015fmalar i\u00e7in i\u00e7g\u00f6r\u00fcler sunuyor. Bu kitap ayn\u0131 zamanda kad\u0131n d\u00fc\u015fmanl\u0131\u011f\u0131 ve erkek \u015fiddeti sorunlar\u0131na d\u00fcnya \u00e7ap\u0131nda verilebilecek k\u00fclt\u00fcrel yan\u0131tlar\u0131 derinlemesine ve ayd\u0131nlat\u0131c\u0131 bir \u015fekilde \u00f6zetliyor. Sadece erkekler i\u00e7in de\u011fil, hepimiz i\u00e7in daha iyi bir ya\u015fama y\u00f6nelik bu rehber, erkekleri sanki zamans\u0131z ve k\u00fclt\u00fcrs\u00fcz bir t\u00fcr olarak tan\u0131mlayan \u201cErkek erkektir!\u201d inan\u0131\u015f\u0131n\u0131 yerle bir ediyor.   \u201cGutmann, erkekli\u011fin basite indirgenmi\u015f kavramlar\u0131n\u0131 yap\u0131bozuma u\u011fratmaktan fazlas\u0131n\u0131 yap\u0131yor ve erkeklik ile insanl\u0131\u011f\u0131n \u00e7at\u0131\u015fmak yerine bir araya geldi\u011fi yeni bir ger\u00e7eklik yarat\u0131yor.\u201d Agust\u00edn Fuentes, Antropoloji Profes\u00f6r\u00fc, Notre Dame \u00dcniversitesi Edmund P. Joyce C.S.C.   \u201cErkekler hayvan m\u0131d\u0131r? Evet, ama hepimiz \u00f6yleyiz. Peki bu erkek davran\u0131\u015f\u0131n\u0131 ne kadar a\u00e7\u0131klar? Gutmann\u2019a g\u00f6re, toplumsal ve k\u00fclt\u00fcrel fakt\u00f6rlerin erkek cinselli\u011fi ve sald\u0131rganl\u0131\u011f\u0131ndaki bask\u0131n rol\u00fcyle kar\u015f\u0131la\u015ft\u0131r\u0131ld\u0131\u011f\u0131nda \u00e7ok da fazla de\u011fil.\u201d Sherry Ortner, Antropoloji Profes\u00f6r\u00fc, UCLA <\/p>\n","protected":false},"excerpt":{"rendered":"<p>Kad\u0131n-erkek e\u015fitsizli\u011fini biyoloji de\u011fil k\u00fclt\u00fcr a\u00e7\u0131klar. Erkekler neden \u201cerkek gibi\u201d davran\u0131rlar? Sebep erkek beyni midir yoksa testosteron dalgalanmalar\u0131 m\u0131? Soyunma odas\u0131ndaki kaba konu\u015fmalar, rekabet ve \u015fiddetten<span class=\"excerpt-hellip\"> [\u2026]<\/span><\/p>\n","protected":false},"featured_media":0,"template":"","meta":{"_monsterinsights_skip_tracking":false,"_monsterinsights_sitenote_active":false,"_monsterinsights_sitenote_note":"","_monsterinsights_sitenote_category":0},"product_brand":[],"product_cat":[26396,13488],"product_tag":[],"class_list":{"0":"post-733891","1":"product","2":"type-product","3":"status-publish","5":"product_cat-kadin-erkek-iliskileri","6":"product_cat-toplum-ve-insan","7":"pa_cilt-ciltsiz","8":"pa_tur-kitap","9":"pa_yayinevi-beyaz-baykus-yayinlari","10":"pa_yazar-matthew-gutmann","12":"first","13":"instock","14":"sale","15":"shipping-taxable","16":"purchasable","17":"product-type-simple"},"_links":{"self":[{"href":"https:\/\/roveyayinevi.com.tr\/index.php\/wp-json\/wp\/v2\/product\/733891","targetHints":{"allow":["GET"]}}],"collection":[{"href":"https:\/\/roveyayinevi.com.tr\/index.php\/wp-json\/wp\/v2\/product"}],"about":[{"href":"https:\/\/roveyayinevi.com.tr\/index.php\/wp-json\/wp\/v2\/types\/product"}],"wp:attachment":[{"href":"https:\/\/roveyayinevi.com.tr\/index.php\/wp-json\/wp\/v2\/media?parent=733891"}],"wp:term":[{"taxonomy":"product_brand","embeddable":true,"href":"https:\/\/roveyayinevi.com.tr\/index.php\/wp-json\/wp\/v2\/product_brand?post=733891"},{"taxonomy":"product_cat","embeddable":true,"href":"https:\/\/roveyayinevi.com.tr\/index.php\/wp-json\/wp\/v2\/product_cat?post=733891"},{"taxonomy":"product_tag","embeddable":true,"href":"https:\/\/roveyayinevi.com.tr\/index.php\/wp-json\/wp\/v2\/product_tag?post=733891"}],"curies":[{"name":"wp","href":"https:\/\/api.w.org\/{rel}","templated":true}]}}