{"id":733889,"date":"2025-08-27T22:18:27","date_gmt":"2025-08-27T19:18:27","guid":{"rendered":"https:\/\/roveyayinevi.com.tr\/index.php\/urun\/atlas-set-2-kitap-takim\/"},"modified":"2026-04-16T02:41:38","modified_gmt":"2026-04-15T23:41:38","slug":"atlas-set-2-kitap-takim","status":"publish","type":"product","link":"https:\/\/roveyayinevi.com.tr\/index.php\/urun\/atlas-set-2-kitap-takim\/","title":{"rendered":"Atlas Set (2 Kitap Tak\u0131m)"},"content":{"rendered":"<p>Aleksandra Mizielinska Kitap \u00c7ocuk ve Gen\u00e7lik Okul \u00c7a\u011f\u0131 6-10 Ya\u015f Domingo Yay\u0131nlar\u0131 Atlas Set &#8211; K\u0131talar -Denizler &#8211; K\u00fclt\u00fcrler Aras\u0131 Yolculuk Rehberi<\/p>\n","protected":false},"excerpt":{"rendered":"<p>Aleksandra Mizielinska Kitap \u00c7ocuk ve Gen\u00e7lik Okul \u00c7a\u011f\u0131 6-10 Ya\u015f Domingo Yay\u0131nlar\u0131 Atlas Set &#8211; K\u0131talar -Denizler &#8211; K\u00fclt\u00fcrler Aras\u0131 Yolculuk Rehberi<\/p>\n","protected":false},"featured_media":0,"template":"","meta":{"_monsterinsights_skip_tracking":false,"_monsterinsights_sitenote_active":false,"_monsterinsights_sitenote_note":"","_monsterinsights_sitenote_category":0},"product_brand":[],"product_cat":[13829,12274],"product_tag":[],"class_list":{"0":"post-733889","1":"product","2":"type-product","3":"status-publish","5":"product_cat-bilimsel-kitaplar","6":"product_cat-cocuk-ve-genclik-kitaplari","7":"pa_cilt-set","8":"pa_tur-kitap","9":"pa_yayinevi-domingo-yayinevi","10":"pa_yazar-aleksandra-mizielinska-daniel-mizielinski","12":"first","13":"instock","14":"sale","15":"shipping-taxable","16":"purchasable","17":"product-type-simple"},"_links":{"self":[{"href":"https:\/\/roveyayinevi.com.tr\/index.php\/wp-json\/wp\/v2\/product\/733889","targetHints":{"allow":["GET"]}}],"collection":[{"href":"https:\/\/roveyayinevi.com.tr\/index.php\/wp-json\/wp\/v2\/product"}],"about":[{"href":"https:\/\/roveyayinevi.com.tr\/index.php\/wp-json\/wp\/v2\/types\/product"}],"wp:attachment":[{"href":"https:\/\/roveyayinevi.com.tr\/index.php\/wp-json\/wp\/v2\/media?parent=733889"}],"wp:term":[{"taxonomy":"product_brand","embeddable":true,"href":"https:\/\/roveyayinevi.com.tr\/index.php\/wp-json\/wp\/v2\/product_brand?post=733889"},{"taxonomy":"product_cat","embeddable":true,"href":"https:\/\/roveyayinevi.com.tr\/index.php\/wp-json\/wp\/v2\/product_cat?post=733889"},{"taxonomy":"product_tag","embeddable":true,"href":"https:\/\/roveyayinevi.com.tr\/index.php\/wp-json\/wp\/v2\/product_tag?post=733889"}],"curies":[{"name":"wp","href":"https:\/\/api.w.org\/{rel}","templated":true}]}}