{"id":733886,"date":"2025-08-27T22:18:25","date_gmt":"2025-08-27T19:18:25","guid":{"rendered":"https:\/\/roveyayinevi.com.tr\/index.php\/urun\/resimleri-okumak\/"},"modified":"2026-04-16T02:41:38","modified_gmt":"2026-04-15T23:41:38","slug":"resimleri-okumak","status":"publish","type":"product","link":"https:\/\/roveyayinevi.com.tr\/index.php\/urun\/resimleri-okumak\/","title":{"rendered":"Resimleri Okumak"},"content":{"rendered":"<p>\u00dclkemizde \u00f6zellikle okuman\u0131n k\u00fclt\u00fcr\u00fc ve tarihine dair kitaplar\u0131yla tan\u0131n\u0131p sevilen Alberto Manguel yine son derece ayd\u0131nlat\u0131c\u0131 ve keyifli bir \u00e7al\u0131\u015fmayla kar\u015f\u0131m\u0131zda. Ama bu sefer, d\u00f6rt bir yan\u0131m\u0131z\u0131 saran g\u00f6rsel d\u00fcnyay\u0131 ve bu d\u00fcnyay\u0131 okuma tarz\u0131m\u0131z\u0131 konu alan bir eserle. Sanat hakk\u0131nda konu\u015furken kullan\u0131lan dil son zamanlarda gitgide karma\u015f\u0131kla\u015ft\u0131. Genellikle yaln\u0131zca sanat\u00e7\u0131lar\u0131n ve uzmanlar\u0131n anlayabilece\u011fi bir jargonla doldu. \u00d6te yandan, bug\u00fcn, kaleydoskopu and\u0131ran ve g\u00fcndelik hayat\u0131m\u0131z\u0131 ku\u015fatan yepyeni bir g\u00f6rsellik \u00e2leminde ya\u015f\u0131yoruz. Ama bu yo\u011fun g\u00f6rselli\u011fin nas\u0131l yorumlanaca\u011f\u0131 meselesinde bize yol g\u00f6sterecek ipu\u00e7lar\u0131na ihtiyac\u0131m\u0131z var. Foto\u011fraflardan resimlere, binalardan heykellere, ola\u011fan\u00fcst\u00fc nitelikteki \u00e7e\u015fitli imgeleri mercek alt\u0131na alan Manguel, her imgenin bir hik\u00e2ye sundu\u011funu anlat\u0131yor. Resimleri Okumak: Sanata Bakt\u0131\u011f\u0131m\u0131zda D\u00fc\u015f\u00fcnd\u00fcklerimiz, esasen sanat tarihi ve teorisi de\u011fil, hik\u00e2yelerin hayret verici incelikleri hakk\u0131nda bir kitap. Arma\u011fan Ekici\u2019nin usta i\u015fi \u00e7evirisiyle. \u201c\u0130nsan\u0131 meftun edecek \u00e7ok \u015fey var bu kitapta, s\u0131rf fikirlerin kapsam\u0131 bile ufuk a\u00e7\u0131yor\u2026 Bu sene okuyaca\u011f\u0131n\u0131z en ho\u015f kitaplardan biri olabilir.\u201d The Independent<\/p>\n","protected":false},"excerpt":{"rendered":"<p>\u00dclkemizde \u00f6zellikle okuman\u0131n k\u00fclt\u00fcr\u00fc ve tarihine dair kitaplar\u0131yla tan\u0131n\u0131p sevilen Alberto Manguel yine son derece ayd\u0131nlat\u0131c\u0131 ve keyifli bir \u00e7al\u0131\u015fmayla kar\u015f\u0131m\u0131zda. Ama bu sefer, d\u00f6rt bir<span class=\"excerpt-hellip\"> [\u2026]<\/span><\/p>\n","protected":false},"featured_media":0,"template":"","meta":{"_monsterinsights_skip_tracking":false,"_monsterinsights_sitenote_active":false,"_monsterinsights_sitenote_note":"","_monsterinsights_sitenote_category":0},"product_brand":[],"product_cat":[12409,12408],"product_tag":[],"class_list":{"0":"post-733886","1":"product","2":"type-product","3":"status-publish","5":"product_cat-fotograf-sinema-tiyatro","6":"product_cat-sanat","7":"pa_cilt-ciltsiz","8":"pa_tur-kitap","9":"pa_yayinevi-kirmizi-kedi-yayinevi","10":"pa_yazar-alberto-manguel","12":"first","13":"instock","14":"sale","15":"shipping-taxable","16":"purchasable","17":"product-type-simple"},"_links":{"self":[{"href":"https:\/\/roveyayinevi.com.tr\/index.php\/wp-json\/wp\/v2\/product\/733886","targetHints":{"allow":["GET"]}}],"collection":[{"href":"https:\/\/roveyayinevi.com.tr\/index.php\/wp-json\/wp\/v2\/product"}],"about":[{"href":"https:\/\/roveyayinevi.com.tr\/index.php\/wp-json\/wp\/v2\/types\/product"}],"wp:attachment":[{"href":"https:\/\/roveyayinevi.com.tr\/index.php\/wp-json\/wp\/v2\/media?parent=733886"}],"wp:term":[{"taxonomy":"product_brand","embeddable":true,"href":"https:\/\/roveyayinevi.com.tr\/index.php\/wp-json\/wp\/v2\/product_brand?post=733886"},{"taxonomy":"product_cat","embeddable":true,"href":"https:\/\/roveyayinevi.com.tr\/index.php\/wp-json\/wp\/v2\/product_cat?post=733886"},{"taxonomy":"product_tag","embeddable":true,"href":"https:\/\/roveyayinevi.com.tr\/index.php\/wp-json\/wp\/v2\/product_tag?post=733886"}],"curies":[{"name":"wp","href":"https:\/\/api.w.org\/{rel}","templated":true}]}}