{"id":733885,"date":"2025-08-27T22:18:23","date_gmt":"2025-08-27T19:18:23","guid":{"rendered":"https:\/\/roveyayinevi.com.tr\/index.php\/urun\/guzelork\/"},"modified":"2026-04-16T02:41:38","modified_gmt":"2026-04-15T23:41:38","slug":"guzelork","status":"publish","type":"product","link":"https:\/\/roveyayinevi.com.tr\/index.php\/urun\/guzelork\/","title":{"rendered":"G\u00fczelork"},"content":{"rendered":"<p>Buraya pek de yak\u0131n olmayan orklar\u0131n ya\u015fad\u0131\u011f\u0131 Orkideya \u015fehrinde, belediye ba\u015fkan\u0131 Orkeste heyecanla \u00e7ok yak\u0131nda do\u011facak ilk o\u011flunu bekliyor! Onu \u015fimdiden g\u00f6z\u00fcn\u00fcn \u00f6n\u00fcne getiriyor: Babas\u0131n\u0131n gururu, \u00e7irkinler \u00e7irkini bir o\u011ful. Ve beklenen an geliyor. Peki ama bu melek y\u00fczl\u00fc sar\u0131\u015f\u0131n ork da kim?Ne b\u00fcy\u00fck bir talihsizlik! Uzun zamand\u0131r beklenen k\u00fc\u00e7\u00fck ork fena halde g\u00fczel ve korkun\u00e7 derecede tatl\u0131. \u00dcstelik ne sivri di\u015fleri var ne e\u011fri burnu ne de si\u011filleri. G\u00fczelork\u2019un, orklar d\u00fcnyas\u0131nda kendi yolunu bulabilmek i\u00e7in kim bilir neler yapmas\u0131 gerekecek! Ama belki de onu oldu\u011fu gibi kabul etmeye haz\u0131r birileri vard\u0131r. <\/p>\n","protected":false},"excerpt":{"rendered":"<p>Buraya pek de yak\u0131n olmayan orklar\u0131n ya\u015fad\u0131\u011f\u0131 Orkideya \u015fehrinde, belediye ba\u015fkan\u0131 Orkeste heyecanla \u00e7ok yak\u0131nda do\u011facak ilk o\u011flunu bekliyor! Onu \u015fimdiden g\u00f6z\u00fcn\u00fcn \u00f6n\u00fcne getiriyor: Babas\u0131n\u0131n gururu,<span class=\"excerpt-hellip\"> [\u2026]<\/span><\/p>\n","protected":false},"featured_media":0,"template":"","meta":{"_monsterinsights_skip_tracking":false,"_monsterinsights_sitenote_active":false,"_monsterinsights_sitenote_note":"","_monsterinsights_sitenote_category":0},"product_brand":[],"product_cat":[12275,12274],"product_tag":[],"class_list":{"0":"post-733885","1":"product","2":"type-product","3":"status-publish","5":"product_cat-6-12-yas-kitaplari","6":"product_cat-cocuk-ve-genclik-kitaplari","7":"pa_cilt-ciltsiz","8":"pa_tur-kitap","9":"pa_yayinevi-cinar-yayinlari","10":"pa_yazar-fabrizio-silei","12":"first","13":"instock","14":"sale","15":"shipping-taxable","16":"purchasable","17":"product-type-simple"},"_links":{"self":[{"href":"https:\/\/roveyayinevi.com.tr\/index.php\/wp-json\/wp\/v2\/product\/733885","targetHints":{"allow":["GET"]}}],"collection":[{"href":"https:\/\/roveyayinevi.com.tr\/index.php\/wp-json\/wp\/v2\/product"}],"about":[{"href":"https:\/\/roveyayinevi.com.tr\/index.php\/wp-json\/wp\/v2\/types\/product"}],"wp:attachment":[{"href":"https:\/\/roveyayinevi.com.tr\/index.php\/wp-json\/wp\/v2\/media?parent=733885"}],"wp:term":[{"taxonomy":"product_brand","embeddable":true,"href":"https:\/\/roveyayinevi.com.tr\/index.php\/wp-json\/wp\/v2\/product_brand?post=733885"},{"taxonomy":"product_cat","embeddable":true,"href":"https:\/\/roveyayinevi.com.tr\/index.php\/wp-json\/wp\/v2\/product_cat?post=733885"},{"taxonomy":"product_tag","embeddable":true,"href":"https:\/\/roveyayinevi.com.tr\/index.php\/wp-json\/wp\/v2\/product_tag?post=733885"}],"curies":[{"name":"wp","href":"https:\/\/api.w.org\/{rel}","templated":true}]}}