{"id":733881,"date":"2025-08-27T22:18:20","date_gmt":"2025-08-27T19:18:20","guid":{"rendered":"https:\/\/roveyayinevi.com.tr\/index.php\/urun\/spartalilarin-devleti-atinalilarin-devleti\/"},"modified":"2026-04-16T02:41:38","modified_gmt":"2026-04-15T23:41:38","slug":"spartalilarin-devleti-atinalilarin-devleti","status":"publish","type":"product","link":"https:\/\/roveyayinevi.com.tr\/index.php\/urun\/spartalilarin-devleti-atinalilarin-devleti\/","title":{"rendered":"Spartal\u0131lar\u0131n Devleti &#8211; Atinal\u0131lar\u0131n Devleti"},"content":{"rendered":"<p>Kendisi Atinal\u0131 olmas\u0131na ra\u011fmen, Spartal\u0131lara ve onlar\u0131n geleneklerine b\u00fcy\u00fck bir hayranl\u0131k duyan Ksenophon, Spartal\u0131lar\u0131n Devleti eserinde, Lykourgos\u2019u ve onun Sparta\u2019da kurmu\u015f oldu\u011fu sistemi anlat\u0131r ve hayranl\u0131\u011f\u0131n\u0131 dile getirir. Sparta\u2019n\u0131n asker\u00ee ba\u015far\u0131s\u0131n\u0131n tesad\u00fcf olmad\u0131\u011f\u0131n\u0131, \u00e7ocukluk d\u00f6nemlerinden ya\u015fl\u0131l\u0131k d\u00f6nemlerine kadar t\u00fcm vatanda\u015flar\u0131n nas\u0131l bir disiplinle e\u011fitilmi\u015f olduklar\u0131n\u0131 aktararak vurgulamaya \u00e7al\u0131\u015f\u0131r. Atinal\u0131lar\u0131n Devleti eseri ise Atina demokrasisinin genel bir \u00e7er\u00e7evesini \u00e7izmeye \u00e7al\u0131\u015f\u0131r. Ksenophon\u2019a atfedilmi\u015f olmas\u0131na ra\u011fmen, \u00fcslubu bak\u0131m\u0131ndan ba\u015fka bir yazar taraf\u0131ndan kaleme al\u0131nm\u0131\u015f oldu\u011fu kabul edilir ve bu nedenle yazar\u0131n ad\u0131 Pseudo-Ksenophon ad\u0131yla an\u0131l\u0131r. Yazar, eserin ba\u015f\u0131nda Atina\u2019n\u0131n kurmu\u015f oldu\u011fu y\u00f6netim sistemini ele\u015ftirir, ancak devam\u0131nda bu sistemin iyi y\u00f6nlerini anlataca\u011f\u0131n\u0131 aktar\u0131r.<\/p>\n","protected":false},"excerpt":{"rendered":"<p>Kendisi Atinal\u0131 olmas\u0131na ra\u011fmen, Spartal\u0131lara ve onlar\u0131n geleneklerine b\u00fcy\u00fck bir hayranl\u0131k duyan Ksenophon, Spartal\u0131lar\u0131n Devleti eserinde, Lykourgos\u2019u ve onun Sparta\u2019da kurmu\u015f oldu\u011fu sistemi anlat\u0131r ve hayranl\u0131\u011f\u0131n\u0131<span class=\"excerpt-hellip\"> [\u2026]<\/span><\/p>\n","protected":false},"featured_media":0,"template":"","meta":{"_monsterinsights_skip_tracking":false,"_monsterinsights_sitenote_active":false,"_monsterinsights_sitenote_note":"","_monsterinsights_sitenote_category":0},"product_brand":[],"product_cat":[12388,14717],"product_tag":[],"class_list":{"0":"post-733881","1":"product","2":"type-product","3":"status-publish","5":"product_cat-felsefe","6":"product_cat-felsefe-tarihi","7":"pa_cilt-ciltsiz","8":"pa_tur-kitap","9":"pa_yayinevi-pinhan-yayincilik","10":"pa_yazar-ksenophon","12":"first","13":"instock","14":"sale","15":"shipping-taxable","16":"purchasable","17":"product-type-simple"},"_links":{"self":[{"href":"https:\/\/roveyayinevi.com.tr\/index.php\/wp-json\/wp\/v2\/product\/733881","targetHints":{"allow":["GET"]}}],"collection":[{"href":"https:\/\/roveyayinevi.com.tr\/index.php\/wp-json\/wp\/v2\/product"}],"about":[{"href":"https:\/\/roveyayinevi.com.tr\/index.php\/wp-json\/wp\/v2\/types\/product"}],"wp:attachment":[{"href":"https:\/\/roveyayinevi.com.tr\/index.php\/wp-json\/wp\/v2\/media?parent=733881"}],"wp:term":[{"taxonomy":"product_brand","embeddable":true,"href":"https:\/\/roveyayinevi.com.tr\/index.php\/wp-json\/wp\/v2\/product_brand?post=733881"},{"taxonomy":"product_cat","embeddable":true,"href":"https:\/\/roveyayinevi.com.tr\/index.php\/wp-json\/wp\/v2\/product_cat?post=733881"},{"taxonomy":"product_tag","embeddable":true,"href":"https:\/\/roveyayinevi.com.tr\/index.php\/wp-json\/wp\/v2\/product_tag?post=733881"}],"curies":[{"name":"wp","href":"https:\/\/api.w.org\/{rel}","templated":true}]}}