{"id":733879,"date":"2025-08-27T22:18:18","date_gmt":"2025-08-27T19:18:18","guid":{"rendered":"https:\/\/roveyayinevi.com.tr\/index.php\/urun\/sizi-uyutabilirim\/"},"modified":"2026-04-16T02:41:38","modified_gmt":"2026-04-15T23:41:38","slug":"sizi-uyutabilirim","status":"publish","type":"product","link":"https:\/\/roveyayinevi.com.tr\/index.php\/urun\/sizi-uyutabilirim\/","title":{"rendered":"Sizi Uyutabilirim"},"content":{"rendered":"<p>UYKU, UYKUSUZLUK VE R\u00dcYALARA DA\u0130R MERAK ETT\u0130\u011e\u0130N\u0130Z T\u00dcM SORULARIN CEVAPLARINI BU K\u0130TAPTA BULACAKSINIZ.   V\u00fccudumuz uyku saatinin geldi\u011fini nereden biliyor?Erken kalkan ve ge\u00e7 yatan insanlar\u0131n ki\u015filik \u00f6zellikleri neler?Az uyumak antikor seviyesini nas\u0131l d\u00fc\u015f\u00fcr\u00fcyor?D\u00f6rt saatten az uyku COVID-19\u2019u nas\u0131l tetikliyor?Uyuyan g\u00fczel hastal\u0131\u011f\u0131n\u0131n belirtileri nelerdir?Uykuda konu\u015fma ve y\u00fcr\u00fcme neden olur?R\u00fcyalar\u0131 unutmak hastal\u0131k habercisi olabilir mi?Anne karn\u0131ndaki bebek r\u00fcya g\u00f6r\u00fcr m\u00fc?Sa\u011fl\u0131kl\u0131 bir uyku i\u00e7in mindfulness neden \u00f6nemli?Yeterince uyumazsan\u0131z hangi hastal\u0131klar sizi bulabilir?   Do\u00e7. Dr. Nejat Alt\u0131nta\u015f uykuya dair merak ettiklerinizi, uzun s\u00fcredir uykusuzluk k\u00e2busu ya\u015fayanlar\u0131 ve uykusuzlu\u011fun en iyi ilac\u0131 mindfulness y\u00f6ntemini Sizi Uyutabilirim kitab\u0131nda anlat\u0131yor. Hamileler, bebekler, gen\u00e7ler, yeti\u015fkinler ve ya\u015fl\u0131lar bu kitap sayesinde sa\u011fl\u0131kl\u0131 uykuyla tan\u0131\u015facaklar. <\/p>\n","protected":false},"excerpt":{"rendered":"<p>UYKU, UYKUSUZLUK VE R\u00dcYALARA DA\u0130R MERAK ETT\u0130\u011e\u0130N\u0130Z T\u00dcM SORULARIN CEVAPLARINI BU K\u0130TAPTA BULACAKSINIZ. V\u00fccudumuz uyku saatinin geldi\u011fini nereden biliyor?Erken kalkan ve ge\u00e7 yatan insanlar\u0131n ki\u015filik \u00f6zellikleri<span class=\"excerpt-hellip\"> [\u2026]<\/span><\/p>\n","protected":false},"featured_media":0,"template":"","meta":{"_monsterinsights_skip_tracking":false,"_monsterinsights_sitenote_active":false,"_monsterinsights_sitenote_note":"","_monsterinsights_sitenote_category":0},"product_brand":[],"product_cat":[20313,13365],"product_tag":[],"class_list":{"0":"post-733879","1":"product","2":"type-product","3":"status-publish","5":"product_cat-basvuru-kitaplari-saglik","6":"product_cat-saglik","7":"pa_cilt-ciltsiz","8":"pa_tur-kitap","9":"pa_yayinevi-nemesis-kitap","10":"pa_yazar-nejat-altintas","12":"first","13":"instock","14":"sale","15":"shipping-taxable","16":"purchasable","17":"product-type-simple"},"_links":{"self":[{"href":"https:\/\/roveyayinevi.com.tr\/index.php\/wp-json\/wp\/v2\/product\/733879","targetHints":{"allow":["GET"]}}],"collection":[{"href":"https:\/\/roveyayinevi.com.tr\/index.php\/wp-json\/wp\/v2\/product"}],"about":[{"href":"https:\/\/roveyayinevi.com.tr\/index.php\/wp-json\/wp\/v2\/types\/product"}],"wp:attachment":[{"href":"https:\/\/roveyayinevi.com.tr\/index.php\/wp-json\/wp\/v2\/media?parent=733879"}],"wp:term":[{"taxonomy":"product_brand","embeddable":true,"href":"https:\/\/roveyayinevi.com.tr\/index.php\/wp-json\/wp\/v2\/product_brand?post=733879"},{"taxonomy":"product_cat","embeddable":true,"href":"https:\/\/roveyayinevi.com.tr\/index.php\/wp-json\/wp\/v2\/product_cat?post=733879"},{"taxonomy":"product_tag","embeddable":true,"href":"https:\/\/roveyayinevi.com.tr\/index.php\/wp-json\/wp\/v2\/product_tag?post=733879"}],"curies":[{"name":"wp","href":"https:\/\/api.w.org\/{rel}","templated":true}]}}