{"id":733872,"date":"2025-08-27T22:18:10","date_gmt":"2025-08-27T19:18:10","guid":{"rendered":"https:\/\/roveyayinevi.com.tr\/index.php\/urun\/kaptan-pis-fred\/"},"modified":"2026-04-16T02:41:38","modified_gmt":"2026-04-15T23:41:38","slug":"kaptan-pis-fred","status":"publish","type":"product","link":"https:\/\/roveyayinevi.com.tr\/index.php\/urun\/kaptan-pis-fred\/","title":{"rendered":"Kaptan Pis Fred"},"content":{"rendered":"<p>Kaptan Pis Fred efsanesi T\u00fcrk\u00e7ede!   \u00c7e\u015fitli dillere \u00e7evrilen,  \u00e7izgi romana ve sahneye uyarlanan Kaptan Pis Fred ile tayfas\u0131n\u0131n esrarengiz maceras\u0131na e\u015flik edin. Bu gemide s\u0131rt\u0131n\u0131zdan b\u0131\u00e7aklanabilir, hayaletlerle kar\u015f\u0131la\u015fabilir veya bir gece ans\u0131z\u0131n Kaptan Fred\u2019e rastlayabilirsiniz.   A\u011fz\u0131kulaklar\u0131nda Jimmy\u2019nin s\u0131r dolu mektuplar\u0131 bir sonuca ula\u015facak m\u0131? Mutluluk Adalar\u0131\u2019n\u0131n ger\u00e7ek h\u00fck\u00fcmdar\u0131 kim? Bay Irving yeralt\u0131 d\u00fcnyas\u0131n\u0131n i\u00e7ine girebilecek mi? T\u00fcm yan\u0131tlar, d\u00e2hiyane bi\u00e7imde \u00f6r\u00fclm\u00fc\u015f hik\u00e2yenin i\u00e7inde gizli.   Eserleri Macaristan s\u0131n\u0131rlar\u0131n\u0131 a\u015fan Jen\u0151 Rejt\u0151, Kaptan Pis Fred ile okurlar\u0131n\u0131 okyanusun b\u00fcy\u00fcl\u00fc d\u00fcnyas\u0131na davet ediyor. <\/p>\n","protected":false},"excerpt":{"rendered":"<p>Kaptan Pis Fred efsanesi T\u00fcrk\u00e7ede! \u00c7e\u015fitli dillere \u00e7evrilen, \u00e7izgi romana ve sahneye uyarlanan Kaptan Pis Fred ile tayfas\u0131n\u0131n esrarengiz maceras\u0131na e\u015flik edin. Bu gemide s\u0131rt\u0131n\u0131zdan b\u0131\u00e7aklanabilir,<span class=\"excerpt-hellip\"> [\u2026]<\/span><\/p>\n","protected":false},"featured_media":0,"template":"","meta":{"_monsterinsights_skip_tracking":false,"_monsterinsights_sitenote_active":false,"_monsterinsights_sitenote_note":"","_monsterinsights_sitenote_category":0},"product_brand":[],"product_cat":[12291,12711],"product_tag":[],"class_list":{"0":"post-733872","1":"product","2":"type-product","3":"status-publish","5":"product_cat-edebiyat","6":"product_cat-roman-oyku","7":"pa_cilt-ciltsiz","8":"pa_tur-kitap","9":"pa_yayinevi-yeni-insan-yayinlari","10":"pa_yazar-jeno-rejto","12":"first","13":"instock","14":"sale","15":"shipping-taxable","16":"purchasable","17":"product-type-simple"},"_links":{"self":[{"href":"https:\/\/roveyayinevi.com.tr\/index.php\/wp-json\/wp\/v2\/product\/733872","targetHints":{"allow":["GET"]}}],"collection":[{"href":"https:\/\/roveyayinevi.com.tr\/index.php\/wp-json\/wp\/v2\/product"}],"about":[{"href":"https:\/\/roveyayinevi.com.tr\/index.php\/wp-json\/wp\/v2\/types\/product"}],"wp:attachment":[{"href":"https:\/\/roveyayinevi.com.tr\/index.php\/wp-json\/wp\/v2\/media?parent=733872"}],"wp:term":[{"taxonomy":"product_brand","embeddable":true,"href":"https:\/\/roveyayinevi.com.tr\/index.php\/wp-json\/wp\/v2\/product_brand?post=733872"},{"taxonomy":"product_cat","embeddable":true,"href":"https:\/\/roveyayinevi.com.tr\/index.php\/wp-json\/wp\/v2\/product_cat?post=733872"},{"taxonomy":"product_tag","embeddable":true,"href":"https:\/\/roveyayinevi.com.tr\/index.php\/wp-json\/wp\/v2\/product_tag?post=733872"}],"curies":[{"name":"wp","href":"https:\/\/api.w.org\/{rel}","templated":true}]}}